{"id":9117,"date":"2025-10-11T12:48:19","date_gmt":"2025-10-11T10:48:19","guid":{"rendered":"https:\/\/www.ngdcare.nl\/product\/unkategorisiert\/gw-eco-hundespielzeug-olive-der-oktopus\/"},"modified":"2026-04-04T22:26:29","modified_gmt":"2026-04-04T20:26:29","slug":"gw-eco-hundespielzeug-olive-der-oktopus","status":"publish","type":"product","link":"https:\/\/www.ngdcare.nl\/de\/product\/zoohandlung\/hund\/bereicherung-und-spas\/nachhaltiges-spielzeug\/gw-eco-hundespielzeug-olive-der-oktopus\/","title":{"rendered":"Green &amp; Wilds Olive der Oktopus"},"content":{"rendered":"<p data-start=\"0\" data-end=\"239\"><strong data-start=\"0\" data-end=\"33\">Green &amp; Wilds (G&amp;W) ECO HUNDESPIELZEUG \u2013 Olive the Octopus<\/strong> ist ein nachhaltiges und verspieltes Hundespielzeug, das aus nat\u00fcrlichen, erneuerbaren und recycelbaren Materialien hergestellt wird. Es ist sicher, umweltfreundlich und so konzipiert, dass es endlosen Spa\u00df zwischen Ihnen und Ihrem Hund bietet. <\/p>\n<p data-start=\"241\" data-end=\"405\">Olive enth\u00e4lt eine recycelte Crinkle-Flasche f\u00fcr zus\u00e4tzlichen Klang und Spa\u00df. Diese k\u00f6nnen durch Snacks ersetzt werden, um das Spielzeug noch attraktiver zu machen.<\/p>\n<p data-start=\"407\" data-end=\"685\">Das Spielzeug besteht aus nachhaltigen Jutefasern \u2013 einer nat\u00fcrlichen Pflanzenfaser \u2013 und ist mit weichem Wildleder \u00fcberzogen. Es ist robust, sicher und frei von Schadstoffen oder Chemikalien. Das Wildleder ist ein Nebenprodukt der Lederindustrie, so dass kein Material verloren geht.<\/p>\n<p data-start=\"687\" data-end=\"719\"><strong data-start=\"687\" data-end=\"702\">Ma\u00dfe:<\/strong> 40 \u00d7 13 \u00d7 5 cm<\/p>\n<p data-start=\"721\" data-end=\"738\"><strong data-start=\"721\" data-end=\"736\">Wichtig:<\/strong><\/p>\n<ul data-start=\"739\" data-end=\"1012\">\n<li data-start=\"739\" data-end=\"793\">\n<p data-start=\"741\" data-end=\"793\">Nur als Spielzeug gedacht, nicht als Lebensmittel.<\/p>\n<\/li>\n<li data-start=\"794\" data-end=\"844\">\n<p data-start=\"796\" data-end=\"844\">Lassen Sie Ihren Hund immer unter Aufsicht spielen.<\/p>\n<\/li>\n<li data-start=\"845\" data-end=\"933\">\n<p data-start=\"847\" data-end=\"933\">Entfernen Sie das Spielzeug, wenn Ihr Hund versucht, St\u00fccke abzubei\u00dfen oder zu schlucken.<\/p>\n<\/li>\n<li data-start=\"934\" data-end=\"968\">\n<p data-start=\"936\" data-end=\"968\">Nicht f\u00fcr die Maschinenw\u00e4sche geeignet.<\/p>\n<\/li>\n<li data-start=\"969\" data-end=\"1012\">\n<p data-start=\"971\" data-end=\"1012\">Kein Spielzeug ist unzerst\u00f6rbar.<\/p>\n<\/li>\n<\/ul>\n","protected":false},"excerpt":{"rendered":"<p><strong>Olive the Octopus<\/strong> ist ein robustes und langlebiges Hundespielzeug aus Jute und Wildleder mit einer recycelten Knisterflasche f\u00fcr zus\u00e4tzlichen Spa\u00df. Umweltfreundlich, sicher und unwiderstehlich lustig f\u00fcr jeden Hund. <\/p>\n","protected":false},"featured_media":9347,"comment_status":"open","ping_status":"closed","template":"","meta":[],"product_brand":[],"product_cat":[5053,4816],"product_tag":[4859,4998,5000,4996,4997,4857,4999,4865],"merken":[],"class_list":{"0":"post-9117","1":"product","2":"type-product","3":"status-publish","4":"has-post-thumbnail","6":"product_cat-hund","7":"product_cat-nachhaltiges-spielzeug","8":"product_tag-grun-wild","9":"product_tag-jute-spielzeug-hund","10":"product_tag-nachhaltiges-hundespielzeug","11":"product_tag-oko-hundespielzeug-de","12":"product_tag-oktopus-spielzeug","13":"product_tag-plastikfrei","14":"product_tag-recyceltes-material","15":"product_tag-umweltfreundlich","16":"infinite-scroll-item","17":"sales-flash-overlay","18":"woocommerce-text-align-center","19":"woocommerce-image-align-center","20":"do-quantity-buttons","22":"first","23":"instock","24":"sold-individually","25":"taxable","26":"shipping-taxable","27":"purchasable","28":"product-type-simple"},"_links":{"self":[{"href":"https:\/\/www.ngdcare.nl\/de\/wp-json\/wp\/v2\/product\/9117","targetHints":{"allow":["GET"]}}],"collection":[{"href":"https:\/\/www.ngdcare.nl\/de\/wp-json\/wp\/v2\/product"}],"about":[{"href":"https:\/\/www.ngdcare.nl\/de\/wp-json\/wp\/v2\/types\/product"}],"replies":[{"embeddable":true,"href":"https:\/\/www.ngdcare.nl\/de\/wp-json\/wp\/v2\/comments?post=9117"}],"wp:featuredmedia":[{"embeddable":true,"href":"https:\/\/www.ngdcare.nl\/de\/wp-json\/wp\/v2\/media\/9347"}],"wp:attachment":[{"href":"https:\/\/www.ngdcare.nl\/de\/wp-json\/wp\/v2\/media?parent=9117"}],"wp:term":[{"taxonomy":"product_brand","embeddable":true,"href":"https:\/\/www.ngdcare.nl\/de\/wp-json\/wp\/v2\/product_brand?post=9117"},{"taxonomy":"product_cat","embeddable":true,"href":"https:\/\/www.ngdcare.nl\/de\/wp-json\/wp\/v2\/product_cat?post=9117"},{"taxonomy":"product_tag","embeddable":true,"href":"https:\/\/www.ngdcare.nl\/de\/wp-json\/wp\/v2\/product_tag?post=9117"},{"taxonomy":"merken","embeddable":true,"href":"https:\/\/www.ngdcare.nl\/de\/wp-json\/wp\/v2\/merken?post=9117"}],"curies":[{"name":"wp","href":"https:\/\/api.w.org\/{rel}","templated":true}]}}