{"id":9227,"date":"2025-10-20T16:06:49","date_gmt":"2025-10-20T14:06:49","guid":{"rendered":"https:\/\/www.ngdcare.nl\/product\/unkategorisiert\/aetherisches-oel-feuerwerk-unterstuetzung\/"},"modified":"2026-01-26T21:29:51","modified_gmt":"2026-01-26T20:29:51","slug":"aetherisches-oel-feuerwerk-unterstuetzung","status":"publish","type":"product","link":"https:\/\/www.ngdcare.nl\/de\/product\/aromatherapie-de\/aetherisches-oel-feuerwerk-unterstuetzung\/","title":{"rendered":"Feuerwerksunterst\u00fctzung \u2013 Feuerwerksangst"},"content":{"rendered":"<p data-start=\"317\" data-end=\"578\"><strong>NGD-Pflege \u2013 Feuerwerksunterst\u00fctzung<\/strong> ist eine sorgf\u00e4ltig formulierte \u00e4therische \u00d6lmischung, die das Nervensystem in akuten Stressmomenten und erh\u00f6hter Empfindlichkeit gegen\u00fcber Ger\u00e4uschen und Reizen unterst\u00fctzt, wie etwa bei Feuerwerk, Gewittern oder anderen unerwarteten Umgebungsger\u00e4uschen.<\/p>\n<p data-start=\"580\" data-end=\"855\">Die Duftkombination ist warm, holzig und tr\u00f6stlich und speziell auf Tiere zugeschnitten, die schnell Anspannung aufbauen oder ein Gef\u00fchl der Unsicherheit versp\u00fcren. Feuerwerksunterst\u00fctzung hilft K\u00f6rper und Nervensystem, sich zu beruhigen und unterst\u00fctzt Entspannung ohne Bet\u00e4ubung. <\/p>\n<h4 data-start=\"862\" data-end=\"892\"> <strong>Zusammensetzung<\/strong><\/h4>\n<ul>\n<li data-start=\"895\" data-end=\"1072\"><strong data-start=\"895\" data-end=\"939\">Zedernholz &amp; Zypresse: <\/strong>Erdung und Stabilisierung unterst\u00fctzen inneren Frieden und helfen, ein Gef\u00fchl von Sicherheit und Begrenzung wiederherzustellen.<\/li>\n<li data-start=\"1076\" data-end=\"1240\"><strong data-start=\"1076\" data-end=\"1103\">Ylang Ylang &amp; Patchouli: <\/strong>Harmonisieren und entspannen unterst\u00fctzen die Entspannung in Muskeln und Nervensystem und tragen zum emotionalen Gleichgewicht bei.<\/li>\n<li data-start=\"1244\" data-end=\"1393\"><strong data-start=\"1244\" data-end=\"1266\">Serenity &amp; Copaiba: <\/strong>Tief beruhigend und beruhigend helfen, Stresslevel zu reduzieren und ruhiges Atmen sowie Entspannung zu f\u00f6rdern.<\/li>\n<\/ul>\n<p data-start=\"1395\" data-end=\"1546\">Zusammen bilden diese \u00d6le eine sanfte, aber effektive Synergie, die Tiere bei stressigen Reizen unterst\u00fctzt und hilft, die Verspannungen schrittweise abzubauen. Das \u00e4therische \u00d6l l\u00e4sst sich gut zusammen mit dem <a href=\"https:\/\/www.ngdcare.nl\/ga\/product\/leigheasanna-blathanna\/croilar-tinte-ealaine-croilar-blath-eagla-tinte-ealaine\/\">Flower Essence Firework Support<\/a> verwenden. <\/p>\n<h4 data-start=\"1553\" data-end=\"1586\"><strong>Hinweise<\/strong><\/h4>\n<ul>\n<li data-start=\"1589\" data-end=\"1628\">Angst vor Feuerwerk und lauten Ger\u00e4uschen<\/li>\n<li data-start=\"1631\" data-end=\"1670\">Schallempfindlichkeit und Erschreckreaktionen<\/li>\n<li data-start=\"1673\" data-end=\"1707\">Anspannung und Unruhe durch Reize<\/li>\n<li data-start=\"1710\" data-end=\"1775\">Pl\u00f6tzliche Stresssituationen (Gewitter, Feiertage, Umgebung)<\/li>\n<li data-start=\"1778\" data-end=\"1837\">Tiere, die besonders viel Komfort und Sicherheit brauchen<\/li>\n<\/ul>\n","protected":false},"excerpt":{"rendered":"<p>Die <strong data-start=\"2667\" data-end=\"2700\">NGD Care \u00c4therische Feuerwerksunterst\u00fctzung <\/strong>bringt Ruhe in Ihr Zuhause und Entspannung f\u00fcr Ihr Haustier w\u00e4hrend der Feuerwerksphase. Erh\u00e4ltlich als<strong data-start=\"2796\" data-end=\"2817\"> Walzen<\/strong><strong data-start=\"2821\" data-end=\"2837\">\u2013 oder Diffusor\u00f6l<\/strong> \u2013 ideal, um Angst, Unsicherheit und Spannungen bei Hunden oder Katzen auf nat\u00fcrliche Weise zu reduzieren.<\/p>\n","protected":false},"featured_media":9607,"comment_status":"open","ping_status":"closed","template":"","meta":{"wds_primary_product_brand":0,"wds_primary_product_cat":0,"wds_primary_merken":0},"product_brand":[],"product_cat":[668],"product_tag":[],"merken":[],"class_list":{"0":"post-9227","1":"product","2":"type-product","3":"status-publish","4":"has-post-thumbnail","6":"product_cat-aromatherapie-de","7":"infinite-scroll-item","8":"sales-flash-overlay","9":"woocommerce-text-align-center","10":"woocommerce-image-align-center","11":"do-quantity-buttons","13":"first","14":"instock","15":"taxable","16":"shipping-taxable","17":"purchasable","18":"product-type-variable"},"_links":{"self":[{"href":"https:\/\/www.ngdcare.nl\/de\/wp-json\/wp\/v2\/product\/9227","targetHints":{"allow":["GET"]}}],"collection":[{"href":"https:\/\/www.ngdcare.nl\/de\/wp-json\/wp\/v2\/product"}],"about":[{"href":"https:\/\/www.ngdcare.nl\/de\/wp-json\/wp\/v2\/types\/product"}],"replies":[{"embeddable":true,"href":"https:\/\/www.ngdcare.nl\/de\/wp-json\/wp\/v2\/comments?post=9227"}],"wp:featuredmedia":[{"embeddable":true,"href":"https:\/\/www.ngdcare.nl\/de\/wp-json\/wp\/v2\/media\/9607"}],"wp:attachment":[{"href":"https:\/\/www.ngdcare.nl\/de\/wp-json\/wp\/v2\/media?parent=9227"}],"wp:term":[{"taxonomy":"product_brand","embeddable":true,"href":"https:\/\/www.ngdcare.nl\/de\/wp-json\/wp\/v2\/product_brand?post=9227"},{"taxonomy":"product_cat","embeddable":true,"href":"https:\/\/www.ngdcare.nl\/de\/wp-json\/wp\/v2\/product_cat?post=9227"},{"taxonomy":"product_tag","embeddable":true,"href":"https:\/\/www.ngdcare.nl\/de\/wp-json\/wp\/v2\/product_tag?post=9227"},{"taxonomy":"merken","embeddable":true,"href":"https:\/\/www.ngdcare.nl\/de\/wp-json\/wp\/v2\/merken?post=9227"}],"curies":[{"name":"wp","href":"https:\/\/api.w.org\/{rel}","templated":true}]}}