{"id":9382,"date":"2025-10-30T13:10:23","date_gmt":"2025-10-30T12:10:23","guid":{"rendered":"https:\/\/www.ngdcare.nl\/product\/unkategorisiert\/gruen-wild-schweinchen-sue\/"},"modified":"2025-11-06T14:05:18","modified_gmt":"2025-11-06T13:05:18","slug":"gruen-wild-schweinchen-sue","status":"publish","type":"product","link":"https:\/\/www.ngdcare.nl\/de\/product\/zoohandlung\/katze\/gruen-wild-schweinchen-sue\/","title":{"rendered":"Gr\u00fcn &amp; Wild Schweinchen Sue"},"content":{"rendered":"<h3 data-start=\"183\" data-end=\"228\"><strong data-start=\"187\" data-end=\"228\">Green &amp; Wilds Eco Katzenspielzeug \u2013 Piggy Sue<\/strong><\/h3>\n<p data-start=\"230\" data-end=\"490\"><strong>Green &amp; Wilds Eco Katzenspielzeug \u2013 Piggy Sue <\/strong> ist ein niedliches und langlebiges Katzenspielzeug, das jede Katze verzaubert! Dieses umweltfreundliche Spielzeug besteht aus einer Au\u00dfenschicht aus Wildleder und ist mit nat\u00fcrlichen Jutefasern und Katzenminze (Katzenminze) gef\u00fcllt \u2013 f\u00fcr zus\u00e4tzlichen Spa\u00df. <\/p>\n<p data-start=\"492\" data-end=\"839\">Dank der nat\u00fcrlichen Materialien ist Piggy Sue stark, sicher und vollst\u00e4ndig biologisch abbaubar. Die Jute ist eine erneuerbare, pflanzliche Faser und das Wildleder ist ein Nebenprodukt der Lederindustrie, so dass kein Material verloren geht. Auf diese Weise erh\u00e4lt Ihre Katze ein lustiges und verantwortungsbewusstes Spielzeug ohne Schadstoffe oder synthetische Materialien.  <\/p>\n<p data-start=\"841\" data-end=\"957\"><strong data-start=\"841\" data-end=\"856\">Ma\u00dfe:<\/strong> ca. 10 \u00d7 7 \u00d7 3 cm<\/p>\n<p data-start=\"964\" data-end=\"981\"><strong data-start=\"964\" data-end=\"979\">Wichtig:<\/strong><\/p>\n<ul>\n<li data-start=\"984\" data-end=\"1032\">Nur als Spielzeug gedacht, nicht als Lebensmittel.<\/li>\n<li data-start=\"1035\" data-end=\"1078\">Lassen Sie Ihre Katze immer unter Aufsicht spielen.<\/li>\n<li data-start=\"1081\" data-end=\"1131\">Entfernen Sie das Spielzeug, wenn es besch\u00e4digt wird.<\/li>\n<li data-start=\"1134\" data-end=\"1166\">Nicht f\u00fcr die Maschinenw\u00e4sche geeignet.<\/li>\n<li data-start=\"1169\" data-end=\"1210\">Kein Spielzeug ist unzerst\u00f6rbar.<\/li>\n<\/ul>\n","protected":false},"excerpt":{"rendered":"<p><strong data-start=\"129\" data-end=\"160\">Piggy Sue <\/strong>ist das perfekte Spielzeug f\u00fcr jede verspielte Katze! Dieses fr\u00f6hliche Schweinchen ist nicht nur dank der Katzenminze-F\u00fcllung unwiderstehlich, sondern auch aus langlebigen, nat\u00fcrlichen Materialien gefertigt. <\/p>\n","protected":false},"featured_media":9383,"comment_status":"open","ping_status":"closed","template":"","meta":[],"product_brand":[],"product_cat":[5045,5046,5064],"product_tag":[],"merken":[],"class_list":{"0":"post-9382","1":"product","2":"type-product","3":"status-publish","4":"has-post-thumbnail","6":"product_cat-katze","7":"product_cat-nachhaltiges-spielzeug-2","8":"product_cat-zoohandlung","9":"infinite-scroll-item","10":"sales-flash-overlay","11":"woocommerce-text-align-center","12":"woocommerce-image-align-center","13":"do-quantity-buttons","15":"first","16":"instock","17":"sold-individually","18":"taxable","19":"shipping-taxable","20":"purchasable","21":"product-type-simple"},"_links":{"self":[{"href":"https:\/\/www.ngdcare.nl\/de\/wp-json\/wp\/v2\/product\/9382","targetHints":{"allow":["GET"]}}],"collection":[{"href":"https:\/\/www.ngdcare.nl\/de\/wp-json\/wp\/v2\/product"}],"about":[{"href":"https:\/\/www.ngdcare.nl\/de\/wp-json\/wp\/v2\/types\/product"}],"replies":[{"embeddable":true,"href":"https:\/\/www.ngdcare.nl\/de\/wp-json\/wp\/v2\/comments?post=9382"}],"wp:featuredmedia":[{"embeddable":true,"href":"https:\/\/www.ngdcare.nl\/de\/wp-json\/wp\/v2\/media\/9383"}],"wp:attachment":[{"href":"https:\/\/www.ngdcare.nl\/de\/wp-json\/wp\/v2\/media?parent=9382"}],"wp:term":[{"taxonomy":"product_brand","embeddable":true,"href":"https:\/\/www.ngdcare.nl\/de\/wp-json\/wp\/v2\/product_brand?post=9382"},{"taxonomy":"product_cat","embeddable":true,"href":"https:\/\/www.ngdcare.nl\/de\/wp-json\/wp\/v2\/product_cat?post=9382"},{"taxonomy":"product_tag","embeddable":true,"href":"https:\/\/www.ngdcare.nl\/de\/wp-json\/wp\/v2\/product_tag?post=9382"},{"taxonomy":"merken","embeddable":true,"href":"https:\/\/www.ngdcare.nl\/de\/wp-json\/wp\/v2\/merken?post=9382"}],"curies":[{"name":"wp","href":"https:\/\/api.w.org\/{rel}","templated":true}]}}