{"id":9439,"date":"2025-10-30T15:07:21","date_gmt":"2025-10-30T14:07:21","guid":{"rendered":"https:\/\/www.ngdcare.nl\/product\/unkategorisiert\/green-wilds-sven-der-schneeball\/"},"modified":"2025-11-06T14:00:34","modified_gmt":"2025-11-06T13:00:34","slug":"green-wilds-sven-der-schneeball","status":"publish","type":"product","link":"https:\/\/www.ngdcare.nl\/de\/product\/zoohandlung\/hund\/bereicherung-und-spas\/nachhaltiges-spielzeug\/green-wilds-sven-der-schneeball\/","title":{"rendered":"Green &amp; Wilds Sven der Schneeball"},"content":{"rendered":"<p data-start=\"79\" data-end=\"130\"><strong data-start=\"79\" data-end=\"128\">Green &amp; Wilds Eco Hundespielzeug \u2013 Sven der Schneeball<\/strong><\/p>\n<p data-start=\"132\" data-end=\"171\">\u00dcberraschen Sie Ihren Hund mit Sven dem Schneeball!<\/p>\n<p data-start=\"173\" data-end=\"475\">Dieses festliche Spielzeug besteht aus nat\u00fcrlichen Jutefasern und strapazierf\u00e4higem Wildleder und ist mit einem robusten Juteseilgriff versehen. Das Wildleder ist ein Nebenprodukt, so dass kein Material verloren geht, und die Jute ist zu 100 % biologisch abbaubar \u2013 eine nachhaltige Wahl, die sowohl Sie als auch Ihren Hund gl\u00fccklich machen wird. <\/p>\n<p data-start=\"477\" data-end=\"660\">Sven der Schneeball ist stark, sicher und wird ohne Schadstoffe oder Chemikalien hergestellt, die beim Kauen freigesetzt werden. Auf diese Weise kann Ihr Hund stundenlang unbeschwert spielen und Spa\u00df haben. <\/p>\n<p data-start=\"662\" data-end=\"709\">Ma\u00dfe: 34 \u00d7 7 \u00d7 7 cm (inkl. Griff)<\/p>\n<p data-start=\"937\" data-end=\"966\"><strong data-start=\"937\" data-end=\"964\">Wichtig zu wissen:<\/strong><\/p>\n<ul>\n<li data-start=\"969\" data-end=\"1016\">Nur als Spielzeug gedacht, nicht als Lebensmittel<\/li>\n<li data-start=\"1019\" data-end=\"1062\">Lassen Sie Ihren Hund immer unter Aufsicht spielen<\/li>\n<li data-start=\"1065\" data-end=\"1150\">Entfernen Sie das Spielzeug, wenn Ihr Hund versucht, St\u00fccke abzubei\u00dfen oder zu verschlucken<\/li>\n<li data-start=\"1153\" data-end=\"1184\">Nicht f\u00fcr die Maschinenw\u00e4sche geeignet<\/li>\n<li data-start=\"1187\" data-end=\"1227\">Kein Spielzeug ist unzerst\u00f6rbar<\/li>\n<\/ul>\n","protected":false},"excerpt":{"rendered":"<p><strong data-start=\"95\" data-end=\"172\">Sven der Schneeball ist das perfekte Spielzeug f\u00fcr Ihren Hund!<\/strong>  Dieses festliche Spielzeug aus Wildleder und Jute bringt Fr\u00f6hlichkeit und Spa\u00df in jedes Spielk\u00f6rbchen \u2013 eine nachhaltige Wahl, die sowohl Sie als auch Ihren Hund gl\u00fccklich macht.<\/p>\n","protected":false},"featured_media":9444,"comment_status":"open","ping_status":"closed","template":"","meta":[],"product_brand":[],"product_cat":[5053,4816,5064],"product_tag":[],"merken":[],"class_list":{"0":"post-9439","1":"product","2":"type-product","3":"status-publish","4":"has-post-thumbnail","6":"product_cat-hund","7":"product_cat-nachhaltiges-spielzeug","8":"product_cat-zoohandlung","9":"infinite-scroll-item","10":"sales-flash-overlay","11":"woocommerce-text-align-center","12":"woocommerce-image-align-center","13":"do-quantity-buttons","15":"first","16":"instock","17":"sold-individually","18":"taxable","19":"shipping-taxable","20":"purchasable","21":"product-type-simple"},"_links":{"self":[{"href":"https:\/\/www.ngdcare.nl\/de\/wp-json\/wp\/v2\/product\/9439","targetHints":{"allow":["GET"]}}],"collection":[{"href":"https:\/\/www.ngdcare.nl\/de\/wp-json\/wp\/v2\/product"}],"about":[{"href":"https:\/\/www.ngdcare.nl\/de\/wp-json\/wp\/v2\/types\/product"}],"replies":[{"embeddable":true,"href":"https:\/\/www.ngdcare.nl\/de\/wp-json\/wp\/v2\/comments?post=9439"}],"wp:featuredmedia":[{"embeddable":true,"href":"https:\/\/www.ngdcare.nl\/de\/wp-json\/wp\/v2\/media\/9444"}],"wp:attachment":[{"href":"https:\/\/www.ngdcare.nl\/de\/wp-json\/wp\/v2\/media?parent=9439"}],"wp:term":[{"taxonomy":"product_brand","embeddable":true,"href":"https:\/\/www.ngdcare.nl\/de\/wp-json\/wp\/v2\/product_brand?post=9439"},{"taxonomy":"product_cat","embeddable":true,"href":"https:\/\/www.ngdcare.nl\/de\/wp-json\/wp\/v2\/product_cat?post=9439"},{"taxonomy":"product_tag","embeddable":true,"href":"https:\/\/www.ngdcare.nl\/de\/wp-json\/wp\/v2\/product_tag?post=9439"},{"taxonomy":"merken","embeddable":true,"href":"https:\/\/www.ngdcare.nl\/de\/wp-json\/wp\/v2\/merken?post=9439"}],"curies":[{"name":"wp","href":"https:\/\/api.w.org\/{rel}","templated":true}]}}