{"id":9487,"date":"2025-11-01T15:28:50","date_gmt":"2025-11-01T14:28:50","guid":{"rendered":"https:\/\/www.ngdcare.nl\/product\/unkategorisiert\/green-wilds-jean-genie-die-lebkuchen-person\/"},"modified":"2025-11-06T13:57:02","modified_gmt":"2025-11-06T12:57:02","slug":"green-wilds-jean-genie-die-lebkuchen-person","status":"publish","type":"product","link":"https:\/\/www.ngdcare.nl\/de\/product\/zoohandlung\/hund\/bereicherung-und-spas\/nachhaltiges-spielzeug\/green-wilds-jean-genie-die-lebkuchen-person\/","title":{"rendered":"Green &amp; Wilds Jean Genie die Lebkuchen-Person"},"content":{"rendered":"<p data-start=\"0\" data-end=\"67\"><strong data-start=\"0\" data-end=\"65\">Green &amp; Wilds Eco Hundespielzeug \u2013 Jean Genie der Lebkuchenmensch<\/strong><\/p>\n<p data-start=\"69\" data-end=\"124\">\u00dcberraschen Sie Ihren Hund mit Jean Dschinni, dem Lebkuchenmenschen!<\/p>\n<p data-start=\"126\" data-end=\"452\">Dieses traditionelle festliche Spielzeug bietet stundenlanges sicheres Spielen in der Weihnachtszeit. Hergestellt aus 100 % nat\u00fcrlichen Jutefasern und mit weichem Wildleder gef\u00fcttert \u2013 perfekt zum gemeinsamen Kauen oder Zerren. Dank seiner kompakten Gr\u00f6\u00dfe ist Jean Genie auch f\u00fcr kleinere Hunde und Welpen geeignet.  <\/p>\n<p data-start=\"454\" data-end=\"624\">Das Wildleder ist ein Nebenprodukt, so dass kein Material verloren geht, und die Jute ist zu 100 % biologisch abbaubar \u2013 eine bewusste, nachhaltige Entscheidung f\u00fcr Sie und Ihren Hund.<\/p>\n<p data-start=\"626\" data-end=\"737\"><strong data-start=\"626\" data-end=\"641\">Ma\u00dfe:<\/strong> 18 \u00d7 23 \u00d7 3 cm<br data-start=\"656\" data-end=\"659\"><strong data-start=\"659\" data-end=\"677\">Geeignet f\u00fcr:<\/strong> Hunde jeden Alters und jeder Gr\u00f6\u00dfe, einschlie\u00dflich Welpen<\/p>\n<p data-start=\"739\" data-end=\"768\"><strong data-start=\"739\" data-end=\"766\">Wichtig zu wissen:<\/strong><\/p>\n<ul>\n<li data-start=\"771\" data-end=\"818\">Nur als Spielzeug gedacht, nicht als Lebensmittel<\/li>\n<li data-start=\"821\" data-end=\"864\">Lassen Sie Ihren Hund immer unter Aufsicht spielen<\/li>\n<li data-start=\"867\" data-end=\"952\">Entfernen Sie das Spielzeug, wenn Ihr Hund versucht, St\u00fccke abzubei\u00dfen oder zu verschlucken<\/li>\n<li data-start=\"955\" data-end=\"986\">Nicht f\u00fcr die Maschinenw\u00e4sche geeignet<\/li>\n<li data-start=\"989\" data-end=\"1029\">Kein Spielzeug ist unzerst\u00f6rbar<\/li>\n<\/ul>\n","protected":false},"excerpt":{"rendered":"<p><strong>Jean Dschinni, der Lebkuchenmensch<\/strong> , ist das perfekte festliche Spielzeug f\u00fcr Ihren Hund! Dieses fr\u00f6hliche Weihnachtsgeb\u00e4ck aus Wildleder und Jute bringt nachhaltigen Spielspa\u00df in jedes Spielk\u00f6rbchen. <\/p>\n","protected":false},"featured_media":9489,"comment_status":"open","ping_status":"closed","template":"","meta":[],"product_brand":[],"product_cat":[5053,4816,5064],"product_tag":[],"merken":[],"class_list":{"0":"post-9487","1":"product","2":"type-product","3":"status-publish","4":"has-post-thumbnail","6":"product_cat-hund","7":"product_cat-nachhaltiges-spielzeug","8":"product_cat-zoohandlung","9":"infinite-scroll-item","10":"sales-flash-overlay","11":"woocommerce-text-align-center","12":"woocommerce-image-align-center","13":"do-quantity-buttons","15":"first","16":"instock","17":"sold-individually","18":"taxable","19":"shipping-taxable","20":"purchasable","21":"product-type-simple"},"_links":{"self":[{"href":"https:\/\/www.ngdcare.nl\/de\/wp-json\/wp\/v2\/product\/9487","targetHints":{"allow":["GET"]}}],"collection":[{"href":"https:\/\/www.ngdcare.nl\/de\/wp-json\/wp\/v2\/product"}],"about":[{"href":"https:\/\/www.ngdcare.nl\/de\/wp-json\/wp\/v2\/types\/product"}],"replies":[{"embeddable":true,"href":"https:\/\/www.ngdcare.nl\/de\/wp-json\/wp\/v2\/comments?post=9487"}],"wp:featuredmedia":[{"embeddable":true,"href":"https:\/\/www.ngdcare.nl\/de\/wp-json\/wp\/v2\/media\/9489"}],"wp:attachment":[{"href":"https:\/\/www.ngdcare.nl\/de\/wp-json\/wp\/v2\/media?parent=9487"}],"wp:term":[{"taxonomy":"product_brand","embeddable":true,"href":"https:\/\/www.ngdcare.nl\/de\/wp-json\/wp\/v2\/product_brand?post=9487"},{"taxonomy":"product_cat","embeddable":true,"href":"https:\/\/www.ngdcare.nl\/de\/wp-json\/wp\/v2\/product_cat?post=9487"},{"taxonomy":"product_tag","embeddable":true,"href":"https:\/\/www.ngdcare.nl\/de\/wp-json\/wp\/v2\/product_tag?post=9487"},{"taxonomy":"merken","embeddable":true,"href":"https:\/\/www.ngdcare.nl\/de\/wp-json\/wp\/v2\/merken?post=9487"}],"curies":[{"name":"wp","href":"https:\/\/api.w.org\/{rel}","templated":true}]}}