{"id":9512,"date":"2025-11-01T15:37:29","date_gmt":"2025-11-01T14:37:29","guid":{"rendered":"https:\/\/www.ngdcare.nl\/product\/unkategorisiert\/green-wilds-francois-le-frog\/"},"modified":"2026-01-28T10:24:46","modified_gmt":"2026-01-28T09:24:46","slug":"green-wilds-francois-le-frog","status":"publish","type":"product","link":"https:\/\/www.ngdcare.nl\/de\/product\/zoohandlung\/hund\/bereicherung-und-spas\/nachhaltiges-spielzeug\/green-wilds-francois-le-frog\/","title":{"rendered":"Green &amp; Wilds Fran\u00e7ois le Frog"},"content":{"rendered":"<p data-start=\"0\" data-end=\"50\"><strong data-start=\"0\" data-end=\"48\">Green &amp; Wilds Eco Hundespielzeug \u2013 Fran\u00e7ois le Frog<\/strong><\/p>\n<p data-start=\"52\" data-end=\"90\">\u00dcberraschen Sie Ihren Hund mit Fran\u00e7ois le Frog!<\/p>\n<p data-start=\"92\" data-end=\"358\">Dieser fr\u00f6hliche Frosch ist aus strapazierf\u00e4higen Jutefasern gefertigt und mit einer weichen Wildleder-Au\u00dfenschicht versehen. Die Jute ist eine nat\u00fcrliche Pflanzenfaser und das Wildleder ist ein Nebenprodukt, so dass kein Material verloren geht \u2013 eine umweltfreundliche Wahl mit einem verspielten Twist. <\/p>\n<p data-start=\"360\" data-end=\"590\">Fran\u00e7ois ist stark, sicher und wird ohne Schadstoffe oder Chemikalien hergestellt, die beim Kauen freigesetzt werden. Das Material ist zu 100 % biologisch abbaubar und auf Langlebigkeit ausgelegt, damit Ihr Hund endlos spielen kann. <\/p>\n<p data-start=\"592\" data-end=\"699\"><strong data-start=\"592\" data-end=\"607\">Ma\u00dfe:<\/strong> 23 \u00d7 22 cm<br data-start=\"618\" data-end=\"621\"><strong data-start=\"621\" data-end=\"639\">Geeignet f\u00fcr:<\/strong> Hunde aller Gr\u00f6\u00dfen und Altersgruppen, einschlie\u00dflich Welpen<\/p>\n<p data-start=\"701\" data-end=\"730\"><strong data-start=\"701\" data-end=\"728\">Wichtig zu wissen:<\/strong><\/p>\n<ul data-start=\"731\" data-end=\"991\">\n<li data-start=\"731\" data-end=\"780\">\n<p data-start=\"733\" data-end=\"780\">Nur als Spielzeug gedacht, nicht als Lebensmittel<\/p>\n<\/li>\n<li data-start=\"781\" data-end=\"826\">\n<p data-start=\"783\" data-end=\"826\">Lassen Sie Ihren Hund immer unter Aufsicht spielen<\/p>\n<\/li>\n<li data-start=\"827\" data-end=\"914\">\n<p data-start=\"829\" data-end=\"914\">Entfernen Sie das Spielzeug, wenn Ihr Hund versucht, St\u00fccke abzubei\u00dfen oder zu verschlucken<\/p>\n<\/li>\n<li data-start=\"915\" data-end=\"948\">\n<p data-start=\"917\" data-end=\"948\">Nicht f\u00fcr die Maschinenw\u00e4sche geeignet<\/p>\n<\/li>\n<li data-start=\"949\" data-end=\"991\">\n<p data-start=\"951\" data-end=\"991\">Kein Spielzeug ist unzerst\u00f6rbar<\/p>\n<\/li>\n<\/ul>\n","protected":false},"excerpt":{"rendered":"<p><strong>Fran\u00e7ois le Frog<\/strong> springt direkt in Ihr Herz! Dieser charmante Frosch aus Jute und Wildleder bringt nachhaltigen Spielspa\u00df in dein Zuhause. Es ist stark, nat\u00fcrlich und unwiderstehlich f\u00fcr jeden Hund!  <\/p>\n","protected":false},"featured_media":9515,"comment_status":"open","ping_status":"closed","template":"","meta":[],"product_brand":[],"product_cat":[5053,4816,5064],"product_tag":[],"merken":[],"class_list":{"0":"post-9512","1":"product","2":"type-product","3":"status-publish","4":"has-post-thumbnail","6":"product_cat-hund","7":"product_cat-nachhaltiges-spielzeug","8":"product_cat-zoohandlung","9":"infinite-scroll-item","10":"sales-flash-overlay","11":"woocommerce-text-align-center","12":"woocommerce-image-align-center","13":"do-quantity-buttons","15":"first","16":"instock","17":"sold-individually","18":"taxable","19":"shipping-taxable","20":"purchasable","21":"product-type-simple"},"_links":{"self":[{"href":"https:\/\/www.ngdcare.nl\/de\/wp-json\/wp\/v2\/product\/9512","targetHints":{"allow":["GET"]}}],"collection":[{"href":"https:\/\/www.ngdcare.nl\/de\/wp-json\/wp\/v2\/product"}],"about":[{"href":"https:\/\/www.ngdcare.nl\/de\/wp-json\/wp\/v2\/types\/product"}],"replies":[{"embeddable":true,"href":"https:\/\/www.ngdcare.nl\/de\/wp-json\/wp\/v2\/comments?post=9512"}],"wp:featuredmedia":[{"embeddable":true,"href":"https:\/\/www.ngdcare.nl\/de\/wp-json\/wp\/v2\/media\/9515"}],"wp:attachment":[{"href":"https:\/\/www.ngdcare.nl\/de\/wp-json\/wp\/v2\/media?parent=9512"}],"wp:term":[{"taxonomy":"product_brand","embeddable":true,"href":"https:\/\/www.ngdcare.nl\/de\/wp-json\/wp\/v2\/product_brand?post=9512"},{"taxonomy":"product_cat","embeddable":true,"href":"https:\/\/www.ngdcare.nl\/de\/wp-json\/wp\/v2\/product_cat?post=9512"},{"taxonomy":"product_tag","embeddable":true,"href":"https:\/\/www.ngdcare.nl\/de\/wp-json\/wp\/v2\/product_tag?post=9512"},{"taxonomy":"merken","embeddable":true,"href":"https:\/\/www.ngdcare.nl\/de\/wp-json\/wp\/v2\/merken?post=9512"}],"curies":[{"name":"wp","href":"https:\/\/api.w.org\/{rel}","templated":true}]}}