{"id":9556,"date":"2025-11-01T16:21:05","date_gmt":"2025-11-01T15:21:05","guid":{"rendered":"https:\/\/www.ngdcare.nl\/product\/unkategorisiert\/gruen-wild-desmond-die-ente\/"},"modified":"2026-01-28T10:24:46","modified_gmt":"2026-01-28T09:24:46","slug":"gruen-wild-desmond-die-ente","status":"publish","type":"product","link":"https:\/\/www.ngdcare.nl\/de\/product\/zoohandlung\/hund\/bereicherung-und-spas\/nachhaltiges-spielzeug\/gruen-wild-desmond-die-ente\/","title":{"rendered":"Gr\u00fcn &amp; Wild Desmond die Ente"},"content":{"rendered":"<p data-start=\"0\" data-end=\"50\"><strong data-start=\"0\" data-end=\"48\">Green &amp; Wilds Eco Hundespielzeug \u2013 Desmond die Ente<\/strong><\/p>\n<p data-start=\"52\" data-end=\"90\">\u00dcberraschen Sie Ihren Hund mit Desmond der Ente!<\/p>\n<p data-start=\"92\" data-end=\"371\">Desmond ist nicht nur ein Spielzeug \u2013 es ist ein treuer Spielkamerad aus vier Schichten nachhaltiger Jute, die doppelt \u00fcber recycelte Baumwolle und Jutegarn gen\u00e4ht sind. Perfekt zum Werfen, Apportieren oder einfach nur zum Spielen. Stark, sicher und f\u00fcr stundenlangen Spa\u00df konzipiert.  <\/p>\n<p data-start=\"373\" data-end=\"592\">Die Jute ist eine nat\u00fcrliche, nachhaltige Pflanzenfaser und zu 100% biologisch abbaubar. Das Wildleder ist ein Nebenprodukt, so dass kein Material verloren geht \u2013 eine bewusste und umweltfreundliche Wahl f\u00fcr jeden Hundeliebhaber. <\/p>\n<p data-start=\"594\" data-end=\"701\"><strong data-start=\"594\" data-end=\"609\">Ma\u00dfe:<\/strong> 40 \u00d7 34 cm<br data-start=\"620\" data-end=\"623\"><strong data-start=\"623\" data-end=\"641\">Geeignet f\u00fcr:<\/strong> Hunde aller Gr\u00f6\u00dfen und Altersgruppen, einschlie\u00dflich Welpen<\/p>\n<p data-start=\"703\" data-end=\"732\"><strong data-start=\"703\" data-end=\"730\">Wichtig zu wissen:<\/strong><\/p>\n<ul>\n<li data-start=\"735\" data-end=\"782\">Nur als Spielzeug gedacht, nicht als Lebensmittel<\/li>\n<li data-start=\"785\" data-end=\"828\">Lassen Sie Ihren Hund immer unter Aufsicht spielen<\/li>\n<li data-start=\"831\" data-end=\"916\">Entfernen Sie das Spielzeug, wenn Ihr Hund versucht, St\u00fccke abzubei\u00dfen oder zu verschlucken<\/li>\n<li data-start=\"919\" data-end=\"950\">Nicht f\u00fcr die Maschinenw\u00e4sche geeignet<\/li>\n<li data-start=\"953\" data-end=\"993\">Kein Spielzeug ist unzerst\u00f6rbar<\/li>\n<\/ul>\n","protected":false},"excerpt":{"rendered":"<article class=\"text-token-text-primary w-full focus:outline-none [--shadow-height:45px] has-data-writing-block:pointer-events-none has-data-writing-block:-mt-(--shadow-height) has-data-writing-block:pt-(--shadow-height) [&amp;:has([data-writing-block])&gt;*]:pointer-events-auto [content-visibility:auto] supports-[content-visibility:auto]:[contain-intrinsic-size:auto_100lvh] scroll-mt-[calc(var(--header-height)+min(200px,max(70px,20svh)))]\" dir=\"auto\" tabindex=\"-1\" data-turn-id=\"request-WEB:ea53a6a9-28e3-4128-a85a-568e204bcc0b-12\" data-testid=\"conversation-turn-26\" data-scroll-anchor=\"true\" data-turn=\"assistant\">\n<div class=\"text-base my-auto mx-auto pb-10 [--thread-content-margin:--spacing(4)] thread-sm:[--thread-content-margin:--spacing(6)] thread-lg:[--thread-content-margin:--spacing(16)] px-(--thread-content-margin)\">\n<div class=\"[--thread-content-max-width:40rem] thread-lg:[--thread-content-max-width:48rem] mx-auto max-w-(--thread-content-max-width) flex-1 group\/turn-messages focus-visible:outline-hidden relative flex w-full min-w-0 flex-col agent-turn\" tabindex=\"-1\">\n<div class=\"flex max-w-full flex-col grow\">\n<div class=\"min-h-8 text-message relative flex w-full flex-col items-end gap-2 text-start break-words whitespace-normal [.text-message+&amp;]:mt-1\" dir=\"auto\" data-message-author-role=\"assistant\" data-message-id=\"f3e564e3-32fe-4d32-9ae5-4629baaff278\" data-message-model-slug=\"gpt-5\">\n<div class=\"flex w-full flex-col gap-1 empty:hidden first:pt-[1px]\">\n<div class=\"markdown prose dark:prose-invert w-full break-words light markdown-new-styling\">\n<p data-start=\"0\" data-end=\"191\" data-is-last-node=\"\" data-is-only-node=\"\"><strong>Desmond die Ente<\/strong> watschelt direkt in das Herz Ihres Hundes! Hergestellt aus robuster Jute und recycelter Baumwolle. Er ist fr\u00f6hlich, robust und bereit f\u00fcr stundenlangen Spa\u00df.  <\/p>\n<\/div>\n<\/div>\n<\/div>\n<\/div>\n<div class=\"mt-3 w-full empty:hidden\">\n<div class=\"text-center\"><\/div>\n<\/div>\n<\/div>\n<\/div>\n<\/article>\n<div class=\"pointer-events-none h-px w-px\" aria-hidden=\"true\" data-edge=\"true\"><\/div>\n","protected":false},"featured_media":9558,"comment_status":"open","ping_status":"closed","template":"","meta":[],"product_brand":[],"product_cat":[5053,4816,5064],"product_tag":[],"merken":[],"class_list":{"0":"post-9556","1":"product","2":"type-product","3":"status-publish","4":"has-post-thumbnail","6":"product_cat-hund","7":"product_cat-nachhaltiges-spielzeug","8":"product_cat-zoohandlung","9":"infinite-scroll-item","10":"sales-flash-overlay","11":"woocommerce-text-align-center","12":"woocommerce-image-align-center","13":"do-quantity-buttons","15":"first","16":"instock","17":"sold-individually","18":"taxable","19":"shipping-taxable","20":"purchasable","21":"product-type-simple"},"_links":{"self":[{"href":"https:\/\/www.ngdcare.nl\/de\/wp-json\/wp\/v2\/product\/9556","targetHints":{"allow":["GET"]}}],"collection":[{"href":"https:\/\/www.ngdcare.nl\/de\/wp-json\/wp\/v2\/product"}],"about":[{"href":"https:\/\/www.ngdcare.nl\/de\/wp-json\/wp\/v2\/types\/product"}],"replies":[{"embeddable":true,"href":"https:\/\/www.ngdcare.nl\/de\/wp-json\/wp\/v2\/comments?post=9556"}],"wp:featuredmedia":[{"embeddable":true,"href":"https:\/\/www.ngdcare.nl\/de\/wp-json\/wp\/v2\/media\/9558"}],"wp:attachment":[{"href":"https:\/\/www.ngdcare.nl\/de\/wp-json\/wp\/v2\/media?parent=9556"}],"wp:term":[{"taxonomy":"product_brand","embeddable":true,"href":"https:\/\/www.ngdcare.nl\/de\/wp-json\/wp\/v2\/product_brand?post=9556"},{"taxonomy":"product_cat","embeddable":true,"href":"https:\/\/www.ngdcare.nl\/de\/wp-json\/wp\/v2\/product_cat?post=9556"},{"taxonomy":"product_tag","embeddable":true,"href":"https:\/\/www.ngdcare.nl\/de\/wp-json\/wp\/v2\/product_tag?post=9556"},{"taxonomy":"merken","embeddable":true,"href":"https:\/\/www.ngdcare.nl\/de\/wp-json\/wp\/v2\/merken?post=9556"}],"curies":[{"name":"wp","href":"https:\/\/api.w.org\/{rel}","templated":true}]}}