{"id":9726,"date":"2025-11-06T13:14:23","date_gmt":"2025-11-06T12:14:23","guid":{"rendered":"https:\/\/www.ngdcare.nl\/product\/unkategorisiert\/natural-health-dog-gefriergetrockneter-truthahn-150-gr\/"},"modified":"2025-11-07T13:23:29","modified_gmt":"2025-11-07T12:23:29","slug":"natural-health-dog-gefriergetrockneter-truthahn-150-gr","status":"publish","type":"product","link":"https:\/\/www.ngdcare.nl\/de\/product\/zoohandlung\/hund\/bereicherung-und-spas\/futterungspuzzles-leckmatten-und-schnuffelmatten\/natural-health-dog-gefriergetrockneter-truthahn-150-gr\/","title":{"rendered":"Natural Health Dog gefriergetrockneter Truthahn"},"content":{"rendered":"<p data-start=\"0\" data-end=\"83\"><strong data-start=\"0\" data-end=\"81\">Natural Health Dog Freeze Dried Turkey \u2013 Gefriergetrocknetes Rohfutter  <\/strong><\/p>\n<p data-start=\"85\" data-end=\"419\">Geben Sie Ihrem Hund das Beste aus der Natur mit <strong data-start=\"126\" data-end=\"164\">Natural Health gefriergetrocknetem Truthahn<\/strong> \u2013 eine reine, vollst\u00e4ndige und ausgewogene Mahlzeit auf der Basis von rohem Truthahn. Dieses hochwertige gefriergetrocknete Lebensmittel besteht zu <strong data-start=\"293\" data-end=\"315\">80% aus Frischfleisch<\/strong> und enth\u00e4lt nur nat\u00fcrliche Zutaten, ohne Getreide, F\u00fcllstoffe oder k\u00fcnstliche Zusatzstoffe.<\/p>\n<p data-start=\"421\" data-end=\"751\">Durch die schonende <strong data-start=\"442\" data-end=\"462\">Gefriertrocknung<\/strong> bleiben Geschmack, Struktur und N\u00e4hrstoffe optimal erhalten \u2013 ohne Erhitzen. So erh\u00e4lt Ihr Hund eine leicht verdauliche, proteinreiche Mahlzeit voller essentieller Aminos\u00e4uren, Enzyme und gesunder Fette. Ideal als t\u00e4gliches Lebensmittel, als Topper \u00fcber frischem Fleisch oder als gesunder Snack f\u00fcr unterwegs.<\/p>\n<p data-start=\"753\" data-end=\"773\"><strong data-start=\"753\" data-end=\"771\">Eigenschaften:<\/strong><\/p>\n<ul>\n<li data-start=\"776\" data-end=\"842\">80% frisches Putenfleisch \u2013 reich an hochwertigem tierischem Eiwei\u00df<\/li>\n<li data-start=\"845\" data-end=\"909\">Gefriergetrocknet \u2013 Erhalt des nat\u00fcrlichen N\u00e4hrwerts und Geschmacks<\/li>\n<li data-start=\"912\" data-end=\"983\">100% nat\u00fcrlich \u2013 ohne Getreide, F\u00fcllstoffe oder k\u00fcnstliche Zus\u00e4tze<\/li>\n<li data-start=\"986\" data-end=\"1023\">Lange Haltbarkeit ohne Konservierungsstoffe<\/li>\n<li data-start=\"1026\" data-end=\"1077\">Ideal f\u00fcr zu Hause, unterwegs oder als nahrhafter Snack<\/li>\n<\/ul>\n<p data-start=\"1079\" data-end=\"1210\"><strong data-start=\"1079\" data-end=\"1098\">F\u00fctterungsempfehlung:<\/strong><br data-start=\"1098\" data-end=\"1101\">F\u00fcttern Sie ca. <strong data-start=\"1110\" data-end=\"1148\">1% des K\u00f6rpergewichts pro Tag<\/strong>. Sehen Sie sich den F\u00fctterungsplan auf den Bildern an, um eine Richtlinie zu erhalten.<\/p>\n<p data-start=\"1941\" data-end=\"2062\">\n","protected":false},"excerpt":{"rendered":"<p><strong>Natural Health Freeze Dried Turkey<\/strong> bietet reine, rohe Nahrung in einer einfachen Form. Es ist nahrhaft, leicht verdaulich und perfekt f\u00fcr bewusste Hundeliebhaber. <\/p>\n","protected":false},"featured_media":10093,"comment_status":"open","ping_status":"closed","template":"","meta":[],"product_brand":[],"product_cat":[5115,5138,5053,5116,5064],"product_tag":[],"merken":[],"class_list":{"0":"post-9726","1":"product","2":"type-product","3":"status-publish","4":"has-post-thumbnail","6":"product_cat-ernahrung","7":"product_cat-futterungspuzzles-leckmatten-und-schnuffelmatten","8":"product_cat-hund","9":"product_cat-trockenfutter","10":"product_cat-zoohandlung","11":"infinite-scroll-item","12":"sales-flash-overlay","13":"woocommerce-text-align-center","14":"woocommerce-image-align-center","15":"do-quantity-buttons","17":"first","18":"instock","19":"sold-individually","20":"taxable","21":"shipping-taxable","22":"purchasable","23":"product-type-variable"},"_links":{"self":[{"href":"https:\/\/www.ngdcare.nl\/de\/wp-json\/wp\/v2\/product\/9726","targetHints":{"allow":["GET"]}}],"collection":[{"href":"https:\/\/www.ngdcare.nl\/de\/wp-json\/wp\/v2\/product"}],"about":[{"href":"https:\/\/www.ngdcare.nl\/de\/wp-json\/wp\/v2\/types\/product"}],"replies":[{"embeddable":true,"href":"https:\/\/www.ngdcare.nl\/de\/wp-json\/wp\/v2\/comments?post=9726"}],"wp:featuredmedia":[{"embeddable":true,"href":"https:\/\/www.ngdcare.nl\/de\/wp-json\/wp\/v2\/media\/10093"}],"wp:attachment":[{"href":"https:\/\/www.ngdcare.nl\/de\/wp-json\/wp\/v2\/media?parent=9726"}],"wp:term":[{"taxonomy":"product_brand","embeddable":true,"href":"https:\/\/www.ngdcare.nl\/de\/wp-json\/wp\/v2\/product_brand?post=9726"},{"taxonomy":"product_cat","embeddable":true,"href":"https:\/\/www.ngdcare.nl\/de\/wp-json\/wp\/v2\/product_cat?post=9726"},{"taxonomy":"product_tag","embeddable":true,"href":"https:\/\/www.ngdcare.nl\/de\/wp-json\/wp\/v2\/product_tag?post=9726"},{"taxonomy":"merken","embeddable":true,"href":"https:\/\/www.ngdcare.nl\/de\/wp-json\/wp\/v2\/merken?post=9726"}],"curies":[{"name":"wp","href":"https:\/\/api.w.org\/{rel}","templated":true}]}}