{"id":5794,"date":"2023-11-09T20:33:09","date_gmt":"2023-11-09T19:33:09","guid":{"rendered":"https:\/\/www.ngdcare.nl\/renuncia\/"},"modified":"2023-11-09T20:33:09","modified_gmt":"2023-11-09T19:33:09","slug":"renuncia","status":"publish","type":"page","link":"https:\/\/www.ngdcare.nl\/es\/renuncia\/","title":{"rendered":"Renuncia"},"content":{"rendered":"<p>El contenido de este sitio web ha sido compilado con cuidado y hacemos todo lo posible para proporcionar informaci\u00f3n completa y correcta en todo momento. Sin embargo, no se puede derivar ning\u00fan derecho del contenido de este sitio web. NGD Care tampoco es responsable de ning\u00fan error en este sitio web y se reserva el derecho de ajustar o cambiar la informaci\u00f3n y\/o los precios en cualquier momento.  <\/p>\n<p>Los textos de este sitio web deben considerarse como una gu\u00eda, pero no reemplazan el consejo de un veterinario. En caso de duda sobre la salud de un animal, o la correcci\u00f3n de la terapia elegida, recomendamos consultar a un veterinario en todos los casos. NGD Care no se hace responsable de ning\u00fan da\u00f1o causado por el uso incorrecto o la recomendaci\u00f3n de los productos o la informaci\u00f3n mencionada en el sitio web.  <\/p>\n<p>Todos los productos NGD Care son complementos alimenticios y no sustituyen a un estilo de vida saludable y una dieta variada y equilibrada. Los productos no son medicamentos y, por lo tanto, no se pueden usar como medicamentos sino como suplemento diet\u00e9tico. En caso de enfermedad u otra condici\u00f3n m\u00e9dica, siempre recomendamos consultar a un veterinario antes de usar. Los suplementos diet\u00e9ticos pueden tener interacciones y efectos secundarios entre s\u00ed y con la medicaci\u00f3n regular. Estas interacciones y efectos secundarios se enumeran en los suplementos diet\u00e9ticos individuales. Debido a que se ha realizado poca investigaci\u00f3n sobre los suplementos, estas interacciones y efectos secundarios no ser\u00e1n completos. Debido a esto, es importante usar sus propios poderes de observaci\u00f3n y consultarnos a nosotros o a un veterinario en caso de duda.      <\/p>\n<p>Mantenga los suplementos fuera del alcance de los ni\u00f1os peque\u00f1os.<\/p>\n","protected":false},"excerpt":{"rendered":"<p>El contenido de este sitio web ha sido compilado con cuidado y hacemos todo lo posible para proporcionar informaci\u00f3n completa y correcta en todo momento. Sin embargo, no se puede derivar ning\u00fan derecho del contenido de este sitio web. NGD Care tampoco es responsable de ning\u00fan error en este sitio web y se reserva el &#8230; <a title=\"Renuncia\" class=\"read-more\" href=\"https:\/\/www.ngdcare.nl\/es\/renuncia\/\" aria-label=\"Leer m\u00e1s sobre Renuncia\">Leer m\u00e1s<\/a><\/p>\n","protected":false},"author":1,"featured_media":0,"parent":0,"menu_order":0,"comment_status":"closed","ping_status":"closed","template":"","meta":{"footnotes":""},"class_list":{"0":"post-5794","1":"page","2":"type-page","3":"status-publish","5":"infinite-scroll-item"},"_links":{"self":[{"href":"https:\/\/www.ngdcare.nl\/es\/wp-json\/wp\/v2\/pages\/5794","targetHints":{"allow":["GET"]}}],"collection":[{"href":"https:\/\/www.ngdcare.nl\/es\/wp-json\/wp\/v2\/pages"}],"about":[{"href":"https:\/\/www.ngdcare.nl\/es\/wp-json\/wp\/v2\/types\/page"}],"author":[{"embeddable":true,"href":"https:\/\/www.ngdcare.nl\/es\/wp-json\/wp\/v2\/users\/1"}],"replies":[{"embeddable":true,"href":"https:\/\/www.ngdcare.nl\/es\/wp-json\/wp\/v2\/comments?post=5794"}],"version-history":[{"count":0,"href":"https:\/\/www.ngdcare.nl\/es\/wp-json\/wp\/v2\/pages\/5794\/revisions"}],"wp:attachment":[{"href":"https:\/\/www.ngdcare.nl\/es\/wp-json\/wp\/v2\/media?parent=5794"}],"curies":[{"name":"wp","href":"https:\/\/api.w.org\/{rel}","templated":true}]}}