{"id":5798,"date":"2023-11-09T20:29:08","date_gmt":"2023-11-09T19:29:08","guid":{"rendered":"https:\/\/www.ngdcare.nl\/opciones-de-pago\/"},"modified":"2023-11-09T20:29:08","modified_gmt":"2023-11-09T19:29:08","slug":"opciones-de-pago","status":"publish","type":"page","link":"https:\/\/www.ngdcare.nl\/es\/opciones-de-pago\/","title":{"rendered":"Opciones de pago"},"content":{"rendered":"<p>Puede pagarse a s\u00ed mismo en nuestro n\u00famero de cuenta mediante transferencia bancaria desde su propio banco. Tambi\u00e9n puedes pagar a trav\u00e9s de Ideal o pagar despu\u00e9s a trav\u00e9s de Klarna. Tambi\u00e9n es posible pagar con tarjeta de cr\u00e9dito.  <\/p>\n","protected":false},"excerpt":{"rendered":"<p>Puede pagarse a s\u00ed mismo en nuestro n\u00famero de cuenta mediante transferencia bancaria desde su propio banco. Tambi\u00e9n puedes pagar a trav\u00e9s de Ideal o pagar despu\u00e9s a trav\u00e9s de Klarna. Tambi\u00e9n es posible pagar con tarjeta de cr\u00e9dito.<\/p>\n","protected":false},"author":1,"featured_media":0,"parent":0,"menu_order":0,"comment_status":"closed","ping_status":"closed","template":"","meta":{"footnotes":""},"class_list":{"0":"post-5798","1":"page","2":"type-page","3":"status-publish","5":"infinite-scroll-item"},"_links":{"self":[{"href":"https:\/\/www.ngdcare.nl\/es\/wp-json\/wp\/v2\/pages\/5798","targetHints":{"allow":["GET"]}}],"collection":[{"href":"https:\/\/www.ngdcare.nl\/es\/wp-json\/wp\/v2\/pages"}],"about":[{"href":"https:\/\/www.ngdcare.nl\/es\/wp-json\/wp\/v2\/types\/page"}],"author":[{"embeddable":true,"href":"https:\/\/www.ngdcare.nl\/es\/wp-json\/wp\/v2\/users\/1"}],"replies":[{"embeddable":true,"href":"https:\/\/www.ngdcare.nl\/es\/wp-json\/wp\/v2\/comments?post=5798"}],"version-history":[{"count":0,"href":"https:\/\/www.ngdcare.nl\/es\/wp-json\/wp\/v2\/pages\/5798\/revisions"}],"wp:attachment":[{"href":"https:\/\/www.ngdcare.nl\/es\/wp-json\/wp\/v2\/media?parent=5798"}],"curies":[{"name":"wp","href":"https:\/\/api.w.org\/{rel}","templated":true}]}}