{"id":10299,"date":"2025-11-15T21:34:33","date_gmt":"2025-11-15T20:34:33","guid":{"rendered":"https:\/\/www.ngdcare.nl\/?post_type=product&#038;p=10299"},"modified":"2025-11-24T15:33:07","modified_gmt":"2025-11-24T14:33:07","slug":"prebioticos-fibra-prebiotica-kopie","status":"publish","type":"product","link":"https:\/\/www.ngdcare.nl\/es\/product\/human-health\/complementos-alimenticios\/prebioticos-fibra-prebiotica-kopie\/","title":{"rendered":"Fibra prebi\u00f3tica"},"content":{"rendered":"<div>\n<p style=\"font-weight: 400;\"><strong>Cuidado NGD \u2013 La fibra prebi\u00f3tica <\/strong>es una mezcla cuidadosamente compuesta de fibras naturales y sustancias funcionales que sirven como alimento para las bacterias intestinales beneficiosas. A diferencia de los probi\u00f3ticos (bacterias vivas), <strong>los prebi\u00f3ticos son fibras fermentables<\/strong> que estimulan el crecimiento y la actividad del microbioma existente. Los prebi\u00f3ticos son carbohidratos indieribles que atraviesan el tracto gastrointestinal y son fermentados selectivamente en el colon por especies bacterianas beneficiosas como Bifidobacterium y Lactobacillus. Esto crea \u00e1cidos grasos de cadena corta (SCFAs) como el butirato, el propionato y el acetato, que nutren la pared intestinal, bajan el pH, modulan los procesos inflamatorios y apoyan la barrera intestinal. Este complejo prebi\u00f3tico se ha desarrollado para promover la diversidad y estabilidad del microbioma de forma suave pero eficaz.    <\/p>\n<p style=\"font-weight: 400;\">Esta f\u00f3rmula \u00fanica contiene los <strong>cinco grupos principales de prebi\u00f3ticos<\/strong>:<\/p>\n<ul>\n<li style=\"font-weight: 400;\"><strong>Inulina y FOS<\/strong> de ra\u00edz de achicoria<\/li>\n<li><strong>Arabinogalactanos<\/strong> de fibra de acacia<\/li>\n<li><strong>MOS<\/strong> de <em>Saccharomyces boulardii<\/em><\/li>\n<li><strong>Betaglucanos<\/strong> del <em>hongo Agaricus blazei<\/em><\/li>\n<\/ul>\n<p>El producto es muy adecuado para un alterado equilibrio intestinal (tras medicaci\u00f3n, estr\u00e9s, enfermedad), en caso de estre\u00f1imiento o deposiciones irregulares y como parte de un protocolo intestinal integral. Los prebi\u00f3ticos no solo ayudan con la salud intestinal local, sino que tambi\u00e9n tienen efectos sist\u00e9micos en el eje intestino-cerebro, eje inmune intestino-intestino y eje intestino-metabolismo. Pueden contribuir a una mejor tolerancia a los alimentos, una energ\u00eda m\u00e1s estable y una respuesta inmunitaria m\u00e1s equilibrada.<br data-start=\"1961\" data-end=\"1964\">Debido a que los intestinos sensibles a veces reaccionan violentamente a grandes cantidades de fibra fermentable, este complejo est\u00e1 destinado a acumularse lentamente. Puede combinarse con probi\u00f3ticos, glutamina, lactoferrina y otros apoyos intestinales. Para personas con SIBO o quejas graves de gases\/dolor, la dosis y el tipo de fibra que elige un terapeuta preferiblemente ajusta.    <\/p>\n<\/div>\n","protected":false},"excerpt":{"rendered":"<p style=\"font-weight: 400;\">Prebiotics Fiber de NGD Care contiene una mezcla de fibras solubles que sirven como alimento para las bacterias intestinales beneficiosas. Apoya un microbioma saludable, la barrera intestinal y la evacuaci\u00f3n. <\/p>\n","protected":false},"featured_media":11813,"comment_status":"open","ping_status":"closed","template":"","meta":{"wds_primary_product_brand":0,"wds_primary_product_cat":0,"wds_primary_merken":0},"product_brand":[],"product_cat":[5315],"product_tag":[5769,5768,2664,2933,2932,2934,5767,1929,5766,1941,5320,1927,2931,1870,5422,1882],"merken":[2756],"class_list":{"0":"post-10299","1":"product","2":"type-product","3":"status-publish","4":"has-post-thumbnail","6":"product_cat-complementos-alimenticios","7":"product_tag-barrera-intestinal","8":"product_tag-defecacion","9":"product_tag-digestion-es","10":"product_tag-excremento","11":"product_tag-fibra-es","12":"product_tag-flora-intestinal-es","13":"product_tag-fos","14":"product_tag-gato","15":"product_tag-inulina","16":"product_tag-microbioma-es","17":"product_tag-ngd-cuidado-salud-humana","18":"product_tag-perro","19":"product_tag-prebioticos","20":"product_tag-salud-intestinal","21":"product_tag-suplementos-humanos","22":"product_tag-suplementos-ngd-care","23":"merken-ngdcare","24":"infinite-scroll-item","25":"sales-flash-overlay","26":"woocommerce-text-align-center","27":"woocommerce-image-align-center","28":"do-quantity-buttons","30":"first","31":"instock","32":"taxable","33":"shipping-taxable","34":"purchasable","35":"product-type-simple"},"_links":{"self":[{"href":"https:\/\/www.ngdcare.nl\/es\/wp-json\/wp\/v2\/product\/10299","targetHints":{"allow":["GET"]}}],"collection":[{"href":"https:\/\/www.ngdcare.nl\/es\/wp-json\/wp\/v2\/product"}],"about":[{"href":"https:\/\/www.ngdcare.nl\/es\/wp-json\/wp\/v2\/types\/product"}],"replies":[{"embeddable":true,"href":"https:\/\/www.ngdcare.nl\/es\/wp-json\/wp\/v2\/comments?post=10299"}],"wp:featuredmedia":[{"embeddable":true,"href":"https:\/\/www.ngdcare.nl\/es\/wp-json\/wp\/v2\/media\/11813"}],"wp:attachment":[{"href":"https:\/\/www.ngdcare.nl\/es\/wp-json\/wp\/v2\/media?parent=10299"}],"wp:term":[{"taxonomy":"product_brand","embeddable":true,"href":"https:\/\/www.ngdcare.nl\/es\/wp-json\/wp\/v2\/product_brand?post=10299"},{"taxonomy":"product_cat","embeddable":true,"href":"https:\/\/www.ngdcare.nl\/es\/wp-json\/wp\/v2\/product_cat?post=10299"},{"taxonomy":"product_tag","embeddable":true,"href":"https:\/\/www.ngdcare.nl\/es\/wp-json\/wp\/v2\/product_tag?post=10299"},{"taxonomy":"merken","embeddable":true,"href":"https:\/\/www.ngdcare.nl\/es\/wp-json\/wp\/v2\/merken?post=10299"}],"curies":[{"name":"wp","href":"https:\/\/api.w.org\/{rel}","templated":true}]}}