{"id":10313,"date":"2025-11-16T11:49:18","date_gmt":"2025-11-16T10:49:18","guid":{"rendered":"https:\/\/www.ngdcare.nl\/?post_type=product&#038;p=10313"},"modified":"2025-11-24T13:07:29","modified_gmt":"2025-11-24T12:07:29","slug":"curcumina-liposomal-extracto-de-curcumina-liposomal-kopie","status":"publish","type":"product","link":"https:\/\/www.ngdcare.nl\/es\/product\/human-health\/complementos-alimenticios\/curcumina-liposomal-extracto-de-curcumina-liposomal-kopie\/","title":{"rendered":"Extracto de curcumina liposomal"},"content":{"rendered":"<p style=\"font-weight: 400;\">La curcumina es uno de los fitonutrientes mejor investigados y tiene un efecto amplio sobre el estr\u00e9s oxidativo, las v\u00edas inflamatorias y los procesos de reparaci\u00f3n. Sin embargo, la curcumina est\u00e1ndar casi no se absorbe, lo que requiere dosis elevadas que pueden forzar el tracto gastrointestinal. <strong>NGD Care La<\/strong> <strong>curcumina liposomal<\/strong> de Human Health contiene la curcumina C3 m\u00e1s documentada y est\u00e1 envasada en fosfol\u00edpidos, lo que la hace mucho mejor absorbida y menos propensa a la degradaci\u00f3n.  <\/p>\n<p style=\"font-weight: 400;\">Esta forma avanzada favorece la comodidad articular, la funci\u00f3n hep\u00e1tica, el equilibrio inmunitario y la protecci\u00f3n contra los radicales libres. Act\u00faa en m\u00faltiples niveles, incluyendo NF-\u03baB, inflamasmas y v\u00edas antioxidantes como Nrf2. Esto lo convierte en un excelente candidato para el estr\u00e9s, la sensibilidad al dolor, las quejas digestivas y la recuperaci\u00f3n tras un estr\u00e9s f\u00edsico o mental intenso.  <\/p>\n<p style=\"font-weight: 400;\">La curcumina liposomal es suave para el est\u00f3mago y adecuada para el uso diario. Debido a la mejora de la biodisponibilidad, se requieren dosis m\u00e1s bajas, lo que aumenta la tolerancia y hace que el producto sea ideal tanto para aplicaciones preventivas como terap\u00e9uticas. <\/p>\n","protected":false},"excerpt":{"rendered":"<p>La curcumina liposomal proporciona una forma potente y altamente absorbible de curcuminides para apoyar la inflamaci\u00f3n, el equilibrio y la protecci\u00f3n celular.<\/p>\n<p>&nbsp;<\/p>\n<p>&nbsp;<\/p>\n<p>&nbsp;<\/p>\n<p>&nbsp;<\/p>\n","protected":false},"featured_media":10966,"comment_status":"open","ping_status":"closed","template":"","meta":{"wds_primary_product_brand":0,"wds_primary_product_cat":20,"wds_primary_merken":0},"product_brand":[],"product_cat":[5315],"product_tag":[1864,2446,2584,5497,2332,3045,5323,1972,5320,2499],"merken":[2756],"class_list":{"0":"post-10313","1":"product","2":"type-product","3":"status-publish","4":"has-post-thumbnail","6":"product_cat-complementos-alimenticios","7":"product_tag-antioxidante","8":"product_tag-articulaciones","9":"product_tag-cuidado-ngd","10":"product_tag-curcuma","11":"product_tag-curcumina-es","12":"product_tag-inflamacion","13":"product_tag-inmunidad","14":"product_tag-liposomal-es","15":"product_tag-ngd-cuidado-salud-humana","16":"product_tag-reparar","17":"merken-ngdcare","18":"infinite-scroll-item","19":"sales-flash-overlay","20":"woocommerce-text-align-center","21":"woocommerce-image-align-center","22":"do-quantity-buttons","24":"first","25":"instock","26":"taxable","27":"shipping-taxable","28":"purchasable","29":"product-type-simple"},"_links":{"self":[{"href":"https:\/\/www.ngdcare.nl\/es\/wp-json\/wp\/v2\/product\/10313","targetHints":{"allow":["GET"]}}],"collection":[{"href":"https:\/\/www.ngdcare.nl\/es\/wp-json\/wp\/v2\/product"}],"about":[{"href":"https:\/\/www.ngdcare.nl\/es\/wp-json\/wp\/v2\/types\/product"}],"replies":[{"embeddable":true,"href":"https:\/\/www.ngdcare.nl\/es\/wp-json\/wp\/v2\/comments?post=10313"}],"wp:featuredmedia":[{"embeddable":true,"href":"https:\/\/www.ngdcare.nl\/es\/wp-json\/wp\/v2\/media\/10966"}],"wp:attachment":[{"href":"https:\/\/www.ngdcare.nl\/es\/wp-json\/wp\/v2\/media?parent=10313"}],"wp:term":[{"taxonomy":"product_brand","embeddable":true,"href":"https:\/\/www.ngdcare.nl\/es\/wp-json\/wp\/v2\/product_brand?post=10313"},{"taxonomy":"product_cat","embeddable":true,"href":"https:\/\/www.ngdcare.nl\/es\/wp-json\/wp\/v2\/product_cat?post=10313"},{"taxonomy":"product_tag","embeddable":true,"href":"https:\/\/www.ngdcare.nl\/es\/wp-json\/wp\/v2\/product_tag?post=10313"},{"taxonomy":"merken","embeddable":true,"href":"https:\/\/www.ngdcare.nl\/es\/wp-json\/wp\/v2\/merken?post=10313"}],"curies":[{"name":"wp","href":"https:\/\/api.w.org\/{rel}","templated":true}]}}