{"id":10373,"date":"2025-11-16T13:59:01","date_gmt":"2025-11-16T12:59:01","guid":{"rendered":"https:\/\/www.ngdcare.nl\/?post_type=product&#038;p=10373"},"modified":"2025-12-01T20:44:05","modified_gmt":"2025-12-01T19:44:05","slug":"nad-liposomal-resveratrol-y-ergotioneina-apoyo-a-la-longevidad-kopie","status":"publish","type":"product","link":"https:\/\/www.ngdcare.nl\/es\/product\/complementos-alimenticios\/nad-liposomal-resveratrol-y-ergotioneina-apoyo-a-la-longevidad-kopie\/","title":{"rendered":"Soporte de longevidad liposomal"},"content":{"rendered":"<p style=\"font-weight: 400;\"><strong>NAD\u207a<\/strong> (nicotinamida adenina dinucle\u00f3tido) es un cofactor crucial en la producci\u00f3n de energ\u00eda, la reparaci\u00f3n del ADN y el metabolismo celular. Con la edad, los niveles de NAD\u207a disminuyen gradualmente, lo que se asocia con una funci\u00f3n mitocondrial deteriorada, una recuperaci\u00f3n m\u00e1s lenta y procesos de envejecimiento. <strong>El resveratrol<\/strong> es un polifenol que puede influir en la actividad de SIRT1 y, por tanto, apoya las v\u00edas de respuesta al estr\u00e9s, metabolismo y envejecimiento. <strong>La ergotionina<\/strong> es un antioxidante \u00fanico que contiene azufre y que se absorbe espec\u00edficamente en c\u00e9lulas y tejidos a trav\u00e9s del transportador OCTN1 y desempe\u00f1a un papel protector frente al estr\u00e9s oxidativo y nitrosativo. <\/p>\n<p style=\"font-weight: 400;\">En esta f\u00f3rmula lipos\u00f3mica, las tres sustancias se combinan para apoyar <strong>la gesti\u00f3n sin\u00e9rgica de la energ\u00eda, la protecci\u00f3n celular y los procesos de reparaci\u00f3n<\/strong>. El precursor de NAD contribuye a reponer las reservas de NAD\u207a, el resveratrol apoya la actividad de la sirtuina y la salud vascular, y la ergotione\u00edna proporciona protecci\u00f3n redox a largo plazo en tejidos con alta actividad metab\u00f3lica (como el cerebro, el coraz\u00f3n y el h\u00edgado). Esto hace que la f\u00f3rmula sea adecuada para la fatiga, la recuperaci\u00f3n tras una enfermedad, el aumento del estr\u00e9s oxidativo, el riesgo cardiometab\u00f3lico y como parte de una estrategia integrativa de \u00abenvejecimiento saludable\u00bb.  <\/p>\n<p style=\"font-weight: 400;\">La matriz liposomal garantiza que estas sustancias sensibles sean bien absorbidas y permanezcan protegidas en el tracto gastrointestinal. La f\u00f3rmula ha sido desarrollada para usuarios adultos y terapeutas que desean centrarse en las mitocondrias, el envejecimiento celular y la salud del sistema, sin dosis extremas o experimentales. <\/p>\n","protected":false},"excerpt":{"rendered":"<p style=\"font-weight: 400;\">El Soporte de Longevidad Liposomal combina un precursor de NAD con resveratrol y ergotionina en una f\u00f3rmula liposomal altamente absorbible. Apoya la gesti\u00f3n energ\u00e9tica, la protecci\u00f3n celular y los procesos implicados en el envejecimiento saludable. <\/p>\n<p style=\"font-weight: 400;\">\n","protected":false},"featured_media":11022,"comment_status":"open","ping_status":"closed","template":"","meta":[],"product_brand":[],"product_cat":[5315],"product_tag":[2584,4027,5614,1972,2175,5612,4450,5320,2342,4451,5616],"merken":[2756],"class_list":{"0":"post-10373","1":"product","2":"type-product","3":"status-publish","4":"has-post-thumbnail","6":"product_cat-complementos-alimenticios","7":"product_tag-cuidado-ngd","8":"product_tag-envejecimiento","9":"product_tag-ergotioneina","10":"product_tag-liposomal-es","11":"product_tag-longevidad","12":"product_tag-mitocondria","13":"product_tag-nad-es","14":"product_tag-ngd-cuidado-salud-humana","15":"product_tag-proteccion-celular","16":"product_tag-resveratrol-es","17":"product_tag-sirtuins","18":"merken-ngdcare","19":"infinite-scroll-item","20":"sales-flash-overlay","21":"woocommerce-text-align-center","22":"woocommerce-image-align-center","23":"do-quantity-buttons","25":"first","26":"instock","27":"taxable","28":"shipping-taxable","29":"purchasable","30":"product-type-simple"},"_links":{"self":[{"href":"https:\/\/www.ngdcare.nl\/es\/wp-json\/wp\/v2\/product\/10373","targetHints":{"allow":["GET"]}}],"collection":[{"href":"https:\/\/www.ngdcare.nl\/es\/wp-json\/wp\/v2\/product"}],"about":[{"href":"https:\/\/www.ngdcare.nl\/es\/wp-json\/wp\/v2\/types\/product"}],"replies":[{"embeddable":true,"href":"https:\/\/www.ngdcare.nl\/es\/wp-json\/wp\/v2\/comments?post=10373"}],"wp:featuredmedia":[{"embeddable":true,"href":"https:\/\/www.ngdcare.nl\/es\/wp-json\/wp\/v2\/media\/11022"}],"wp:attachment":[{"href":"https:\/\/www.ngdcare.nl\/es\/wp-json\/wp\/v2\/media?parent=10373"}],"wp:term":[{"taxonomy":"product_brand","embeddable":true,"href":"https:\/\/www.ngdcare.nl\/es\/wp-json\/wp\/v2\/product_brand?post=10373"},{"taxonomy":"product_cat","embeddable":true,"href":"https:\/\/www.ngdcare.nl\/es\/wp-json\/wp\/v2\/product_cat?post=10373"},{"taxonomy":"product_tag","embeddable":true,"href":"https:\/\/www.ngdcare.nl\/es\/wp-json\/wp\/v2\/product_tag?post=10373"},{"taxonomy":"merken","embeddable":true,"href":"https:\/\/www.ngdcare.nl\/es\/wp-json\/wp\/v2\/merken?post=10373"}],"curies":[{"name":"wp","href":"https:\/\/api.w.org\/{rel}","templated":true}]}}