{"id":10405,"date":"2025-11-16T14:15:46","date_gmt":"2025-11-16T13:15:46","guid":{"rendered":"https:\/\/www.ngdcare.nl\/?post_type=product&#038;p=10405"},"modified":"2025-11-24T13:24:15","modified_gmt":"2025-11-24T12:24:15","slug":"mezcla-de-hongos-liposomales-1-complejo-micoinmune-liposomal-kopie","status":"publish","type":"product","link":"https:\/\/www.ngdcare.nl\/es\/product\/human-health\/complementos-alimenticios\/mezcla-de-hongos-liposomales-1-complejo-micoinmune-liposomal-kopie\/","title":{"rendered":"Complejo inmunitario micosomal liposomal"},"content":{"rendered":"<p><strong><span style=\"font-weight: 400;\">Cuidado NGD \u2013 El complejo inmunitario <strong>mico liposomal <\/strong><\/span> <\/strong>es una potente mezcla de cuatro setas medicinales: <strong style=\"font-weight: 400;\">Agaricus blazei Murill, Maitake (Grifola frondosa), Shiitake (Lentinula edodes)<\/strong> y <strong style=\"font-weight: 400;\">Coriolus versicolor (Cola de pavo).<\/strong> Estas setas tienen una larga tradici\u00f3n en fitoterapia y una base cient\u00edfica en crecimiento. Sus principales componentes activos son polisac\u00e1ridos y \u03b2-glucanos que modulan el sistema inmunitario innato y adaptativo mediante receptores como Dectin-1, TLRs y v\u00edas del complemento. Al formularlos lipos\u00f3micamente, los extractos se protegen y absorben mejor, lo cual es especialmente importante para personas con un sistema digestivo fr\u00e1gil.   <\/p>\n<p>El Complejo Inmunol\u00f3gico Miconol\u00f3gico apoya una respuesta inmune equilibrada: puede modular tanto las respuestas inmunitarias subactivas como hiperactivas, y por ello se utiliza a menudo para <strong>reducir la resistencia, recuperarse tras una enfermedad, aumentar la susceptibilidad a infecciones <\/strong>y como componente de apoyo en<strong> las trayectorias oncol\u00f3gicas o cr\u00f3nicas de enfermedades<\/strong> (siempre en consulta con el profesional). Adem\u00e1s, las setas contribuyen a la vitalidad, la protecci\u00f3n antioxidante y el apoyo de la funci\u00f3n hep\u00e1tica e intestinal. <\/p>\n<p>Al combinar varias setas, se agrupan diferentes mecanismos de acci\u00f3n, resultando en un soporte amplio, pero al mismo tiempo relativamente leve y fisiol\u00f3gico del sistema inmunitario. La matriz liposomal hace que esta f\u00f3rmula sea adecuada para un uso prolongado y para pacientes sensibles que son menos tolerados por dosis elevadas de productos de hongos crudos. <\/p>\n<p data-start=\"14463\" data-end=\"14479\">\n","protected":false},"excerpt":{"rendered":"<p class=\"p3\">El complejo inmunol\u00f3gico mico liposomal combina cuatro setas medicinales para apoyar el sistema inmunitario, la recuperaci\u00f3n y la vitalidad. La forma liposomal aumenta la absorci\u00f3n y la biodisponibilidad. <\/p>\n","protected":false},"featured_media":10999,"comment_status":"open","ping_status":"closed","template":"","meta":{"wds_primary_product_brand":0,"wds_primary_product_cat":21,"wds_primary_merken":0},"product_brand":[],"product_cat":[5315],"product_tag":[2826,5570,2828,2584,1972,2827,5568,5569,5320,2825,1935],"merken":[],"class_list":{"0":"post-10405","1":"product","2":"type-product","3":"status-publish","4":"has-post-thumbnail","6":"product_cat-complementos-alimenticios","7":"product_tag-agaricus-es","8":"product_tag-beta-glucanos","9":"product_tag-coriollo","10":"product_tag-cuidado-ngd","11":"product_tag-liposomal-es","12":"product_tag-maitake-es","13":"product_tag-mezcla-de-setas","14":"product_tag-myco-immune","15":"product_tag-ngd-cuidado-salud-humana","16":"product_tag-shiitake-es","17":"product_tag-sistema-inmune","18":"infinite-scroll-item","19":"sales-flash-overlay","20":"woocommerce-text-align-center","21":"woocommerce-image-align-center","22":"do-quantity-buttons","24":"first","25":"instock","26":"featured","27":"taxable","28":"shipping-taxable","29":"purchasable","30":"product-type-simple"},"_links":{"self":[{"href":"https:\/\/www.ngdcare.nl\/es\/wp-json\/wp\/v2\/product\/10405","targetHints":{"allow":["GET"]}}],"collection":[{"href":"https:\/\/www.ngdcare.nl\/es\/wp-json\/wp\/v2\/product"}],"about":[{"href":"https:\/\/www.ngdcare.nl\/es\/wp-json\/wp\/v2\/types\/product"}],"replies":[{"embeddable":true,"href":"https:\/\/www.ngdcare.nl\/es\/wp-json\/wp\/v2\/comments?post=10405"}],"wp:featuredmedia":[{"embeddable":true,"href":"https:\/\/www.ngdcare.nl\/es\/wp-json\/wp\/v2\/media\/10999"}],"wp:attachment":[{"href":"https:\/\/www.ngdcare.nl\/es\/wp-json\/wp\/v2\/media?parent=10405"}],"wp:term":[{"taxonomy":"product_brand","embeddable":true,"href":"https:\/\/www.ngdcare.nl\/es\/wp-json\/wp\/v2\/product_brand?post=10405"},{"taxonomy":"product_cat","embeddable":true,"href":"https:\/\/www.ngdcare.nl\/es\/wp-json\/wp\/v2\/product_cat?post=10405"},{"taxonomy":"product_tag","embeddable":true,"href":"https:\/\/www.ngdcare.nl\/es\/wp-json\/wp\/v2\/product_tag?post=10405"},{"taxonomy":"merken","embeddable":true,"href":"https:\/\/www.ngdcare.nl\/es\/wp-json\/wp\/v2\/merken?post=10405"}],"curies":[{"name":"wp","href":"https:\/\/api.w.org\/{rel}","templated":true}]}}