{"id":10466,"date":"2025-11-16T15:11:48","date_gmt":"2025-11-16T14:11:48","guid":{"rendered":"https:\/\/www.ngdcare.nl\/?post_type=product&#038;p=10466"},"modified":"2025-11-24T12:43:00","modified_gmt":"2025-11-24T11:43:00","slug":"vitamina-c-liposomale-vitamina-c-liposomal-kopie","status":"publish","type":"product","link":"https:\/\/www.ngdcare.nl\/es\/product\/human-health\/complementos-alimenticios\/vitamina-c-liposomale-vitamina-c-liposomal-kopie\/","title":{"rendered":"Vitamina C liposomal"},"content":{"rendered":"<p style=\"font-weight: 400;\"><strong>La vitamina C<\/strong> es un antioxidante esencial que desempe\u00f1a un papel importante en el <strong>sistema inmunitario<\/strong>, <strong>la producci\u00f3n de col\u00e1geno<\/strong>, <strong>el metabolismo energ\u00e9tico<\/strong> y <strong>la protecci\u00f3n frente al estr\u00e9s oxidativo<\/strong>. La mayor\u00eda de las formas de vitamina C se descomponen r\u00e1pidamente en el tracto gastrointestinal, lo que limita su absorci\u00f3n y puede causar molestias abdominales en dosis m\u00e1s altas. Por ello, NGD Care utiliza una forma lipos\u00f3mica, en la que la vitamina C est\u00e1 encapsulada en fosfol\u00edpidos. Como resultado, se absorbe m\u00e1s directamente a trav\u00e9s de la linfa y es mejor tolerado por intestinos sensibles.   <\/p>\n<p style=\"font-weight: 400;\">La vitamina C liposomal apoya el sistema inmunitario tanto en situaciones agudas como preventivamente. Debido a su alta absorci\u00f3n, llega m\u00e1s r\u00e1pido a las c\u00e9lulas que dependen de suficiente ascorbato, como las c\u00e9lulas inmunitarias, c\u00e9lulas hep\u00e1ticas, fibroblastos y tejido cerebral. La vitamina C tambi\u00e9n es necesaria para la s\u00edntesis de col\u00e1geno, que contribuye a la reparaci\u00f3n de la piel, la resistencia de la pared vascular y la salud del tejido conectivo.  <\/p>\n<p style=\"font-weight: 400;\">Debido a que la vitamina C participa en cientos de procesos bioqu\u00edmicos, la demanda de ascorbato es especialmente alta durante el estr\u00e9s, infecciones, estr\u00e9s cr\u00f3nico o periodos de recuperaci\u00f3n. La forma liposomal permite lograr una alta biodisponibilidad con dosis bajas o moderadas, sin el riesgo de molestias gastrointestinales que ocurre con la vitamina C ordinaria. Este suplemento puede usarse de forma segura a diario y encaja perfectamente en los protocolos integrativos.  <\/p>\n","protected":false},"excerpt":{"rendered":"<p style=\"font-weight: 400;\">La vitamina C liposomal de NGD Care ofrece una absorci\u00f3n muy alta, apoya el sistema inmunitario, ayuda a reducir el estr\u00e9s oxidativo y favorece la producci\u00f3n de col\u00e1geno. Suave para el est\u00f3mago y los intestinos. <\/p>\n","protected":false},"featured_media":10910,"comment_status":"open","ping_status":"closed","template":"","meta":{"wds_primary_product_brand":0,"wds_primary_product_cat":187,"wds_primary_merken":0},"product_brand":[],"product_cat":[5315],"product_tag":[1864,3991,2584,5423,5323,1972,5320,5422,5424],"merken":[],"class_list":{"0":"post-10466","1":"product","2":"type-product","3":"status-publish","4":"has-post-thumbnail","6":"product_cat-complementos-alimenticios","7":"product_tag-antioxidante","8":"product_tag-colageno","9":"product_tag-cuidado-ngd","10":"product_tag-estres-oxidativo","11":"product_tag-inmunidad","12":"product_tag-liposomal-es","13":"product_tag-ngd-cuidado-salud-humana","14":"product_tag-suplementos-humanos","15":"product_tag-vitamina-c","16":"infinite-scroll-item","17":"sales-flash-overlay","18":"woocommerce-text-align-center","19":"woocommerce-image-align-center","20":"do-quantity-buttons","22":"first","23":"instock","24":"taxable","25":"shipping-taxable","26":"purchasable","27":"product-type-simple"},"_links":{"self":[{"href":"https:\/\/www.ngdcare.nl\/es\/wp-json\/wp\/v2\/product\/10466","targetHints":{"allow":["GET"]}}],"collection":[{"href":"https:\/\/www.ngdcare.nl\/es\/wp-json\/wp\/v2\/product"}],"about":[{"href":"https:\/\/www.ngdcare.nl\/es\/wp-json\/wp\/v2\/types\/product"}],"replies":[{"embeddable":true,"href":"https:\/\/www.ngdcare.nl\/es\/wp-json\/wp\/v2\/comments?post=10466"}],"wp:featuredmedia":[{"embeddable":true,"href":"https:\/\/www.ngdcare.nl\/es\/wp-json\/wp\/v2\/media\/10910"}],"wp:attachment":[{"href":"https:\/\/www.ngdcare.nl\/es\/wp-json\/wp\/v2\/media?parent=10466"}],"wp:term":[{"taxonomy":"product_brand","embeddable":true,"href":"https:\/\/www.ngdcare.nl\/es\/wp-json\/wp\/v2\/product_brand?post=10466"},{"taxonomy":"product_cat","embeddable":true,"href":"https:\/\/www.ngdcare.nl\/es\/wp-json\/wp\/v2\/product_cat?post=10466"},{"taxonomy":"product_tag","embeddable":true,"href":"https:\/\/www.ngdcare.nl\/es\/wp-json\/wp\/v2\/product_tag?post=10466"},{"taxonomy":"merken","embeddable":true,"href":"https:\/\/www.ngdcare.nl\/es\/wp-json\/wp\/v2\/merken?post=10466"}],"curies":[{"name":"wp","href":"https:\/\/api.w.org\/{rel}","templated":true}]}}