{"id":10486,"date":"2025-11-16T15:32:09","date_gmt":"2025-11-16T14:32:09","guid":{"rendered":"https:\/\/www.ngdcare.nl\/?post_type=product&#038;p=10486"},"modified":"2025-11-24T15:31:36","modified_gmt":"2025-11-24T14:31:36","slug":"pea-liposomal-y-boswellia-complejo-de-pea-liposomal-kopie","status":"publish","type":"product","link":"https:\/\/www.ngdcare.nl\/es\/product\/complementos-alimenticios\/pea-liposomal-y-boswellia-complejo-de-pea-liposomal-kopie\/","title":{"rendered":"Complejo PEA liposomal"},"content":{"rendered":"<p style=\"font-weight: 400;\"><strong>La palmitoiletanolamida<\/strong> (PEA) es un compuesto propio del cuerpo que regula el dolor, la inflamaci\u00f3n y la actividad inmunitaria a trav\u00e9s de receptores como el PPAR-\u03b1, GPR55 y v\u00edas similares a los cannabinoides. Se produce en el cuerpo durante el estr\u00e9s, la carga tisular o la inflamaci\u00f3n, pero esta producci\u00f3n puede <strong>ser insuficiente en las quejas cr\u00f3nicas<\/strong>. <strong>Boswellia serrata<\/strong> contiene \u00e1cidos boswellicos, incluido el AKBA (acetil-11-cetoceto-\u03b2-boswellico), que, entre otras cosas, inhiben el 5-LOX y as\u00ed reducen la producci\u00f3n de leucotrienos proinflamatorios. <\/p>\n<p style=\"font-weight: 400;\">La combinaci\u00f3n de PEA y Boswellia ofrece una doble acci\u00f3n: la PEA apoya la modulaci\u00f3n de la neuroinflamaci\u00f3n y la percepci\u00f3n del dolor, mientras que Boswellia act\u00faa espec\u00edficamente sobre las v\u00edas inflamatorias en los tejidos. La matriz liposomal asegura que ambas sustancias sean mejor absorbidas y est\u00e9n disponibles m\u00e1s r\u00e1pidamente para las c\u00e9lulas implicadas. <\/p>\n<p style=\"font-weight: 400;\">Este suplemento puede usarse para el dolor a largo plazo, la sobreestimulaci\u00f3n del sistema nervioso, la tensi\u00f3n articular, la tensi\u00f3n muscular, la sensibilidad a la inflamaci\u00f3n y los procesos de recuperaci\u00f3n. La f\u00f3rmula es suave, bien tolerada y adecuada para personas que desean apoyo natural y sist\u00e9mico sin el efecto de analg\u00e9sicos fuertes. <\/p>\n","protected":false},"excerpt":{"rendered":"<p style=\"font-weight: 400;\">El complejo PEA liposomal favorece la regulaci\u00f3n natural del dolor, el confort nervioso y el equilibrio inflamatorio. La forma liposomal aumenta la absorci\u00f3n y la eficacia. <\/p>\n","protected":false},"featured_media":11802,"comment_status":"open","ping_status":"closed","template":"","meta":[],"product_brand":[],"product_cat":[5315],"product_tag":[1974,1973,1984,1982,5599,1983,2584,5734,1975,1979,1981,1972,1976,1977,5320,5422,1882],"merken":[2756],"class_list":{"0":"post-10486","1":"product","2":"type-product","3":"status-publish","4":"has-post-thumbnail","6":"product_cat-complementos-alimenticios","7":"product_tag-analgesico-natural","8":"product_tag-antiinflamatorio-natural","9":"product_tag-apoyo-conjunto","10":"product_tag-artrosis","11":"product_tag-balance-de-encendido","12":"product_tag-boswellia-es","13":"product_tag-cuidado-ngd","14":"product_tag-dolor","15":"product_tag-endocannabinoide-es","16":"product_tag-glaucoma-es","17":"product_tag-guisante","18":"product_tag-liposomal-es","19":"product_tag-neuralgia-es","20":"product_tag-neuropatia","21":"product_tag-ngd-cuidado-salud-humana","22":"product_tag-suplementos-humanos","23":"product_tag-suplementos-ngd-care","24":"merken-ngdcare","25":"infinite-scroll-item","26":"sales-flash-overlay","27":"woocommerce-text-align-center","28":"woocommerce-image-align-center","29":"do-quantity-buttons","31":"first","32":"instock","33":"taxable","34":"shipping-taxable","35":"purchasable","36":"product-type-simple"},"_links":{"self":[{"href":"https:\/\/www.ngdcare.nl\/es\/wp-json\/wp\/v2\/product\/10486","targetHints":{"allow":["GET"]}}],"collection":[{"href":"https:\/\/www.ngdcare.nl\/es\/wp-json\/wp\/v2\/product"}],"about":[{"href":"https:\/\/www.ngdcare.nl\/es\/wp-json\/wp\/v2\/types\/product"}],"replies":[{"embeddable":true,"href":"https:\/\/www.ngdcare.nl\/es\/wp-json\/wp\/v2\/comments?post=10486"}],"wp:featuredmedia":[{"embeddable":true,"href":"https:\/\/www.ngdcare.nl\/es\/wp-json\/wp\/v2\/media\/11802"}],"wp:attachment":[{"href":"https:\/\/www.ngdcare.nl\/es\/wp-json\/wp\/v2\/media?parent=10486"}],"wp:term":[{"taxonomy":"product_brand","embeddable":true,"href":"https:\/\/www.ngdcare.nl\/es\/wp-json\/wp\/v2\/product_brand?post=10486"},{"taxonomy":"product_cat","embeddable":true,"href":"https:\/\/www.ngdcare.nl\/es\/wp-json\/wp\/v2\/product_cat?post=10486"},{"taxonomy":"product_tag","embeddable":true,"href":"https:\/\/www.ngdcare.nl\/es\/wp-json\/wp\/v2\/product_tag?post=10486"},{"taxonomy":"merken","embeddable":true,"href":"https:\/\/www.ngdcare.nl\/es\/wp-json\/wp\/v2\/merken?post=10486"}],"curies":[{"name":"wp","href":"https:\/\/api.w.org\/{rel}","templated":true}]}}