{"id":10548,"date":"2025-11-16T22:09:48","date_gmt":"2025-11-16T21:09:48","guid":{"rendered":"https:\/\/www.ngdcare.nl\/?post_type=product&#038;p=10548"},"modified":"2025-11-24T14:48:08","modified_gmt":"2025-11-24T13:48:08","slug":"mezcla-de-enzimas-2-limpiador-de-biofilm-kopie","status":"publish","type":"product","link":"https:\/\/www.ngdcare.nl\/es\/product\/human-health\/complementos-alimenticios\/mezcla-de-enzimas-2-limpiador-de-biofilm-kopie\/","title":{"rendered":"Balance de biofilm"},"content":{"rendered":"<p data-start=\"15990\" data-end=\"17309\"><strong>NGD Care Biofilm Balance<\/strong> es un complejo enzim\u00e1tico desarrollado para alterar biopel\u00edculas pat\u00f3genas en el tracto gastrointestinal de manera dirigida. Una biopel\u00edcula madura consiste en una matriz protectora de polisac\u00e1ridos, prote\u00ednas, l\u00edpidos, mucinas y ADN microbiano. Esta matriz hace que las bacterias, levaduras y estructuras parasitarias sean menos sensibles a las c\u00e9lulas inmunitarias, el ox\u00edgeno, las fluctuaciones del pH y las intervenciones antimicrobianas. La combinaci\u00f3n de enzimas en Biofilm Balance est\u00e1 espec\u00edficamente dise\u00f1ada para descomponer estas capas de la matriz, de modo que los microorganismos pat\u00f3genos sean m\u00e1s accesibles para el sistema inmunitario y para terapias adicionales.   <\/p>\n<p data-start=\"1314\" data-end=\"1915\">La f\u00f3rmula contiene <strong>amilasa<\/strong> y otras enzimas polisac\u00e1ridas para descomponer la matriz de az\u00facar extracelular (EPS). <strong>La proteasa<\/strong> se dirige a las estructuras proteicas, incluyendo lectinas y prote\u00ednas de adhesi\u00f3n que las bacterias necesitan para adherirse a la mucosa intestinal. <strong>La lipasa<\/strong> favorece la disoluci\u00f3n de componentes ricos en grasa de la biopel\u00edcula, que proporcionan, entre otras cosas, las propiedades repelentes al agua y protectoras de la matriz.<\/p>\n<p data-start=\"1917\" data-end=\"2469\">La <strong>N-acetilciste\u00edna<\/strong> (NAC) potencia este proceso al aflojar los enlaces disulfuro en la capa mucosa y las estructuras de biofilm, haciendo que la matriz sea menos viscosa y permitiendo que las enzimas penetren mejor. El NAC tambi\u00e9n tiene un efecto antioxidante y mucol\u00edtico y se describe en la literatura como una de las sustancias m\u00e1s eficaces contra biopel\u00edculas bacterianas y f\u00fangicas, especialmente en combinaci\u00f3n con proteasas. La combinaci\u00f3n de la actividad enzim\u00e1tica y la NAC crea un <strong data-start=\"2378\" data-end=\"2406\">ataque multidimensional<\/strong> sobre las biopel\u00edculas: mec\u00e1nica, enzim\u00e1tica, qu\u00edmica y estructural.  <\/p>\n<p data-start=\"2471\" data-end=\"3056\">El Equilibrio de Biofilm est\u00e1 pensado como un apoyo especializado dentro de trayectorias intestinales integrativas, por ejemplo en caso de disbiosis persistente, infecciones recurrentes, inflamaci\u00f3n de bajo grado, quejas similares a SIBO o estancamiento del progreso en las fases 1 y 2 de un protocolo intestinal. Debido a que la descomposici\u00f3n de los biofilms puede estimular temporalmente la desintoxicaci\u00f3n y la activaci\u00f3n inmunitaria, este producto se utiliza t\u00edpicamente en dosis cuidadosamente dise\u00f1adas. La sinergia de las enzimas con la NAC hace que esta f\u00f3rmula sea potente, pero tambi\u00e9n bien controlada y adecuada para la gu\u00eda terap\u00e9utica en la pr\u00e1ctica humana.  <\/p>\n","protected":false},"excerpt":{"rendered":"<p class=\"p3\">Biofilm Balance es un complejo enzim\u00e1tico intensivo con amilasa, proteasa, lipasa y NAC. Desarrollado espec\u00edficamente para descomponer biopel\u00edculas pat\u00f3genas en el tracto gastrointestinal y apoyar la reparaci\u00f3n del microbioma. <\/p>\n","protected":false},"featured_media":11055,"comment_status":"open","ping_status":"closed","template":"","meta":{"wds_primary_product_brand":0,"wds_primary_product_cat":16,"wds_primary_merken":0},"product_brand":[],"product_cat":[5315],"product_tag":[4150,1864,5698,2584,1866,1868,4157,2664,4156,4155,4154,4107,4153,4531,4149,5696,4148,2903,5320,4151,2342,4152,1870,1935,5697,5422],"merken":[2756],"class_list":{"0":"post-10548","1":"product","2":"type-product","3":"status-publish","4":"has-post-thumbnail","6":"product_cat-complementos-alimenticios","7":"product_tag-amilasa","8":"product_tag-antioxidante","9":"product_tag-comidas-abundantes","10":"product_tag-cuidado-ngd","11":"product_tag-desintoxicacion","12":"product_tag-desintoxicacion-es","13":"product_tag-digestion-es-2","14":"product_tag-digestion-es","15":"product_tag-digestion-de-carbohidratos","16":"product_tag-digestion-de-grasas","17":"product_tag-digestion-de-proteinas","18":"product_tag-enzimas-es","19":"product_tag-enzimas-digestivas-es","20":"product_tag-enzimas-digestivas-es-2","21":"product_tag-lipasa","22":"product_tag-mezcla-de-enzimas-2","23":"product_tag-n-acetilcisteina-es","24":"product_tag-nac-es","25":"product_tag-ngd-cuidado-salud-humana","26":"product_tag-proteasa","27":"product_tag-proteccion-celular","28":"product_tag-proteccion-del-higado","29":"product_tag-salud-intestinal","30":"product_tag-sistema-inmune","31":"product_tag-soporte-para-pancreas","32":"product_tag-suplementos-humanos","33":"merken-ngdcare","34":"infinite-scroll-item","35":"sales-flash-overlay","36":"woocommerce-text-align-center","37":"woocommerce-image-align-center","38":"do-quantity-buttons","40":"first","41":"instock","42":"taxable","43":"shipping-taxable","44":"purchasable","45":"product-type-simple"},"_links":{"self":[{"href":"https:\/\/www.ngdcare.nl\/es\/wp-json\/wp\/v2\/product\/10548","targetHints":{"allow":["GET"]}}],"collection":[{"href":"https:\/\/www.ngdcare.nl\/es\/wp-json\/wp\/v2\/product"}],"about":[{"href":"https:\/\/www.ngdcare.nl\/es\/wp-json\/wp\/v2\/types\/product"}],"replies":[{"embeddable":true,"href":"https:\/\/www.ngdcare.nl\/es\/wp-json\/wp\/v2\/comments?post=10548"}],"wp:featuredmedia":[{"embeddable":true,"href":"https:\/\/www.ngdcare.nl\/es\/wp-json\/wp\/v2\/media\/11055"}],"wp:attachment":[{"href":"https:\/\/www.ngdcare.nl\/es\/wp-json\/wp\/v2\/media?parent=10548"}],"wp:term":[{"taxonomy":"product_brand","embeddable":true,"href":"https:\/\/www.ngdcare.nl\/es\/wp-json\/wp\/v2\/product_brand?post=10548"},{"taxonomy":"product_cat","embeddable":true,"href":"https:\/\/www.ngdcare.nl\/es\/wp-json\/wp\/v2\/product_cat?post=10548"},{"taxonomy":"product_tag","embeddable":true,"href":"https:\/\/www.ngdcare.nl\/es\/wp-json\/wp\/v2\/product_tag?post=10548"},{"taxonomy":"merken","embeddable":true,"href":"https:\/\/www.ngdcare.nl\/es\/wp-json\/wp\/v2\/merken?post=10548"}],"curies":[{"name":"wp","href":"https:\/\/api.w.org\/{rel}","templated":true}]}}