{"id":10569,"date":"2025-11-16T22:54:27","date_gmt":"2025-11-16T21:54:27","guid":{"rendered":"https:\/\/www.ngdcare.nl\/?post_type=product&#038;p=10569"},"modified":"2025-11-24T12:57:11","modified_gmt":"2025-11-24T11:57:11","slug":"kefir-de-agua-probioticos-fermentados-kopie","status":"publish","type":"product","link":"https:\/\/www.ngdcare.nl\/es\/product\/human-health\/complementos-alimenticios\/kefir-de-agua-probioticos-fermentados-kopie\/","title":{"rendered":"Probi\u00f3ticos fermentados"},"content":{"rendered":"<p style=\"font-weight: 400;\"><strong>NGD Care \u2013 El k\u00e9fir de agua <\/strong> es un k\u00e9fir fermentado fermentado y liofilizado. Esta f\u00f3rmula contiene <strong>m\u00e1s de 50 cepas diferentes de bacterias y levaduras naturales<\/strong>, incluyendo diversas especies de <em>Lactobacillus<\/em>, <em>Saccharomyces<\/em>, <em>Candida<\/em>, <em>Kluyveromyces<\/em> y <em>Acetobacter<\/em>. Esto lo convierte en un complejo probi\u00f3tico de acci\u00f3n amplia destinado a apoyar la diversidad y resiliencia del microbioma intestinal.  <\/p>\n<p style=\"font-weight: 400;\">El producto puede ayudar en la recuperaci\u00f3n tras los antibi\u00f3ticos, apoyar la deposici\u00f3n y reducir las molestias funcionales intestinales. La producci\u00f3n de SCFAs, lactato y otros metabolitos afecta favorablemente al pH y al entorno en el intestino. Adem\u00e1s, el microbioma intestinal desempe\u00f1a un papel en el eje intestino-cerebro y en el eje inmunol\u00f3gico, lo que significa que el k\u00e9fir tambi\u00e9n puede influir indirectamente en el estado de \u00e1nimo, la resistencia al estr\u00e9s y la resistencia general.  <\/p>\n<p style=\"font-weight: 400;\">Como cada intestino reacciona de forma diferente, es importante empezar poco a poco con los intestinos sensibles y aumentar la dosis paso a paso. Probi\u00f3ticos fermentados \u2013 El k\u00e9fir se puede combinar bien con prebi\u00f3ticos, enzimas y otros agentes de apoyo intestinal en un protocolo personalizado. <\/p>\n","protected":false},"excerpt":{"rendered":"<p>Los probi\u00f3ticos fermentados contienen bacterias vivas y levaduras procedentes de cultivos de k\u00e9fir para apoyar el microbioma intestinal, la digesti\u00f3n y el equilibrio inmunitario.<\/p>\n","protected":false},"featured_media":10944,"comment_status":"open","ping_status":"closed","template":"","meta":{"wds_primary_product_brand":0,"wds_primary_product_cat":16,"wds_primary_merken":0},"product_brand":[],"product_cat":[5315],"product_tag":[2584,1943,1937,1944,1940,1941,5320,1942,5486,1870,1935,1862,5422,1882],"merken":[2756],"class_list":{"0":"post-10569","1":"product","2":"type-product","3":"status-publish","4":"has-post-thumbnail","6":"product_cat-complementos-alimenticios","7":"product_tag-cuidado-ngd","8":"product_tag-fermentacion","9":"product_tag-holistico","10":"product_tag-kefir-es","11":"product_tag-kefir-de-agua","12":"product_tag-microbioma-es","13":"product_tag-ngd-cuidado-salud-humana","14":"product_tag-probioticos","15":"product_tag-probioticos-fermentados","16":"product_tag-salud-intestinal","17":"product_tag-sistema-inmune","18":"product_tag-suplemento","19":"product_tag-suplementos-humanos","20":"product_tag-suplementos-ngd-care","21":"merken-ngdcare","22":"infinite-scroll-item","23":"sales-flash-overlay","24":"woocommerce-text-align-center","25":"woocommerce-image-align-center","26":"do-quantity-buttons","28":"first","29":"instock","30":"taxable","31":"shipping-taxable","32":"purchasable","33":"product-type-simple"},"_links":{"self":[{"href":"https:\/\/www.ngdcare.nl\/es\/wp-json\/wp\/v2\/product\/10569","targetHints":{"allow":["GET"]}}],"collection":[{"href":"https:\/\/www.ngdcare.nl\/es\/wp-json\/wp\/v2\/product"}],"about":[{"href":"https:\/\/www.ngdcare.nl\/es\/wp-json\/wp\/v2\/types\/product"}],"replies":[{"embeddable":true,"href":"https:\/\/www.ngdcare.nl\/es\/wp-json\/wp\/v2\/comments?post=10569"}],"wp:featuredmedia":[{"embeddable":true,"href":"https:\/\/www.ngdcare.nl\/es\/wp-json\/wp\/v2\/media\/10944"}],"wp:attachment":[{"href":"https:\/\/www.ngdcare.nl\/es\/wp-json\/wp\/v2\/media?parent=10569"}],"wp:term":[{"taxonomy":"product_brand","embeddable":true,"href":"https:\/\/www.ngdcare.nl\/es\/wp-json\/wp\/v2\/product_brand?post=10569"},{"taxonomy":"product_cat","embeddable":true,"href":"https:\/\/www.ngdcare.nl\/es\/wp-json\/wp\/v2\/product_cat?post=10569"},{"taxonomy":"product_tag","embeddable":true,"href":"https:\/\/www.ngdcare.nl\/es\/wp-json\/wp\/v2\/product_tag?post=10569"},{"taxonomy":"merken","embeddable":true,"href":"https:\/\/www.ngdcare.nl\/es\/wp-json\/wp\/v2\/merken?post=10569"}],"curies":[{"name":"wp","href":"https:\/\/api.w.org\/{rel}","templated":true}]}}