{"id":10621,"date":"2025-11-17T11:38:08","date_gmt":"2025-11-17T10:38:08","guid":{"rendered":"https:\/\/www.ngdcare.nl\/?post_type=product&#038;p=10621"},"modified":"2025-11-24T15:25:51","modified_gmt":"2025-11-24T14:25:51","slug":"aceite-de-cbd-liposomal-aceite-de-cbd-liposomal-kopie","status":"publish","type":"product","link":"https:\/\/www.ngdcare.nl\/es\/product\/human-health\/complementos-alimenticios\/aceite-de-cbd-liposomal-aceite-de-cbd-liposomal-kopie\/","title":{"rendered":"Aceite de CBD liposomal"},"content":{"rendered":"<p style=\"font-weight: 400;\"><strong>El CBD<\/strong> (cannabidiol) es un cannabinoide no psicoactivo que apoya el sistema endocannabinoide (SEC), el organismo implicado en el estr\u00e9s, la sensaci\u00f3n de dolor, el estado de \u00e1nimo, el equilibrio inflamatorio y la regulaci\u00f3n del sue\u00f1o. El <strong>aceite de CBD de NGD Care<\/strong> contiene un <strong>extracto de espectro completo<\/strong> con terpenos y cannabinoides naturales, sin intoxicaci\u00f3n. Adem\u00e1s, cuenta con un tratamiento labial \u00fanico que garantiza que la absorbibilidad sea especialmente alta y estable en el tejido. El CBD act\u00faa mediante la modulaci\u00f3n de las v\u00edas CB1\/CB2, TRPV1, serotonina (5-HT1A) y el equilibrio GABA, entre otros.  <\/p>\n<p style=\"font-weight: 400;\">El aceite es adecuado para el estr\u00e9s, la tensi\u00f3n, problemas para dormir, molestias de dolor, sensibilidad a la inflamaci\u00f3n y sobreestimulaci\u00f3n. Cuando se usa de forma constante, el CBD puede ayudar a restaurar el equilibrio del SEC, con efectos sobre el reposo, la tensi\u00f3n muscular, el estado de \u00e1nimo y la percepci\u00f3n del dolor. <\/p>\n<p style=\"font-weight: 400;\">El producto se ofrece en concentraciones suaves y f\u00e1ciles de dosificar, y es adecuado para el uso diario. Contiene &lt;un 0,05% de THC y cumple con los est\u00e1ndares de la UE. <\/p>\n","protected":false},"excerpt":{"rendered":"<div>\n<p class=\"p3\">El aceite de CBD liposomal de espectro completo apoya la relajaci\u00f3n, el sistema nervioso, la regulaci\u00f3n del dolor y el equilibrio del estr\u00e9s mediante el sistema endocannabinoide.<\/p>\n<\/div>\n","protected":false},"featured_media":11824,"comment_status":"open","ping_status":"closed","template":"","meta":{"wds_primary_product_brand":0,"wds_primary_product_cat":187,"wds_primary_merken":0},"product_brand":[],"product_cat":[5315],"product_tag":[3134,4494,4491,2335,2334,4504,2172,5735,3989,5734,5736,5737,2170,1972,4502,5320,4498,4496,4500],"merken":[2756],"class_list":{"0":"post-10621","1":"product","2":"type-product","3":"status-publish","4":"has-post-thumbnail","6":"product_cat-complementos-alimenticios","7":"product_tag-aceite-de-cbd","8":"product_tag-aceite-de-cbd-al-4","9":"product_tag-aceite-de-cbd-de-espectro-completo","10":"product_tag-analgesico-es","11":"product_tag-antiinflamatorio","12":"product_tag-calmante-es","13":"product_tag-cancer-es","14":"product_tag-cannabinoides","15":"product_tag-cdb-es","16":"product_tag-dolor","17":"product_tag-dormir","18":"product_tag-ecs","19":"product_tag-estres","20":"product_tag-liposomal-es","21":"product_tag-mejora-el-sueno","22":"product_tag-ngd-cuidado-salud-humana","23":"product_tag-reduccion-de-la-ansiedad","24":"product_tag-reduccion-del-estres-es","25":"product_tag-reduce-la-ansiedad","26":"merken-ngdcare","27":"infinite-scroll-item","28":"sales-flash-overlay","29":"woocommerce-text-align-center","30":"woocommerce-image-align-center","31":"do-quantity-buttons","33":"first","34":"instock","35":"taxable","36":"shipping-taxable","37":"purchasable","38":"product-type-variable"},"_links":{"self":[{"href":"https:\/\/www.ngdcare.nl\/es\/wp-json\/wp\/v2\/product\/10621","targetHints":{"allow":["GET"]}}],"collection":[{"href":"https:\/\/www.ngdcare.nl\/es\/wp-json\/wp\/v2\/product"}],"about":[{"href":"https:\/\/www.ngdcare.nl\/es\/wp-json\/wp\/v2\/types\/product"}],"replies":[{"embeddable":true,"href":"https:\/\/www.ngdcare.nl\/es\/wp-json\/wp\/v2\/comments?post=10621"}],"wp:featuredmedia":[{"embeddable":true,"href":"https:\/\/www.ngdcare.nl\/es\/wp-json\/wp\/v2\/media\/11824"}],"wp:attachment":[{"href":"https:\/\/www.ngdcare.nl\/es\/wp-json\/wp\/v2\/media?parent=10621"}],"wp:term":[{"taxonomy":"product_brand","embeddable":true,"href":"https:\/\/www.ngdcare.nl\/es\/wp-json\/wp\/v2\/product_brand?post=10621"},{"taxonomy":"product_cat","embeddable":true,"href":"https:\/\/www.ngdcare.nl\/es\/wp-json\/wp\/v2\/product_cat?post=10621"},{"taxonomy":"product_tag","embeddable":true,"href":"https:\/\/www.ngdcare.nl\/es\/wp-json\/wp\/v2\/product_tag?post=10621"},{"taxonomy":"merken","embeddable":true,"href":"https:\/\/www.ngdcare.nl\/es\/wp-json\/wp\/v2\/merken?post=10621"}],"curies":[{"name":"wp","href":"https:\/\/api.w.org\/{rel}","templated":true}]}}