{"id":10674,"date":"2025-11-17T13:44:08","date_gmt":"2025-11-17T12:44:08","guid":{"rendered":"https:\/\/www.ngdcare.nl\/?post_type=product&#038;p=10674"},"modified":"2025-11-24T12:38:26","modified_gmt":"2025-11-24T11:38:26","slug":"ashwagandha-y-rhodiola-liposomal-complejo-adaptogeno-liposomal-kopie","status":"publish","type":"product","link":"https:\/\/www.ngdcare.nl\/es\/product\/human-health\/complementos-alimenticios\/ashwagandha-y-rhodiola-liposomal-complejo-adaptogeno-liposomal-kopie\/","title":{"rendered":"Complejo adapt\u00f3geno liposomal"},"content":{"rendered":"<p style=\"font-weight: 400;\"><strong>El complejo de adapt\u00f3genos liposomal<\/strong> de <strong>NGD Care<\/strong> combina <strong>Ashwagandha (Withania somnifera)<\/strong> y <strong>Rhodiola (Rhodiola rosea). <\/strong>La ashwagandha y la rodiola son dos de los adapt\u00f3genos m\u00e1s investigados. Regulan el eje HPA (hipot\u00e1lamo-hip\u00f3fisis-suprarrenal), apoyan la resistencia al estr\u00e9s, reducen la fatiga mental y ayudan al cuerpo a sobrellevar la tensi\u00f3n prolongada. <\/p>\n<p style=\"font-weight: 400;\">La ashwagandha tiene un efecto calmante, favorece la calidad del sue\u00f1o y posee propiedades suaves para modular la tiroides. La rodiola tiene un efecto activador, aumenta la claridad mental y favorece la producci\u00f3n de energ\u00eda mitocondrial. <\/p>\n<p style=\"font-weight: 400;\">Esta combinaci\u00f3n es ideal para <strong>el estr\u00e9s, la sobrecarga, el agotamiento, la sensibilidad a los est\u00edmulos, los cambios de humor, la fatiga <\/strong>y<strong> el desequilibrio hormonal<\/strong>. Los adapt\u00f3genos funcionan de forma amplia: normalizan en lugar de estimular o suprimir.<br data-start=\"12461\" data-end=\"12464\">La f\u00f3rmula es muy adecuada para la recuperaci\u00f3n por estr\u00e9s y agotamiento, para el desequilibrio de HPA (cortisol demasiado alto\/demasiado bajo), para el estr\u00e9s de ex\u00e1menes, periodos de sobrecarga mental y recuperaci\u00f3n tras una enfermedad. <\/p>\n","protected":false},"excerpt":{"rendered":"<p class=\"p3\">Se mezcla adapt\u00f3geno con Ashwagandha y Rhodiola liposomal para apoyar la resistencia al estr\u00e9s, la energ\u00eda, el estado de \u00e1nimo y el equilibrio hormonal.<\/p>\n","protected":false},"featured_media":10889,"comment_status":"open","ping_status":"closed","template":"","meta":{"wds_primary_product_brand":0,"wds_primary_product_cat":187,"wds_primary_merken":0},"product_brand":[],"product_cat":[5315],"product_tag":[2169,4061,1856,2489,2497,5389,2340,2498,2500,2494,2170,2501,1937,5388,1972,5320,2495,2492,2499,2496,2491,1935,2493,1882,2174],"merken":[2756],"class_list":{"0":"post-10674","1":"product","2":"type-product","3":"status-publish","4":"has-post-thumbnail","6":"product_cat-complementos-alimenticios","7":"product_tag-adaptogeno","8":"product_tag-adaptogenos","9":"product_tag-animales","10":"product_tag-comportamiento","11":"product_tag-digestion-del-sueno","12":"product_tag-eje-hpa","13":"product_tag-energia-es","14":"product_tag-enfoque-y-concentracion","15":"product_tag-equilibrio-emocional-es","16":"product_tag-equilibrio-hormonal-es","17":"product_tag-estres","18":"product_tag-glandulas-suprarrenales","19":"product_tag-holistico","20":"product_tag-humor","21":"product_tag-liposomal-es","22":"product_tag-ngd-cuidado-salud-humana","23":"product_tag-recreacion","24":"product_tag-reduccion-del-estres","25":"product_tag-reparar","26":"product_tag-reposo","27":"product_tag-rhodiola-es","28":"product_tag-sistema-inmune","29":"product_tag-suplemento-natural-es","30":"product_tag-suplementos-ngd-care","31":"product_tag-vitalidad","32":"merken-ngdcare","33":"infinite-scroll-item","34":"sales-flash-overlay","35":"woocommerce-text-align-center","36":"woocommerce-image-align-center","37":"do-quantity-buttons","39":"first","40":"instock","41":"taxable","42":"shipping-taxable","43":"purchasable","44":"product-type-simple"},"_links":{"self":[{"href":"https:\/\/www.ngdcare.nl\/es\/wp-json\/wp\/v2\/product\/10674","targetHints":{"allow":["GET"]}}],"collection":[{"href":"https:\/\/www.ngdcare.nl\/es\/wp-json\/wp\/v2\/product"}],"about":[{"href":"https:\/\/www.ngdcare.nl\/es\/wp-json\/wp\/v2\/types\/product"}],"replies":[{"embeddable":true,"href":"https:\/\/www.ngdcare.nl\/es\/wp-json\/wp\/v2\/comments?post=10674"}],"wp:featuredmedia":[{"embeddable":true,"href":"https:\/\/www.ngdcare.nl\/es\/wp-json\/wp\/v2\/media\/10889"}],"wp:attachment":[{"href":"https:\/\/www.ngdcare.nl\/es\/wp-json\/wp\/v2\/media?parent=10674"}],"wp:term":[{"taxonomy":"product_brand","embeddable":true,"href":"https:\/\/www.ngdcare.nl\/es\/wp-json\/wp\/v2\/product_brand?post=10674"},{"taxonomy":"product_cat","embeddable":true,"href":"https:\/\/www.ngdcare.nl\/es\/wp-json\/wp\/v2\/product_cat?post=10674"},{"taxonomy":"product_tag","embeddable":true,"href":"https:\/\/www.ngdcare.nl\/es\/wp-json\/wp\/v2\/product_tag?post=10674"},{"taxonomy":"merken","embeddable":true,"href":"https:\/\/www.ngdcare.nl\/es\/wp-json\/wp\/v2\/merken?post=10674"}],"curies":[{"name":"wp","href":"https:\/\/api.w.org\/{rel}","templated":true}]}}