{"id":10804,"date":"2025-11-20T18:08:53","date_gmt":"2025-11-20T17:08:53","guid":{"rendered":"https:\/\/www.ngdcare.nl\/product\/sin%20categor\u00eda\/pawfect-cabra-liofilizada\/"},"modified":"2025-11-20T18:49:26","modified_gmt":"2025-11-20T17:49:26","slug":"pawfect-cabra-liofilizada","status":"publish","type":"product","link":"https:\/\/www.ngdcare.nl\/es\/product\/tienda-de-mascotas\/gato\/nutricion\/alimento-seco\/pawfect-cabra-liofilizada\/","title":{"rendered":"Cabra liofilizada Pawfect"},"content":{"rendered":"<p data-start=\"115\" data-end=\"530\"><strong data-start=\"115\" data-end=\"160\">Comida liofilizada para gatos \u2013 La cabra (250 g) <\/strong>es una comida pura y nutritiva para gatos que solo merecen lo mejor. Esta variedad de cabra se seca sutilmente en liofilizaci\u00f3n, de modo que todos los sabores naturales, vitaminas y nutrientes se conservan de forma \u00f3ptima. Despu\u00e9s de a\u00f1adir agua tibia, la comida concentrada y ligera se convierte en una comida fresca y rica en prote\u00ednas que incluso los gatos quisquillosos adorar\u00e1n.  <\/p>\n<p data-start=\"532\" data-end=\"690\">Elaborado con ingredientes de alta calidad como carne de cabra, \u00f3rganos, verduras, frutas y superalimentos. Ligero, nutritivo y ideal como comida completa o como complemento. <\/p>\n","protected":false},"excerpt":{"rendered":"<p><strong>La cabra liofilizada Pawfect<\/strong> est\u00e1 llena de ingredientes puros y un valor nutricional intenso. Es ligero, concentrado y perfecto para gatos que disfrutan de una comida limpia y rica en prote\u00ednas. <\/p>\n","protected":false},"featured_media":10806,"comment_status":"open","ping_status":"closed","template":"","meta":[],"product_brand":[],"product_cat":[5151,5289,5031,5150,5063],"product_tag":[],"merken":[],"class_list":{"0":"post-10804","1":"product","2":"type-product","3":"status-publish","4":"has-post-thumbnail","6":"product_cat-alimento-seco","7":"product_cat-comida-humeda","8":"product_cat-gato","9":"product_cat-nutricion","10":"product_cat-tienda-de-mascotas","11":"infinite-scroll-item","12":"sales-flash-overlay","13":"woocommerce-text-align-center","14":"woocommerce-image-align-center","15":"do-quantity-buttons","17":"first","18":"instock","19":"sold-individually","20":"taxable","21":"shipping-taxable","22":"purchasable","23":"product-type-simple"},"_links":{"self":[{"href":"https:\/\/www.ngdcare.nl\/es\/wp-json\/wp\/v2\/product\/10804","targetHints":{"allow":["GET"]}}],"collection":[{"href":"https:\/\/www.ngdcare.nl\/es\/wp-json\/wp\/v2\/product"}],"about":[{"href":"https:\/\/www.ngdcare.nl\/es\/wp-json\/wp\/v2\/types\/product"}],"replies":[{"embeddable":true,"href":"https:\/\/www.ngdcare.nl\/es\/wp-json\/wp\/v2\/comments?post=10804"}],"wp:featuredmedia":[{"embeddable":true,"href":"https:\/\/www.ngdcare.nl\/es\/wp-json\/wp\/v2\/media\/10806"}],"wp:attachment":[{"href":"https:\/\/www.ngdcare.nl\/es\/wp-json\/wp\/v2\/media?parent=10804"}],"wp:term":[{"taxonomy":"product_brand","embeddable":true,"href":"https:\/\/www.ngdcare.nl\/es\/wp-json\/wp\/v2\/product_brand?post=10804"},{"taxonomy":"product_cat","embeddable":true,"href":"https:\/\/www.ngdcare.nl\/es\/wp-json\/wp\/v2\/product_cat?post=10804"},{"taxonomy":"product_tag","embeddable":true,"href":"https:\/\/www.ngdcare.nl\/es\/wp-json\/wp\/v2\/product_tag?post=10804"},{"taxonomy":"merken","embeddable":true,"href":"https:\/\/www.ngdcare.nl\/es\/wp-json\/wp\/v2\/merken?post=10804"}],"curies":[{"name":"wp","href":"https:\/\/api.w.org\/{rel}","templated":true}]}}