{"id":11191,"date":"2025-11-26T22:11:04","date_gmt":"2025-11-26T21:11:04","guid":{"rendered":"https:\/\/www.ngdcare.nl\/product\/sin categor\u00eda\/flor-de-bayas\/"},"modified":"2025-11-26T22:11:04","modified_gmt":"2025-11-26T21:11:04","slug":"flor-de-bayas","status":"publish","type":"product","link":"https:\/\/www.ngdcare.nl\/es\/product\/veterinary-health\/enriquecimiento\/aderezos-para-alimentos\/flor-de-bayas\/","title":{"rendered":"Flor de bayas"},"content":{"rendered":"<p data-start=\"2594\" data-end=\"2988\"><strong>La flor de bayas<\/strong> es una mezcla rica en color y antioxidantes de <strong>ar\u00e1ndano liofilizado<\/strong>, <strong>grosella negra<\/strong> y <strong>flores comestibles<\/strong>. La liofilizaci\u00f3n conserva de forma \u00f3ptima los polifenoles naturales, tintes y vitaminas. La combinaci\u00f3n de bayas oscuras y flores proporciona un amplio espectro de sustancias vegetales que encajan en una dieta con especial atenci\u00f3n al apoyo antioxidante.  <\/p>\n<p data-start=\"2990\" data-end=\"3358\">Esta mezcla tiene un sabor fresco y puede a\u00f1adirse f\u00e1cilmente a yogures y batidos en humanos y ni\u00f1os, as\u00ed como a trav\u00e9s de carne fresca o alimentos enlatados. Los \u00e1cidos naturales y los pigmentos de las bayas lo convierten en un a\u00f1adido atractivo tanto para humanos como para animales que prefieren un toque afrutado en su dieta. Las flores contribuyen a la variaci\u00f3n en flavonoides y tintes vegetales.  <\/p>\n<p data-start=\"3360\" data-end=\"3625\">La flor de bayas es ideal para el uso diario, como un a\u00f1adido colorido a una comida o para enriquecer la dieta. La dosis suave y el sabor suave lo hacen adecuado para todas las edades y especies animales, siempre que est\u00e9n adaptados a las necesidades individuales. <\/p>\n","protected":false},"excerpt":{"rendered":"<p data-start=\"5425\" data-end=\"5572\">Berry Blossom es una mezcla colorida de superalimentos de ar\u00e1ndanos, grosellas negras y flores comestibles, aportando antioxidantes, polifenoles y un sabor a fruta fresca.<\/p>\n","protected":false},"featured_media":11192,"comment_status":"open","ping_status":"closed","template":"","meta":{"wds_primary_product_brand":0,"wds_primary_product_cat":0,"wds_primary_merken":0},"product_brand":[],"product_cat":[3493,4768],"product_tag":[5869,5871,5870,5872,5874,5873,1878],"merken":[],"class_list":{"0":"post-11191","1":"product","2":"type-product","3":"status-publish","4":"has-post-thumbnail","6":"product_cat-aderezos-para-alimentos","7":"product_cat-superalimentos","8":"product_tag-antioxidantes","9":"product_tag-arandano","10":"product_tag-bayas","11":"product_tag-grosella-negra","12":"product_tag-mezcla-de-flores","13":"product_tag-polifenoles","14":"product_tag-superalimento","15":"infinite-scroll-item","16":"sales-flash-overlay","17":"woocommerce-text-align-center","18":"woocommerce-image-align-center","19":"do-quantity-buttons","21":"first","22":"instock","23":"taxable","24":"shipping-taxable","25":"purchasable","26":"product-type-simple"},"_links":{"self":[{"href":"https:\/\/www.ngdcare.nl\/es\/wp-json\/wp\/v2\/product\/11191","targetHints":{"allow":["GET"]}}],"collection":[{"href":"https:\/\/www.ngdcare.nl\/es\/wp-json\/wp\/v2\/product"}],"about":[{"href":"https:\/\/www.ngdcare.nl\/es\/wp-json\/wp\/v2\/types\/product"}],"replies":[{"embeddable":true,"href":"https:\/\/www.ngdcare.nl\/es\/wp-json\/wp\/v2\/comments?post=11191"}],"wp:featuredmedia":[{"embeddable":true,"href":"https:\/\/www.ngdcare.nl\/es\/wp-json\/wp\/v2\/media\/11192"}],"wp:attachment":[{"href":"https:\/\/www.ngdcare.nl\/es\/wp-json\/wp\/v2\/media?parent=11191"}],"wp:term":[{"taxonomy":"product_brand","embeddable":true,"href":"https:\/\/www.ngdcare.nl\/es\/wp-json\/wp\/v2\/product_brand?post=11191"},{"taxonomy":"product_cat","embeddable":true,"href":"https:\/\/www.ngdcare.nl\/es\/wp-json\/wp\/v2\/product_cat?post=11191"},{"taxonomy":"product_tag","embeddable":true,"href":"https:\/\/www.ngdcare.nl\/es\/wp-json\/wp\/v2\/product_tag?post=11191"},{"taxonomy":"merken","embeddable":true,"href":"https:\/\/www.ngdcare.nl\/es\/wp-json\/wp\/v2\/merken?post=11191"}],"curies":[{"name":"wp","href":"https:\/\/api.w.org\/{rel}","templated":true}]}}