{"id":11199,"date":"2025-11-26T23:00:47","date_gmt":"2025-11-26T22:00:47","guid":{"rendered":"https:\/\/www.ngdcare.nl\/product\/sin categor\u00eda\/vitalidad-verde\/"},"modified":"2025-11-26T23:00:47","modified_gmt":"2025-11-26T22:00:47","slug":"vitalidad-verde","status":"publish","type":"product","link":"https:\/\/www.ngdcare.nl\/es\/veterinary-health\/enriquecimiento\/aderezos-para-alimentos\/vitalidad-verde\/vitalidad-verde\/","title":{"rendered":"Vitalidad Verde"},"content":{"rendered":"<p data-start=\"468\" data-end=\"881\"><strong>Green Vitality<\/strong> es una composici\u00f3n de cuatro plantas nutritivas: <strong>espinacas<\/strong>, <strong>br\u00f3coli<\/strong>, <strong>col rizada<\/strong> y <strong>remolacha<\/strong>. Estas verduras est\u00e1n entre las fuentes m\u00e1s ricas en fitonutrientes en la dieta diaria y contienen clorofila, antioxidantes, vitaminas y minerales naturales. Estas sustancias contribuyen a la vitalidad general y proporcionan apoyo cuando se necesitan nutrientes verdes adicionales.  <\/p>\n<p data-start=\"883\" data-end=\"1257\">La combinaci\u00f3n de verduras de hoja verde con remolacha crea una mezcla equilibrada de folatos naturales, fibras, sustancias vegetales ricas en nitratos y pigmentos de color. Esta composici\u00f3n se adapta tanto a individuos activos como a situaciones donde se necesita un extra de nutrici\u00f3n de las plantas. El polvo se mezcla f\u00e1cilmente con yogur, carne fresca, pienso, batidos o mezclas de verduras.  <\/p>\n<p data-start=\"1259\" data-end=\"1487\">Green Vitality puede usarse a diario para apoyar una dieta variada. El sabor suave lo hace f\u00e1cil de usar tanto con comedores quisquillosos como con animales que reaccionan de forma sensible a sabores intensos. <\/p>\n","protected":false},"excerpt":{"rendered":"<p><strong>Green Vitality<\/strong> es una potente mezcla de superalimentos verdes con espinacas, br\u00f3coli, col rizada y remolacha para una vitalidad diaria, energ\u00eda y un impulso natural de fitonutrientes<\/p>\n","protected":false},"featured_media":11201,"comment_status":"open","ping_status":"closed","template":"","meta":{"wds_primary_product_brand":0,"wds_primary_product_cat":0,"wds_primary_merken":0},"product_brand":[],"product_cat":[3493,4768],"product_tag":[5869,5884,5886,1866,5883,5888,1878,5511,2174],"merken":[],"class_list":{"0":"post-11199","1":"product","2":"type-product","3":"status-publish","4":"has-post-thumbnail","6":"product_cat-aderezos-para-alimentos","7":"product_cat-superalimentos","8":"product_tag-antioxidantes","9":"product_tag-brecol","10":"product_tag-col-rizada","11":"product_tag-desintoxicacion","12":"product_tag-espinaca","13":"product_tag-remolacha","14":"product_tag-superalimento","15":"product_tag-verduras","16":"product_tag-vitalidad","17":"infinite-scroll-item","18":"sales-flash-overlay","19":"woocommerce-text-align-center","20":"woocommerce-image-align-center","21":"do-quantity-buttons","23":"first","24":"instock","25":"taxable","26":"shipping-taxable","27":"purchasable","28":"product-type-simple"},"_links":{"self":[{"href":"https:\/\/www.ngdcare.nl\/es\/wp-json\/wp\/v2\/product\/11199","targetHints":{"allow":["GET"]}}],"collection":[{"href":"https:\/\/www.ngdcare.nl\/es\/wp-json\/wp\/v2\/product"}],"about":[{"href":"https:\/\/www.ngdcare.nl\/es\/wp-json\/wp\/v2\/types\/product"}],"replies":[{"embeddable":true,"href":"https:\/\/www.ngdcare.nl\/es\/wp-json\/wp\/v2\/comments?post=11199"}],"wp:featuredmedia":[{"embeddable":true,"href":"https:\/\/www.ngdcare.nl\/es\/wp-json\/wp\/v2\/media\/11201"}],"wp:attachment":[{"href":"https:\/\/www.ngdcare.nl\/es\/wp-json\/wp\/v2\/media?parent=11199"}],"wp:term":[{"taxonomy":"product_brand","embeddable":true,"href":"https:\/\/www.ngdcare.nl\/es\/wp-json\/wp\/v2\/product_brand?post=11199"},{"taxonomy":"product_cat","embeddable":true,"href":"https:\/\/www.ngdcare.nl\/es\/wp-json\/wp\/v2\/product_cat?post=11199"},{"taxonomy":"product_tag","embeddable":true,"href":"https:\/\/www.ngdcare.nl\/es\/wp-json\/wp\/v2\/product_tag?post=11199"},{"taxonomy":"merken","embeddable":true,"href":"https:\/\/www.ngdcare.nl\/es\/wp-json\/wp\/v2\/merken?post=11199"}],"curies":[{"name":"wp","href":"https:\/\/api.w.org\/{rel}","templated":true}]}}