{"id":11612,"date":"2025-11-28T11:24:48","date_gmt":"2025-11-28T10:24:48","guid":{"rendered":"https:\/\/www.ngdcare.nl\/product\/sin categor\u00eda\/mjamjam-duo-venado-y-pavo\/"},"modified":"2025-11-28T11:24:48","modified_gmt":"2025-11-28T10:24:48","slug":"mjamjam-duo-venado-y-pavo","status":"publish","type":"product","link":"https:\/\/www.ngdcare.nl\/es\/product\/tienda-de-mascotas\/gato\/nutricion\/comida-humeda\/mjamjam-duo-venado-y-pavo\/","title":{"rendered":"MJAMJAM DUO- Venado y Pavo"},"content":{"rendered":"<p data-start=\"323\" data-end=\"744\"><strong>Mjamjam Deer &amp; Turkey with Cranberries<\/strong> es un alimento h\u00famedo completo y natural para gatos adultos. La comida consiste en un 67% de carne de venado y pavo, complementada con ar\u00e1ndanos y valiosas vitaminas y minerales. La receta est\u00e1 completamente libre de cereales, gluten, az\u00facar, lactosa y aditivos artificiales. Es ideal para gatos sensibles. Con un alto contenido de humedad, tambi\u00e9n favorece una hidrataci\u00f3n saludable.    <\/p>\n<p data-start=\"1181\" data-end=\"1203\"><strong data-start=\"1185\" data-end=\"1203\">Recomendaci\u00f3n de alimentaci\u00f3n<\/strong><\/p>\n<ul>\n<li data-start=\"1206\" data-end=\"1268\"><strong data-start=\"1206\" data-end=\"1227\">200\u2013400 g al d\u00eda<\/strong> para un gato adulto que pesa aproximadamente 3\u20135 kg.<\/li>\n<li data-start=\"1271\" data-end=\"1315\">Mant\u00e9n siempre disponible agua fresca.<\/li>\n<li data-start=\"1318\" data-end=\"1369\">Despu\u00e9s de abrir, gu\u00e1rdalo en la nevera hasta 24 horas.<\/li>\n<li data-start=\"1372\" data-end=\"1416\">Preferiblemente alimentar a <strong data-start=\"1388\" data-end=\"1408\">temperatura ambiente<\/strong> .<\/li>\n<\/ul>\n<p data-start=\"746\" data-end=\"838\">.<\/p>\n","protected":false},"excerpt":{"rendered":"<p>Comida h\u00fameda de alta calidad sin cereales con un 67% de carne de venado y pavo, enriquecida con ar\u00e1ndanos y vitaminas esenciales. Comida pura y natural para gatos adultos. <\/p>\n","protected":false},"featured_media":11614,"comment_status":"open","ping_status":"closed","template":"","meta":[],"product_brand":[],"product_cat":[5289,5031,5150,5063],"product_tag":[],"merken":[],"class_list":{"0":"post-11612","1":"product","2":"type-product","3":"status-publish","4":"has-post-thumbnail","6":"product_cat-comida-humeda","7":"product_cat-gato","8":"product_cat-nutricion","9":"product_cat-tienda-de-mascotas","10":"infinite-scroll-item","11":"sales-flash-overlay","12":"woocommerce-text-align-center","13":"woocommerce-image-align-center","14":"do-quantity-buttons","16":"first","17":"instock","18":"sold-individually","19":"taxable","20":"shipping-taxable","21":"purchasable","22":"product-type-variable"},"_links":{"self":[{"href":"https:\/\/www.ngdcare.nl\/es\/wp-json\/wp\/v2\/product\/11612","targetHints":{"allow":["GET"]}}],"collection":[{"href":"https:\/\/www.ngdcare.nl\/es\/wp-json\/wp\/v2\/product"}],"about":[{"href":"https:\/\/www.ngdcare.nl\/es\/wp-json\/wp\/v2\/types\/product"}],"replies":[{"embeddable":true,"href":"https:\/\/www.ngdcare.nl\/es\/wp-json\/wp\/v2\/comments?post=11612"}],"wp:featuredmedia":[{"embeddable":true,"href":"https:\/\/www.ngdcare.nl\/es\/wp-json\/wp\/v2\/media\/11614"}],"wp:attachment":[{"href":"https:\/\/www.ngdcare.nl\/es\/wp-json\/wp\/v2\/media?parent=11612"}],"wp:term":[{"taxonomy":"product_brand","embeddable":true,"href":"https:\/\/www.ngdcare.nl\/es\/wp-json\/wp\/v2\/product_brand?post=11612"},{"taxonomy":"product_cat","embeddable":true,"href":"https:\/\/www.ngdcare.nl\/es\/wp-json\/wp\/v2\/product_cat?post=11612"},{"taxonomy":"product_tag","embeddable":true,"href":"https:\/\/www.ngdcare.nl\/es\/wp-json\/wp\/v2\/product_tag?post=11612"},{"taxonomy":"merken","embeddable":true,"href":"https:\/\/www.ngdcare.nl\/es\/wp-json\/wp\/v2\/merken?post=11612"}],"curies":[{"name":"wp","href":"https:\/\/api.w.org\/{rel}","templated":true}]}}