{"id":11689,"date":"2025-11-29T12:42:47","date_gmt":"2025-11-29T11:42:47","guid":{"rendered":"https:\/\/www.ngdcare.nl\/product\/sin%20categor\u00eda\/coenzima-liposomal-q10\/"},"modified":"2026-04-19T22:04:34","modified_gmt":"2026-04-19T20:04:34","slug":"coenzima-liposomal-q10","status":"publish","type":"product","link":"https:\/\/www.ngdcare.nl\/es\/product\/suplementos-ortomoleculares-es\/coenzima-liposomal-q10\/","title":{"rendered":"Coenzima liposomal Q10"},"content":{"rendered":"<div class=\"group\/line flex border-l-[3px] border-l-transparent\" data-diff-type=\"normal\" data-diff-line=\"1\">\n<div>\n<div class=\"standard-markdown grid-cols-1 grid [&amp;_&gt;_*]:min-w-0 gap-3\">\n<p class=\"font-claude-response-body break-words whitespace-normal leading-[1.7]\"><span style=\"font-size: inherit;\"><strong>NGD Care Coenzima Q10<\/strong> es indispensable para la producci\u00f3n de ATP, la energ\u00eda de cada c\u00e9lula. Los \u00f3rganos con un alto requerimiento energ\u00e9tico, como el coraz\u00f3n, el cerebro, el h\u00edgado y los m\u00fasculos, dependen en gran medida de una disponibilidad suficiente de Q10. Con la edad, la producci\u00f3n end\u00f3gena disminuye. El uso prolongado de medicamentos (como estatinas, AINEs o prednisona), enfermedades cr\u00f3nicas, ejercicio intenso y carga t\u00f3xica tambi\u00e9n pueden reducir el nivel de cada 10 a\u00f1os.   <\/span><\/p>\n<\/div>\n<\/div>\n<div>\n<div class=\"standard-markdown grid-cols-1 grid [&amp;_&gt;_*]:min-w-0 gap-3\">\n<p class=\"font-claude-response-body break-words whitespace-normal leading-[1.7]\">NGD Care elige conscientemente la ubiquinona: la forma precursora estable de la coenzima Q10. El ubiquinol es la forma intracelular activa, pero es qu\u00edmicamente menos estable y m\u00e1s susceptible a la oxidaci\u00f3n en el propio suplemento. La ubiquinona se convierte en ubiquinol en la c\u00e9lula mediante cofactores fisiol\u00f3gicos, incluyendo NAD+ y glutati\u00f3n. La c\u00e9lula regula esta conversi\u00f3n por s\u00ed misma.   <\/p>\n<\/div>\n<\/div>\n<div>\n<div class=\"standard-markdown grid-cols-1 grid [&amp;_&gt;_*]:min-w-0 gap-3\">\n<p class=\"font-claude-response-body break-words whitespace-normal leading-[1.7]\">Debido a la formulaci\u00f3n lipos\u00f3mica, la absorci\u00f3n es significativamente mejor que con los suplementos convencionales Q10. Los datos de investigaci\u00f3n sugieren hasta un 8\u00d7 mayor biodisponibilidad en comparaci\u00f3n con la ubiquinona est\u00e1ndar. Los gl\u00f3bulos de grasa protegen el principio activo de la degradaci\u00f3n en el tracto gastrointestinal y, al mismo tiempo, sostienen la estructura de la membrana celular.  <\/p>\n<\/div>\n<\/div>\n<div>\n<div class=\"standard-markdown grid-cols-1 grid [&amp;_&gt;_*]:min-w-0 gap-3\">\n<p class=\"font-claude-response-body break-words whitespace-normal leading-[1.7]\">En perros, Q10 se ha estudiado principalmente en el contexto del soporte card\u00edaco. El miocardio tiene una de las densidades mitocondriales m\u00e1s altas de todos los \u00f3rganos y, por tanto, depende en gran medida de una disponibilidad adecuada de Q10. La coenzima Q10 se utiliza en perros con soplos card\u00edacos o problemas incipientes de la v\u00e1lvula mitral (MVD) como complemento al tratamiento veterinario, pero tambi\u00e9n en animales mayores con p\u00e9rdida de energ\u00eda, en recuperaci\u00f3n tras anestesia o uso prolongado de medicaci\u00f3n, en recuperaci\u00f3n muscular de perros activos o de trabajo y en soporte neurol\u00f3gico y hep\u00e1tico en condiciones cr\u00f3nicas.  <\/p>\n<p>La coenzima Q10 forma parte de nuestro <a href=\"https:\/\/www.ngdcare.nl\/product\/natuurdierenapotheek-2\/protocollen-dier\/ouderdoms-protocol\/\">protocolo de envejecimiento<\/a> y funciona de forma sin\u00e9rgica con <a href=\"https:\/\/www.ngdcare.nl\/product\/natuurdierenapotheek\/algemene-vitaliteit\/liposomal-longevity-support\/\">soporte de longevidad<\/a> (NAD+) y <a href=\"https:\/\/www.ngdcare.nl\/product\/natuurdierenapotheek-2\/supplementen-dier\/liposomal-glutathion\/\">glutati\u00f3n<\/a>.<\/p>\n<\/div>\n<\/div>\n<div>\n<div class=\"standard-markdown grid-cols-1 grid [&amp;_&gt;_*]:min-w-0 gap-3\">\n<p class=\"font-claude-response-body break-words whitespace-normal leading-[1.7]\">\u00bfTe gustar\u00eda leer m\u00e1s sobre c\u00f3mo funciona, la literatura y el contexto cl\u00ednico? Luego lee el extenso blog: <a href=\"https:\/\/www.ngdcare.nl\/blog\/co-enzym-q10-bij-hond-en-kat\/\">Coenzima Q10 en perros y gatos.<\/a> <\/p>\n<\/div>\n<\/div>\n<\/div>\n","protected":false},"excerpt":{"rendered":"<p>NGD Care Coenzima Q10 contiene 160 mg de ubiquinona liposomal y tiene m\u00e1xima absorci\u00f3n. Esencial para la producci\u00f3n de energ\u00eda, la salud del coraz\u00f3n, las mitocondrias y la recuperaci\u00f3n.<\/p>\n","protected":false},"featured_media":17627,"comment_status":"open","ping_status":"closed","template":"","meta":[],"product_brand":[],"product_cat":[1855],"product_tag":[1864,6145,6147,2584,2340,4027,1929,1972,6139,1927,6141,6176],"merken":[],"class_list":{"0":"post-11689","1":"product","2":"type-product","3":"status-publish","4":"has-post-thumbnail","6":"product_cat-suplementos-ortomoleculares-es","7":"product_tag-antioxidante","8":"product_tag-coq10","9":"product_tag-corazon","10":"product_tag-cuidado-ngd","11":"product_tag-energia-es","12":"product_tag-envejecimiento","13":"product_tag-gato","14":"product_tag-liposomal-es","15":"product_tag-mitocondria-2","16":"product_tag-perro","17":"product_tag-persona","18":"product_tag-ubiquinona","19":"infinite-scroll-item","20":"sales-flash-overlay","21":"woocommerce-text-align-center","22":"woocommerce-image-align-center","23":"do-quantity-buttons","25":"first","26":"instock","27":"taxable","28":"shipping-taxable","29":"purchasable","30":"product-type-simple"},"_links":{"self":[{"href":"https:\/\/www.ngdcare.nl\/es\/wp-json\/wp\/v2\/product\/11689","targetHints":{"allow":["GET"]}}],"collection":[{"href":"https:\/\/www.ngdcare.nl\/es\/wp-json\/wp\/v2\/product"}],"about":[{"href":"https:\/\/www.ngdcare.nl\/es\/wp-json\/wp\/v2\/types\/product"}],"replies":[{"embeddable":true,"href":"https:\/\/www.ngdcare.nl\/es\/wp-json\/wp\/v2\/comments?post=11689"}],"wp:featuredmedia":[{"embeddable":true,"href":"https:\/\/www.ngdcare.nl\/es\/wp-json\/wp\/v2\/media\/17627"}],"wp:attachment":[{"href":"https:\/\/www.ngdcare.nl\/es\/wp-json\/wp\/v2\/media?parent=11689"}],"wp:term":[{"taxonomy":"product_brand","embeddable":true,"href":"https:\/\/www.ngdcare.nl\/es\/wp-json\/wp\/v2\/product_brand?post=11689"},{"taxonomy":"product_cat","embeddable":true,"href":"https:\/\/www.ngdcare.nl\/es\/wp-json\/wp\/v2\/product_cat?post=11689"},{"taxonomy":"product_tag","embeddable":true,"href":"https:\/\/www.ngdcare.nl\/es\/wp-json\/wp\/v2\/product_tag?post=11689"},{"taxonomy":"merken","embeddable":true,"href":"https:\/\/www.ngdcare.nl\/es\/wp-json\/wp\/v2\/merken?post=11689"}],"curies":[{"name":"wp","href":"https:\/\/api.w.org\/{rel}","templated":true}]}}