{"id":11738,"date":"2025-11-15T22:17:51","date_gmt":"2025-11-15T21:17:51","guid":{"rendered":"https:\/\/www.ngdcare.nl\/product\/sin%20categor\u00eda\/glutation-liposomal-2\/"},"modified":"2025-12-01T20:45:36","modified_gmt":"2025-12-01T19:45:36","slug":"glutation-liposomal-2","status":"publish","type":"product","link":"https:\/\/www.ngdcare.nl\/es\/product\/complementos-alimenticios\/glutation-liposomal-2\/","title":{"rendered":"Glutati\u00f3n liposomal"},"content":{"rendered":"<p data-start=\"1353\" data-end=\"1697\"><strong>El glutati\u00f3n<\/strong> es el antioxidante intracelular m\u00e1s abundante y esencial para la neutralizaci\u00f3n de los radicales libres, la protecci\u00f3n de las c\u00e9lulas y el apoyo al sistema natural de desintoxicaci\u00f3n (fase II de desintoxicaci\u00f3n). El nivel de glutati\u00f3n disminuye bajo la influencia del estr\u00e9s, toxinas, medicaci\u00f3n, envejecimiento y una intensa tensi\u00f3n f\u00edsica. <\/p>\n<p data-start=\"1699\" data-end=\"1901\"><strong>NGD Care Liposomal Glutati\u00f3n<\/strong> est\u00e1 formulado en una matriz liposomal de alta calidad, que lo mantiene activamente protegido en el tracto gastrointestinal y se absorbe con una eficiencia mucho mayor.<\/p>\n<p data-start=\"1903\" data-end=\"1951\">Nuestro glutati\u00f3n liposomal humano sostiene:<\/p>\n<ul>\n<li data-start=\"1954\" data-end=\"2000\">La eliminaci\u00f3n natural de sustancias no deseadas<\/li>\n<li data-start=\"2003\" data-end=\"2054\">La protecci\u00f3n de las c\u00e9lulas frente al estr\u00e9s oxidativo<\/li>\n<li data-start=\"2057\" data-end=\"2087\">Equilibrio del sistema inmunitario<\/li>\n<li data-start=\"2090\" data-end=\"2140\">Recuperaci\u00f3n tras enfermedad, carga elevada o toxicidad<\/li>\n<li data-start=\"2143\" data-end=\"2179\">Funci\u00f3n hep\u00e1tica (conjugaci\u00f3n de etapa II)<\/li>\n<\/ul>\n<p data-start=\"2181\" data-end=\"2319\">Esta f\u00f3rmula es adecuada para el uso diario y se encaja dentro de planes de tratamiento integrativos, incluyendo intervenciones relacionadas con el estilo de vida y la nutrici\u00f3n.<\/p>\n","protected":false},"excerpt":{"rendered":"<p data-start=\"719\" data-end=\"1021\">El glutati\u00f3n liposomal de NGD Care contiene glutati\u00f3n reducido (GSH) en un complejo liposomal puro para una absorci\u00f3n \u00f3ptima. El glutati\u00f3n es uno de los antioxidantes end\u00f3genos m\u00e1s importantes y desempe\u00f1a un papel central en la desintoxicaci\u00f3n, el equilibrio inmunitario y la protecci\u00f3n celular. Esta f\u00f3rmula ha sido desarrollada para la m\u00e1xima biodisponibilidad y uso diario.  <\/p>\n","protected":false},"featured_media":11741,"comment_status":"open","ping_status":"closed","template":"","meta":[],"product_brand":[],"product_cat":[5315],"product_tag":[5869,2584,1866,5423,6136,6142,1972,6191,1935,5422],"merken":[2756],"class_list":{"0":"post-11738","1":"product","2":"type-product","3":"status-publish","4":"has-post-thumbnail","6":"product_cat-complementos-alimenticios","7":"product_tag-antioxidantes","8":"product_tag-cuidado-ngd","9":"product_tag-desintoxicacion","10":"product_tag-estres-oxidativo","11":"product_tag-glutation","12":"product_tag-gsh","13":"product_tag-liposomal-es","14":"product_tag-salud-hepatica","15":"product_tag-sistema-inmune","16":"product_tag-suplementos-humanos","17":"merken-ngdcare","18":"infinite-scroll-item","19":"sales-flash-overlay","20":"woocommerce-text-align-center","21":"woocommerce-image-align-center","22":"do-quantity-buttons","24":"first","25":"instock","26":"taxable","27":"shipping-taxable","28":"purchasable","29":"product-type-simple"},"_links":{"self":[{"href":"https:\/\/www.ngdcare.nl\/es\/wp-json\/wp\/v2\/product\/11738","targetHints":{"allow":["GET"]}}],"collection":[{"href":"https:\/\/www.ngdcare.nl\/es\/wp-json\/wp\/v2\/product"}],"about":[{"href":"https:\/\/www.ngdcare.nl\/es\/wp-json\/wp\/v2\/types\/product"}],"replies":[{"embeddable":true,"href":"https:\/\/www.ngdcare.nl\/es\/wp-json\/wp\/v2\/comments?post=11738"}],"wp:featuredmedia":[{"embeddable":true,"href":"https:\/\/www.ngdcare.nl\/es\/wp-json\/wp\/v2\/media\/11741"}],"wp:attachment":[{"href":"https:\/\/www.ngdcare.nl\/es\/wp-json\/wp\/v2\/media?parent=11738"}],"wp:term":[{"taxonomy":"product_brand","embeddable":true,"href":"https:\/\/www.ngdcare.nl\/es\/wp-json\/wp\/v2\/product_brand?post=11738"},{"taxonomy":"product_cat","embeddable":true,"href":"https:\/\/www.ngdcare.nl\/es\/wp-json\/wp\/v2\/product_cat?post=11738"},{"taxonomy":"product_tag","embeddable":true,"href":"https:\/\/www.ngdcare.nl\/es\/wp-json\/wp\/v2\/product_tag?post=11738"},{"taxonomy":"merken","embeddable":true,"href":"https:\/\/www.ngdcare.nl\/es\/wp-json\/wp\/v2\/merken?post=11738"}],"curies":[{"name":"wp","href":"https:\/\/api.w.org\/{rel}","templated":true}]}}