{"id":11781,"date":"2025-11-15T21:27:01","date_gmt":"2025-11-15T20:27:01","guid":{"rendered":"https:\/\/www.ngdcare.nl\/product\/sin%20categor\u00eda\/coenzima-liposomal-q10-2\/"},"modified":"2025-12-01T20:47:00","modified_gmt":"2025-12-01T19:47:00","slug":"coenzima-liposomal-q10-2","status":"publish","type":"product","link":"https:\/\/www.ngdcare.nl\/es\/product\/human-health\/complementos-alimenticios\/coenzima-liposomal-q10-2\/","title":{"rendered":"Coenzima liposomal Q10"},"content":{"rendered":"<p class=\"p1\">La <strong>coenzima Q10<\/strong> es una sustancia poderosa que desempe\u00f1a un papel clave en las mitocondrias: las f\u00e1bricas energ\u00e9ticas de nuestras c\u00e9lulas. Este Q10 liposomal contiene 160 mg de ubiquinona por c\u00e1psula y est\u00e1 encapsulado en fosfol\u00edpidos de alta calidad para una biodisponibilidad muy mejorada. <\/p>\n<p class=\"p1\">A medida que las personas envejecen o experimentan m\u00e1s estr\u00e9s, los niveles de coenzima Q10 disminuyen y la eficiencia de las mitocondrias disminuye. Esto puede provocar fatiga, problemas de recuperaci\u00f3n y una mayor sensibilidad al estr\u00e9s oxidativo. Esta f\u00f3rmula es adecuada para cualquiera que necesite apoyo extra para la energ\u00eda, la reparaci\u00f3n y la protecci\u00f3n celular, y a menudo se utiliza para fatiga, carga deportiva, situaciones de estr\u00e9s o durante el envejecimiento natural. La forma liposomal hace que la absorci\u00f3n sea 3\u20135 veces m\u00e1s eficiente que la Q10 est\u00e1ndar, por lo que dosis m\u00e1s bajas siguen teniendo un efecto potente. Funciona en sinergia con vitaminas del grupo B, NAD+, magnesio y omegas, lo que la encaja dentro de un enfoque integrador m\u00e1s amplio.    <\/p>\n","protected":false},"excerpt":{"rendered":"<p class=\"p1\"><strong>La coenzima liposomal Q10<\/strong> apoya el metabolismo energ\u00e9tico, la vitalidad y la capacidad regenerativa natural. La t\u00e9cnica liposomal permite que la ubiquinona sea absorbida de forma \u00f3ptima y est\u00e9 disponible inmediatamente para las c\u00e9lulas. Ideal para fatiga, cargas intensas, envejecimiento y soporte mitocondrial adicional.  <\/p>\n<p>.<\/p>\n","protected":false},"featured_media":11783,"comment_status":"open","ping_status":"closed","template":"","meta":{"wds_primary_product_brand":0,"wds_primary_product_cat":0,"wds_primary_merken":0},"product_brand":[],"product_cat":[5315],"product_tag":[1864,6145,2584,2340,6203,6204,1972,5612,5320,5422,6176],"merken":[2756],"class_list":{"0":"post-11781","1":"product","2":"type-product","3":"status-publish","4":"has-post-thumbnail","6":"product_cat-complementos-alimenticios","7":"product_tag-antioxidante","8":"product_tag-coq10","9":"product_tag-cuidado-ngd","10":"product_tag-energia-es","11":"product_tag-energia-de-la-celda","12":"product_tag-fatiga","13":"product_tag-liposomal-es","14":"product_tag-mitocondria","15":"product_tag-ngd-cuidado-salud-humana","16":"product_tag-suplementos-humanos","17":"product_tag-ubiquinona","18":"merken-ngdcare","19":"infinite-scroll-item","20":"sales-flash-overlay","21":"woocommerce-text-align-center","22":"woocommerce-image-align-center","23":"do-quantity-buttons","25":"first","26":"instock","27":"taxable","28":"shipping-taxable","29":"purchasable","30":"product-type-simple"},"_links":{"self":[{"href":"https:\/\/www.ngdcare.nl\/es\/wp-json\/wp\/v2\/product\/11781","targetHints":{"allow":["GET"]}}],"collection":[{"href":"https:\/\/www.ngdcare.nl\/es\/wp-json\/wp\/v2\/product"}],"about":[{"href":"https:\/\/www.ngdcare.nl\/es\/wp-json\/wp\/v2\/types\/product"}],"replies":[{"embeddable":true,"href":"https:\/\/www.ngdcare.nl\/es\/wp-json\/wp\/v2\/comments?post=11781"}],"wp:featuredmedia":[{"embeddable":true,"href":"https:\/\/www.ngdcare.nl\/es\/wp-json\/wp\/v2\/media\/11783"}],"wp:attachment":[{"href":"https:\/\/www.ngdcare.nl\/es\/wp-json\/wp\/v2\/media?parent=11781"}],"wp:term":[{"taxonomy":"product_brand","embeddable":true,"href":"https:\/\/www.ngdcare.nl\/es\/wp-json\/wp\/v2\/product_brand?post=11781"},{"taxonomy":"product_cat","embeddable":true,"href":"https:\/\/www.ngdcare.nl\/es\/wp-json\/wp\/v2\/product_cat?post=11781"},{"taxonomy":"product_tag","embeddable":true,"href":"https:\/\/www.ngdcare.nl\/es\/wp-json\/wp\/v2\/product_tag?post=11781"},{"taxonomy":"merken","embeddable":true,"href":"https:\/\/www.ngdcare.nl\/es\/wp-json\/wp\/v2\/merken?post=11781"}],"curies":[{"name":"wp","href":"https:\/\/api.w.org\/{rel}","templated":true}]}}