{"id":12414,"date":"2026-01-22T21:30:45","date_gmt":"2026-01-22T20:30:45","guid":{"rendered":"https:\/\/www.ngdcare.nl\/product\/sin%20categor\u00eda\/protector-de-microbios-interno\/"},"modified":"2026-01-26T21:39:05","modified_gmt":"2026-01-26T20:39:05","slug":"protector-de-microbios-interno","status":"publish","type":"product","link":"https:\/\/www.ngdcare.nl\/es\/product\/veterinary-health\/aromaterapia-es\/protector-de-microbios-interno\/","title":{"rendered":"Protector de microbios \u2013 Interno"},"content":{"rendered":"<p class=\"p1\">En caso de una carga microbiana prolongada o aumentada, puede ser necesario apoyo adicional. <strong>Microbe Guard \u2013 Internal<\/strong> se ha desarrollado como una <span class=\"s1\"><b>mezcla compacta y dirigida de aceites<\/b><\/span> que se obtiene sist\u00e9micamente mediante administraci\u00f3n oral.<\/p>\n<p class=\"p1\">Los aceites esenciales seleccionados contienen compuestos vegetales bioactivos conocidos por su influencia en las membranas bacterianas, biopel\u00edculas y el entorno microbiano. Debido a la composici\u00f3n limitada (solo tres aceites), la f\u00f3rmula se mantiene desordenada y m\u00e1s tolerable que las mezclas m\u00e1s anchas, manteniendo la acci\u00f3n sist\u00e9mica. <\/p>\n<p class=\"p3\"><b>Los aceites de esta f\u00f3rmula:<\/b><b><\/b><\/p>\n<ul>\n<li class=\"p1\"><span class=\"s1\"><b>El or\u00e9gano<\/b><\/span> contiene carvacrol, conocido por su capacidad para alterar las membranas bacterianas y de levaduras, haciendo vulnerables a los microorganismos.<\/li>\n<li class=\"p1\"><span class=\"s1\"><b>El tomillo<\/b><\/span> favorece el acceso intracelular a otras sustancias y act\u00faa en sinergia con el or\u00e9gano.<\/li>\n<li class=\"p1\"><span class=\"s1\"><b>El lim\u00f3n<\/b><\/span> tiene un efecto antimicrobiano suave y favorece la funci\u00f3n hep\u00e1tica y biliar, contribuyendo a una mejor tolerancia y procesamiento de la mezcla.<\/li>\n<\/ul>\n<p class=\"p1\">Microbe Guard \u2013 Internal est\u00e1 destinado a <span class=\"s1\"><b>un despliegue temporal de hasta 1 semana seguido de una semana de reposo<\/b><\/span>, siempre adem\u00e1s de otras formas de apoyo como <a href=\"https:\/\/www.ngdcare.nl\/es\/product\/digestion-es\/nac-berberina-para-limpiar\/\">NAC\/berberina<\/a>, <a href=\"https:\/\/www.ngdcare.nl\/es\/product\/farmacia-natural-para-mascotas\/liposomal-es\/lactoferrina-liposomale-lactoferrina-liposomal\/\">lactoferrina<\/a>, <a href=\"https:\/\/www.ngdcare.nl\/es\/product\/farmacia-natural-para-mascotas\/liposomal-es\/mezcla-de-hongos-liposomales-1-complejo-micoinmune-liposomal\/\">setas medicinales<\/a> e intervenciones dirigidas al microbioma como el <a href=\"https:\/\/www.ngdcare.nl\/es\/product\/digestion-es\/protocolo-intestinal\/\">protocolo intestinal<\/a>. El producto <strong>no est\u00e1 pensado para un uso diario prolongado<\/strong>.<\/p>\n<p><b>\u00bfQu\u00e9 hace Microbe Guard \u2013 F\u00f3rmula oral?<\/b><\/p>\n<ul>\n<li class=\"p1\">Apoya al cuerpo en caso de desequilibrio microbiano<\/li>\n<li class=\"p1\">Contribuye a la alteraci\u00f3n de las membranas bacterianas y de levaduras<\/li>\n<li class=\"p1\">Soporta el entorno microbiano de forma sist\u00e9mica<\/li>\n<li class=\"p1\">Puede usarse como soporte temporal extra<\/li>\n<li class=\"p1\">Funciona en sinergia con NAC\/berberina, lactoferrina y setas<\/li>\n<\/ul>\n","protected":false},"excerpt":{"rendered":"<p class=\"p1\"><strong>Microbe Guard \u2013 Internal<\/strong> es una mezcla de aceites esenciales cuidadosamente formulada para la ingesti\u00f3n oral que <span class=\"s1\">proporciona <b>soporte sist\u00e9mico <\/b>para el desequilibrio microbiano<\/span>. La combinaci\u00f3n de or\u00e9gano, tomillo y lim\u00f3n se ha desarrollado para <span class=\"s1\">un uso <strong>dirigido y a corto<\/strong><\/span> plazo como suplemento a suplementos y protocolos existentes. <\/p>\n","protected":false},"featured_media":12415,"comment_status":"open","ping_status":"closed","template":"","meta":{"wds_primary_product_brand":0,"wds_primary_product_cat":0,"wds_primary_merken":0},"product_brand":[],"product_cat":[3214,6419],"product_tag":[6422,6420,6423,2584,6421,6424],"merken":[],"class_list":{"0":"post-12414","1":"product","2":"type-product","3":"status-publish","4":"has-post-thumbnail","6":"product_cat-aromaterapia-es","7":"product_cat-aceites-esenciales","8":"product_tag-aceite-de-oregano","9":"product_tag-aceite-esencial","10":"product_tag-apoyo-sistemico","11":"product_tag-cuidado-ngd","12":"product_tag-soporte-microbiano","13":"product_tag-terapia-integrativa","14":"infinite-scroll-item","15":"sales-flash-overlay","16":"woocommerce-text-align-center","17":"woocommerce-image-align-center","18":"do-quantity-buttons","20":"first","21":"instock","22":"taxable","23":"shipping-taxable","24":"purchasable","25":"product-type-simple"},"_links":{"self":[{"href":"https:\/\/www.ngdcare.nl\/es\/wp-json\/wp\/v2\/product\/12414","targetHints":{"allow":["GET"]}}],"collection":[{"href":"https:\/\/www.ngdcare.nl\/es\/wp-json\/wp\/v2\/product"}],"about":[{"href":"https:\/\/www.ngdcare.nl\/es\/wp-json\/wp\/v2\/types\/product"}],"replies":[{"embeddable":true,"href":"https:\/\/www.ngdcare.nl\/es\/wp-json\/wp\/v2\/comments?post=12414"}],"wp:featuredmedia":[{"embeddable":true,"href":"https:\/\/www.ngdcare.nl\/es\/wp-json\/wp\/v2\/media\/12415"}],"wp:attachment":[{"href":"https:\/\/www.ngdcare.nl\/es\/wp-json\/wp\/v2\/media?parent=12414"}],"wp:term":[{"taxonomy":"product_brand","embeddable":true,"href":"https:\/\/www.ngdcare.nl\/es\/wp-json\/wp\/v2\/product_brand?post=12414"},{"taxonomy":"product_cat","embeddable":true,"href":"https:\/\/www.ngdcare.nl\/es\/wp-json\/wp\/v2\/product_cat?post=12414"},{"taxonomy":"product_tag","embeddable":true,"href":"https:\/\/www.ngdcare.nl\/es\/wp-json\/wp\/v2\/product_tag?post=12414"},{"taxonomy":"merken","embeddable":true,"href":"https:\/\/www.ngdcare.nl\/es\/wp-json\/wp\/v2\/merken?post=12414"}],"curies":[{"name":"wp","href":"https:\/\/api.w.org\/{rel}","templated":true}]}}