{"id":12433,"date":"2026-01-22T21:43:11","date_gmt":"2026-01-22T20:43:11","guid":{"rendered":"https:\/\/www.ngdcare.nl\/product\/sin%20categor\u00eda\/microbe-guard-difusor\/"},"modified":"2026-01-26T21:51:26","modified_gmt":"2026-01-26T20:51:26","slug":"microbe-guard-difusor","status":"publish","type":"product","link":"https:\/\/www.ngdcare.nl\/es\/product\/veterinary-health\/aromaterapia-es\/microbe-guard-difusor\/","title":{"rendered":"Microbe Guard \u2013 Difusor"},"content":{"rendered":"<p class=\"p3\"><strong>Microbe Guard \u2013 Difusor<\/strong> ha sido desarrollado <span class=\"s2\"><b>como una mezcla vers\u00e1til de aceites<\/b><\/span> para el soporte de la piel y las v\u00edas respiratorias, sin afectar al h\u00edgado y al sistema digestivo.<\/p>\n<p><b>Mecanismo de acci\u00f3n y composici\u00f3n<\/b><\/p>\n<p>Los compuestos vol\u00e1tiles se absorben a trav\u00e9s de los pulmones mediante inhalaci\u00f3n, mientras que la aplicaci\u00f3n t\u00f3pica proporciona soporte a nivel cut\u00e1neo y linf\u00e1tico. La combinaci\u00f3n de aceites ricos en fenoles y m\u00e1s suaves afecta indirectamente a biofilmes, membranas y al entorno microbiano. <\/p>\n<ul>\n<li class=\"p1\"><span class=\"s1\"><b>El or\u00e9gano<\/b><\/span> favorece el equilibrio microbiano mediante la ruptura de membranas.<\/li>\n<li class=\"p1\"><span class=\"s1\"><b>Tomillo CT. Timol <\/b><\/span>  contribuye a la desestabilizaci\u00f3n de biofilms.<\/li>\n<li class=\"p1\"><span class=\"s1\"><b>La corteza de canela<\/b><\/span> apoya la influencia en los sistemas enzim\u00e1ticos y energ\u00e9ticos de los microorganismos.<\/li>\n<li class=\"p1\"><span class=\"s1\"><b>Los clavos<\/b><\/span> sostienen levaduras, hongos y estructuras de biofilm.<\/li>\n<li class=\"p1\"><span class=\"s1\"><b>Manuka<\/b><\/span> tiene un efecto calmante y de apoyo al equilibrio.<\/li>\n<li class=\"p1\"><span class=\"s1\"><b>Ravintsara<\/b><\/span> apoya principalmente la carga viral y las v\u00edas respiratorias.<\/li>\n<\/ul>\n<p><b>Indicaciones<\/b><\/p>\n<ul>\n<li class=\"p1\">Soporte de presi\u00f3n microbiana y viral<\/li>\n<li class=\"p1\">Adici\u00f3n dentro de trayectorias integrativas<\/li>\n<li class=\"p1\">Soporte ambiental mediante difusor<\/li>\n<\/ul>\n","protected":false},"excerpt":{"rendered":"<p class=\"p1\"><strong>Microbe Guard Diffuser<\/strong> ha sido desarrollado <span class=\"s1\">como una mezcla vers\u00e1til de aceites esenciales<\/span> para el soporte de la piel y la respiraci\u00f3n, sin afectar al h\u00edgado y al sistema digestivo. Esto tambi\u00e9n la hace adecuada para gatos y animales sensibles. <\/p>\n","protected":false},"featured_media":12434,"comment_status":"open","ping_status":"closed","template":"","meta":{"wds_primary_product_brand":0,"wds_primary_product_cat":0,"wds_primary_merken":0},"product_brand":[],"product_cat":[3214,6419],"product_tag":[6451,6449,6420,6450,2911,2584,6421,6424],"merken":[],"class_list":{"0":"post-12433","1":"product","2":"type-product","3":"status-publish","4":"has-post-thumbnail","6":"product_cat-aromaterapia-es","7":"product_cat-aceites-esenciales","8":"product_tag-aceite-antimicrobiano","9":"product_tag-aceite-difusor","10":"product_tag-aceite-esencial","11":"product_tag-aceite-esencial-topico","12":"product_tag-biofilm-es","13":"product_tag-cuidado-ngd","14":"product_tag-soporte-microbiano","15":"product_tag-terapia-integrativa","16":"infinite-scroll-item","17":"sales-flash-overlay","18":"woocommerce-text-align-center","19":"woocommerce-image-align-center","20":"do-quantity-buttons","22":"first","23":"instock","24":"taxable","25":"shipping-taxable","26":"purchasable","27":"product-type-simple"},"_links":{"self":[{"href":"https:\/\/www.ngdcare.nl\/es\/wp-json\/wp\/v2\/product\/12433","targetHints":{"allow":["GET"]}}],"collection":[{"href":"https:\/\/www.ngdcare.nl\/es\/wp-json\/wp\/v2\/product"}],"about":[{"href":"https:\/\/www.ngdcare.nl\/es\/wp-json\/wp\/v2\/types\/product"}],"replies":[{"embeddable":true,"href":"https:\/\/www.ngdcare.nl\/es\/wp-json\/wp\/v2\/comments?post=12433"}],"wp:featuredmedia":[{"embeddable":true,"href":"https:\/\/www.ngdcare.nl\/es\/wp-json\/wp\/v2\/media\/12434"}],"wp:attachment":[{"href":"https:\/\/www.ngdcare.nl\/es\/wp-json\/wp\/v2\/media?parent=12433"}],"wp:term":[{"taxonomy":"product_brand","embeddable":true,"href":"https:\/\/www.ngdcare.nl\/es\/wp-json\/wp\/v2\/product_brand?post=12433"},{"taxonomy":"product_cat","embeddable":true,"href":"https:\/\/www.ngdcare.nl\/es\/wp-json\/wp\/v2\/product_cat?post=12433"},{"taxonomy":"product_tag","embeddable":true,"href":"https:\/\/www.ngdcare.nl\/es\/wp-json\/wp\/v2\/product_tag?post=12433"},{"taxonomy":"merken","embeddable":true,"href":"https:\/\/www.ngdcare.nl\/es\/wp-json\/wp\/v2\/merken?post=12433"}],"curies":[{"name":"wp","href":"https:\/\/api.w.org\/{rel}","templated":true}]}}