{"id":12463,"date":"2026-01-22T22:01:40","date_gmt":"2026-01-22T21:01:40","guid":{"rendered":"https:\/\/www.ngdcare.nl\/product\/sin%20categor\u00eda\/guardia-intensa-contra-parasitos\/"},"modified":"2026-04-09T14:13:04","modified_gmt":"2026-04-09T12:13:04","slug":"guardia-intensa-contra-parasitos","status":"publish","type":"product","link":"https:\/\/www.ngdcare.nl\/es\/product\/aromaterapia-es\/guardia-intensa-contra-parasitos\/","title":{"rendered":"Guardia de Par\u00e1sitos \u2013 Intenso"},"content":{"rendered":"<p data-start=\"1169\" data-end=\"1488\"><strong data-start=\"1169\" data-end=\"1196\">Intense Parasite Guard<\/strong> se ha desarrollado para perros que necesitan apoyo adicional debido al estr\u00e9s parasitario en el tracto gastrointestinal. La f\u00f3rmula contiene una combinaci\u00f3n equilibrada de aceite de semilla de calabaza, extracto de quassia, extracto de hoja de olivo y aceites esenciales <strong data-start=\"1364\" data-end=\"1444\">de or\u00e9gano, tomillo, hoja de canela, romero, menta, lavanda y manzanilla romana<\/strong>, disueltos en aceite MCT para una absorci\u00f3n \u00f3ptima. <\/p>\n<p data-start=\"1490\" data-end=\"1797\">Estos aceites son conocidos por sus amplias propiedades antimicrobianas y antiparasitarias y tradicionalmente se utilizan para apoyar el ambiente intestinal en caso de presi\u00f3n de gusanos y carga de protozoos. Gracias a la dosificaci\u00f3n cuidadosa, la f\u00f3rmula sigue siendo eficaz y segura para los perros, si se aplica correctamente. <\/p>\n<ul>\n<li data-start=\"461\" data-end=\"583\"><strong data-start=\"461\" data-end=\"479\">El or\u00e9gano y el tomillo<\/strong> contribuyen a un ambiente intestinal menos favorable para microorganismos y par\u00e1sitos no deseados.<\/li>\n<li data-start=\"586\" data-end=\"673\"><strong data-start=\"586\" data-end=\"600\">La hoja de canela<\/strong> apoya el equilibrio microbiano y ayuda a interrumpir la formaci\u00f3n de biopel\u00edculas.<\/li>\n<li data-start=\"676\" data-end=\"778\"><strong data-start=\"676\" data-end=\"690\">El romero<\/strong> favorece la digesti\u00f3n y la funci\u00f3n biliar, esenciales para una buena funci\u00f3n intestinal.<\/li>\n<li data-start=\"781\" data-end=\"859\"><strong data-start=\"781\" data-end=\"794\">La menta<\/strong> contribuye a un movimiento intestinal normal y reduce las molestias.<\/li>\n<li data-start=\"862\" data-end=\"961\">La <strong data-start=\"862\" data-end=\"892\">lavanda y la manzanilla romana<\/strong> aportan suavizante y una mejor tolerancia de la f\u00f3rmula.<\/li>\n<\/ul>\n<p data-start=\"1799\" data-end=\"2053\">Intense Parasite Guard est\u00e1 pensado como <strong data-start=\"1838\" data-end=\"1862\">un agente de apoyo<\/strong>, no como un sustituto del tratamiento veterinario habitual, y encaja perfectamente dentro de un <a href=\"https:\/\/www.ngdcare.nl\/es\/product\/digestion-es\/protocolo-intestinal\/\"><strong data-start=\"1959\" data-end=\"1987\">protocolo integrativo intestinal<\/strong><\/a>, el <a href=\"https:\/\/www.ngdcare.nl\/es\/product\/protocolos\/protocolo-giardia\/\">protocolo de giardia<\/a> o, por ejemplo, en combinaci\u00f3n con <strong data-start=\"2020\" data-end=\"2052\"><a href=\"https:\/\/www.ngdcare.nl\/es\/product\/suplementos-ortomoleculares-es\/nac-berberina-para-limpiar\/\">Para Clean<\/a>.<\/strong><\/p>\n<p class=\"p3\"><b>No es adecuado para gatos.<\/b><\/p>\n","protected":false},"excerpt":{"rendered":"<p><strong>NGD Care Intense Parasite Guard<\/strong> es una potente f\u00f3rmula natural de aceite para apoyar el equilibrio intestinal en perros con presi\u00f3n parasitaria, como gusanos y protozoos (incluida la Giardia). La cuidadosamente elaborada mezcla de aceites esenciales en dosis seguras para perros funciona en sinergia con el protocolo NGD <a href=\"https:\/\/www.ngdcare.nl\/es\/product\/suplementos-ortomoleculares-es\/nac-berberina-para-limpiar\/\">Care Para Clean<\/a> o <a href=\"https:\/\/www.ngdcare.nl\/es\/product\/protocolos\/protocolo-giardia\/\">giardia<\/a>. <\/p>\n","protected":false},"featured_media":12465,"comment_status":"open","ping_status":"closed","template":"","meta":{"wds_primary_product_brand":0,"wds_primary_product_cat":0,"wds_primary_merken":0},"product_brand":[],"product_cat":[3214],"product_tag":[6547,6539,5648,2908,6545,6543,6541,6537],"merken":[],"class_list":{"0":"post-12463","1":"product","2":"type-product","3":"status-publish","4":"has-post-thumbnail","6":"product_cat-aromaterapia-es","7":"product_tag-aceite-esencial-para-perros","8":"product_tag-gusanos-2","9":"product_tag-para-clean","10":"product_tag-parasitos","11":"product_tag-perro-de-protocolo-intestinal","12":"product_tag-perro-desparasitador-natural","13":"product_tag-perro-giardia","14":"product_tag-perro-guardian-parasito","15":"infinite-scroll-item","16":"sales-flash-overlay","17":"woocommerce-text-align-center","18":"woocommerce-image-align-center","19":"do-quantity-buttons","21":"first","22":"instock","23":"taxable","24":"shipping-taxable","25":"purchasable","26":"product-type-simple"},"_links":{"self":[{"href":"https:\/\/www.ngdcare.nl\/es\/wp-json\/wp\/v2\/product\/12463","targetHints":{"allow":["GET"]}}],"collection":[{"href":"https:\/\/www.ngdcare.nl\/es\/wp-json\/wp\/v2\/product"}],"about":[{"href":"https:\/\/www.ngdcare.nl\/es\/wp-json\/wp\/v2\/types\/product"}],"replies":[{"embeddable":true,"href":"https:\/\/www.ngdcare.nl\/es\/wp-json\/wp\/v2\/comments?post=12463"}],"wp:featuredmedia":[{"embeddable":true,"href":"https:\/\/www.ngdcare.nl\/es\/wp-json\/wp\/v2\/media\/12465"}],"wp:attachment":[{"href":"https:\/\/www.ngdcare.nl\/es\/wp-json\/wp\/v2\/media?parent=12463"}],"wp:term":[{"taxonomy":"product_brand","embeddable":true,"href":"https:\/\/www.ngdcare.nl\/es\/wp-json\/wp\/v2\/product_brand?post=12463"},{"taxonomy":"product_cat","embeddable":true,"href":"https:\/\/www.ngdcare.nl\/es\/wp-json\/wp\/v2\/product_cat?post=12463"},{"taxonomy":"product_tag","embeddable":true,"href":"https:\/\/www.ngdcare.nl\/es\/wp-json\/wp\/v2\/product_tag?post=12463"},{"taxonomy":"merken","embeddable":true,"href":"https:\/\/www.ngdcare.nl\/es\/wp-json\/wp\/v2\/merken?post=12463"}],"curies":[{"name":"wp","href":"https:\/\/api.w.org\/{rel}","templated":true}]}}