{"id":12505,"date":"2026-01-22T23:00:21","date_gmt":"2026-01-22T22:00:21","guid":{"rendered":"https:\/\/www.ngdcare.nl\/product\/sin%20categor\u00eda\/sueno-y-sueno\/"},"modified":"2026-01-26T21:52:36","modified_gmt":"2026-01-26T20:52:36","slug":"sueno-y-sueno","status":"publish","type":"product","link":"https:\/\/www.ngdcare.nl\/es\/product\/veterinary-health\/aromaterapia-es\/sueno-y-sueno\/","title":{"rendered":"Sue\u00f1o y sue\u00f1o"},"content":{"rendered":"<p class=\"p1\">Una buena noche de sue\u00f1o va m\u00e1s all\u00e1 de solo dormir. Durante la noche, el cuerpo procesa est\u00edmulos, emociones y tensiones del d\u00eda. En caso de estr\u00e9s, sensibilidad o sobreestimulaci\u00f3n, esto puede provocar sue\u00f1o inquieto, despertares nocturnos o so\u00f1ar intensamente.  <\/p>\n<p class=\"p1\"><span class=\"s1\"><b>Sue\u00f1o y Sue\u00f1o<\/b><\/span> est\u00e1 dise\u00f1ado para guiar el cuerpo y el sistema nervioso durante esta fase nocturna. La combinaci\u00f3n de lavanda, manzanilla romana, incienso, cedro, mandarina y vetiver favorece la relajaci\u00f3n sin adormecer. El aroma tiene un efecto suavemente anclador, proporciona una sensaci\u00f3n de seguridad y ayuda al cuerpo a pasar a la recuperaci\u00f3n y el descanso.  <\/p>\n<p class=\"p1\">Este rodillo es especialmente adecuado para:<\/p>\n<ul>\n<li class=\"p1\">Ni\u00f1os sensibles (HSP)<\/li>\n<li class=\"p1\">adultos con estr\u00e9s o cabeza llena<\/li>\n<li class=\"p1\">animales inquietos por la noche<\/li>\n<li class=\"p1\">Periodos de tensi\u00f3n, cambio o fuegos artificiales<\/li>\n<\/ul>\n<h4><b>Indicaciones<\/b><\/h4>\n<ul>\n<li class=\"p1\">Dificultad para conciliar el sue\u00f1o<\/li>\n<li class=\"p1\">Sue\u00f1o inquieto o ligero<\/li>\n<li class=\"p1\">Despertar nocturno<\/li>\n<li class=\"p1\">Sue\u00f1os intensos o pesadillas<\/li>\n<li class=\"p1\">Estr\u00e9s, tensi\u00f3n o sobreestimulaci\u00f3n<\/li>\n<\/ul>\n<p>&nbsp;<\/p>\n","protected":false},"excerpt":{"rendered":"<p class=\"p1\"><b>Sleep and Dream <\/b>es un rodillo de aceites esenciales cuidadosamente formulado que apoya el sistema nervioso durante la noche. Esta combinaci\u00f3n ayuda a relajarse para dormir, dormir m\u00e1s tranquilamente y aliviar sue\u00f1os inquietos o intensos. Adecuado para adultos, ni\u00f1os y perros.  <\/p>\n","protected":false},"featured_media":12507,"comment_status":"open","ping_status":"closed","template":"","meta":{"wds_primary_product_brand":0,"wds_primary_product_cat":0,"wds_primary_merken":0},"product_brand":[],"product_cat":[3214,6419],"product_tag":[6420,6017,5736,2170,6623,6624,1927,6617,2495,6621,3498,6619],"merken":[],"class_list":{"0":"post-12505","1":"product","2":"type-product","3":"status-publish","4":"has-post-thumbnail","6":"product_cat-aromaterapia-es","7":"product_cat-aceites-esenciales","8":"product_tag-aceite-esencial","9":"product_tag-dormir-2","10":"product_tag-dormir","11":"product_tag-estres","12":"product_tag-hsp","13":"product_tag-nino","14":"product_tag-perro","15":"product_tag-pesadillas","16":"product_tag-recreacion","17":"product_tag-rodillo","18":"product_tag-sistema-nervioso","19":"product_tag-suenos","20":"infinite-scroll-item","21":"sales-flash-overlay","22":"woocommerce-text-align-center","23":"woocommerce-image-align-center","24":"do-quantity-buttons","26":"first","27":"instock","28":"taxable","29":"shipping-taxable","30":"purchasable","31":"product-type-simple"},"_links":{"self":[{"href":"https:\/\/www.ngdcare.nl\/es\/wp-json\/wp\/v2\/product\/12505","targetHints":{"allow":["GET"]}}],"collection":[{"href":"https:\/\/www.ngdcare.nl\/es\/wp-json\/wp\/v2\/product"}],"about":[{"href":"https:\/\/www.ngdcare.nl\/es\/wp-json\/wp\/v2\/types\/product"}],"replies":[{"embeddable":true,"href":"https:\/\/www.ngdcare.nl\/es\/wp-json\/wp\/v2\/comments?post=12505"}],"wp:featuredmedia":[{"embeddable":true,"href":"https:\/\/www.ngdcare.nl\/es\/wp-json\/wp\/v2\/media\/12507"}],"wp:attachment":[{"href":"https:\/\/www.ngdcare.nl\/es\/wp-json\/wp\/v2\/media?parent=12505"}],"wp:term":[{"taxonomy":"product_brand","embeddable":true,"href":"https:\/\/www.ngdcare.nl\/es\/wp-json\/wp\/v2\/product_brand?post=12505"},{"taxonomy":"product_cat","embeddable":true,"href":"https:\/\/www.ngdcare.nl\/es\/wp-json\/wp\/v2\/product_cat?post=12505"},{"taxonomy":"product_tag","embeddable":true,"href":"https:\/\/www.ngdcare.nl\/es\/wp-json\/wp\/v2\/product_tag?post=12505"},{"taxonomy":"merken","embeddable":true,"href":"https:\/\/www.ngdcare.nl\/es\/wp-json\/wp\/v2\/merken?post=12505"}],"curies":[{"name":"wp","href":"https:\/\/api.w.org\/{rel}","templated":true}]}}