{"id":12538,"date":"2026-01-22T23:14:23","date_gmt":"2026-01-22T22:14:23","guid":{"rendered":"https:\/\/www.ngdcare.nl\/product\/sin%20categor\u00eda\/equilibrio-hormonal-masculino\/"},"modified":"2026-04-12T21:35:49","modified_gmt":"2026-04-12T19:35:49","slug":"equilibrio-hormonal-masculino","status":"publish","type":"product","link":"https:\/\/www.ngdcare.nl\/es\/product\/aromaterapia-es\/equilibrio-hormonal-masculino\/","title":{"rendered":"Equilibrio hormonal \u2013 Masculino"},"content":{"rendered":"<p class=\"p1\">Las fluctuaciones hormonales pueden provocar inquietud, fijaci\u00f3n, comportamiento dominante, marcado excesivo o dificultad para cambiar en los perros machos. Este comportamiento rara vez es \u00abeducativo\u00bb, sino que a menudo es resultado de un <span class=\"s1\"><b>sistema hormonal y de estr\u00e9s hiperactivo<\/b><\/span>. <\/p>\n<p class=\"p1\"><span class=\"s1\"><b>Hormonal Balance \u2013 Masculino<\/b><\/span> es un rodillo de aromaterapia cuidadosamente formulado que apoya al cuerpo durante estas fases hormonales. La mezcla tiene un efecto m\u00e1s profundo sobre el <span class=\"s1\"><b>sistema nervioso y la respuesta hormonal al estr\u00e9s<\/b><\/span>, y ayuda a los perros machos a experimentar paz, concentraci\u00f3n y limitaciones de nuevo. <\/p>\n<p class=\"p1\">La composici\u00f3n es <span class=\"s1\"><b>deliberadamente no activadora<\/b><\/span> y libre de aceites c\u00edtricos estimulantes. Esto hace que el rodillo sea adecuado para el uso diario en caso de disturbios hormonales, sin amortiguar ni cambiar al animal. <\/p>\n<ul>\n<li class=\"p1\"><b>Madera de cedro <\/b><span class=\"s1\"> \u2013 L\u00edmite, estabilidad<\/span><\/li>\n<li class=\"p1\"><span class=\"s1\"><b>Vetiver <\/b><\/span> \u2013 activaci\u00f3n parasimp\u00e1tica profunda<\/li>\n<li class=\"p1\"><span class=\"s1\"><b>Mejorana <\/b><\/span> \u2013 relajaci\u00f3n, sobreactivaci\u00f3n por inhibici\u00f3n<\/li>\n<li class=\"p1\"><b>Lavanda <\/b><span class=\"s1\"> \u2013 descanso, relajaci\u00f3n<\/span><\/li>\n<li class=\"p1\"><b>Incienso <\/b><span class=\"s1\">\u2013 regulaci\u00f3n neurohormonal<\/span><\/li>\n<\/ul>\n<h4><b>Soportes en<\/b><\/h4>\n<ul>\n<li class=\"p1\">Hipersexualidad<\/li>\n<li class=\"p1\">Comportamiento dominante o impulsivo<\/li>\n<li class=\"p1\">Turbulencia hormonal<\/li>\n<li class=\"p1\">Cambios de marcha deficientes<\/li>\n<li class=\"p1\">Inquietud por la presencia de perras en celo<\/li>\n<\/ul>\n","protected":false},"excerpt":{"rendered":"<p class=\"p1\">Apoya a los perros machos con turbulencias hormonales, comportamiento hipersexual y reacciones dominantes o malas de cambio. <span class=\"s1\"><b>Equilibrio hormonal \u2013 El macho<\/b><\/span> ayuda a calmar el sistema nervioso en los perros machos y favorece el confinamiento natural, sin adormecer ni suprimir.<\/p>\n","protected":false},"featured_media":12539,"comment_status":"open","ping_status":"closed","template":"","meta":{"wds_primary_product_brand":0,"wds_primary_product_cat":0,"wds_primary_merken":0},"product_brand":[],"product_cat":[3214],"product_tag":[6701,6697,7847,6700,6699,6698],"merken":[],"class_list":{"0":"post-12538","1":"product","2":"type-product","3":"status-publish","4":"has-post-thumbnail","6":"product_cat-aromaterapia-es","7":"product_tag-apoyo-conductual","8":"product_tag-equilibrio-hormonal-masculino","9":"product_tag-estres-y-comportamiento","10":"product_tag-perro-de-aromaterapia","11":"product_tag-perro-de-hipersexualidad","12":"product_tag-perro-dominante","13":"infinite-scroll-item","14":"sales-flash-overlay","15":"woocommerce-text-align-center","16":"woocommerce-image-align-center","17":"do-quantity-buttons","19":"first","20":"instock","21":"taxable","22":"shipping-taxable","23":"purchasable","24":"product-type-simple"},"_links":{"self":[{"href":"https:\/\/www.ngdcare.nl\/es\/wp-json\/wp\/v2\/product\/12538","targetHints":{"allow":["GET"]}}],"collection":[{"href":"https:\/\/www.ngdcare.nl\/es\/wp-json\/wp\/v2\/product"}],"about":[{"href":"https:\/\/www.ngdcare.nl\/es\/wp-json\/wp\/v2\/types\/product"}],"replies":[{"embeddable":true,"href":"https:\/\/www.ngdcare.nl\/es\/wp-json\/wp\/v2\/comments?post=12538"}],"wp:featuredmedia":[{"embeddable":true,"href":"https:\/\/www.ngdcare.nl\/es\/wp-json\/wp\/v2\/media\/12539"}],"wp:attachment":[{"href":"https:\/\/www.ngdcare.nl\/es\/wp-json\/wp\/v2\/media?parent=12538"}],"wp:term":[{"taxonomy":"product_brand","embeddable":true,"href":"https:\/\/www.ngdcare.nl\/es\/wp-json\/wp\/v2\/product_brand?post=12538"},{"taxonomy":"product_cat","embeddable":true,"href":"https:\/\/www.ngdcare.nl\/es\/wp-json\/wp\/v2\/product_cat?post=12538"},{"taxonomy":"product_tag","embeddable":true,"href":"https:\/\/www.ngdcare.nl\/es\/wp-json\/wp\/v2\/product_tag?post=12538"},{"taxonomy":"merken","embeddable":true,"href":"https:\/\/www.ngdcare.nl\/es\/wp-json\/wp\/v2\/merken?post=12538"}],"curies":[{"name":"wp","href":"https:\/\/api.w.org\/{rel}","templated":true}]}}