{"id":12650,"date":"2026-01-23T09:03:13","date_gmt":"2026-01-23T08:03:13","guid":{"rendered":"https:\/\/www.ngdcare.nl\/product\/sin%20categor\u00eda\/protector-contra-pulgas-y-garrapatas-suave\/"},"modified":"2026-01-26T21:11:25","modified_gmt":"2026-01-26T20:11:25","slug":"protector-contra-pulgas-y-garrapatas-suave","status":"publish","type":"product","link":"https:\/\/www.ngdcare.nl\/es\/product\/veterinary-health\/aromaterapia-es\/protector-contra-pulgas-y-garrapatas-suave\/","title":{"rendered":"Protector contra pulgas y garrapatas \u2013 Suave"},"content":{"rendered":"<p class=\"p1\"><span class=\"s1\"><b>Gentle Pulga and Tick Guard <\/b><\/span>de NGD Care es un <span class=\"s1\"><b>repelente natural<\/b><\/span> de insectos extra suave y seguro para gatos, especialmente desarrollado para gatos, cachorros y otros animales sensibles a fragancias o formulaciones intensivas. La f\u00f3rmula utiliza <span class=\"s1\"><b>hidrolato de lavanda<\/b><\/span>, <span class=\"s1\"><b>dosis muy bajas de cedro y geranio<\/b><\/span>, combinado con <span class=\"s1\"><b>extracto de quassia<\/b><\/span> y una microcantidad de <span class=\"s1\"><b>neem<\/b><\/span>, lo que hace que el producto sea eficaz contra pulgas e insectos ambientales sin la carga t\u00edpica que conllevan muchos aceites esenciales para gatos. <\/p>\n<p class=\"p1\">Los gatos tienen una desintoxicaci\u00f3n hep\u00e1tica \u00fanica (glucuronidaci\u00f3n), que hace que muchos aceites esenciales no sean adecuados en concentraciones normales. Por ello, Gentle Bug Guard\u2122 est\u00e1 cuidadosamente formulado con <span class=\"s1\"><b>microdosis y hidrosoles seguros para gatos<\/b><\/span> que contribuyen a la defensa natural de los insectos pero no sobrecargan el h\u00edgado ni el sistema nervioso. <\/p>\n<p class=\"p1\">El spray apoya a los gatos durante periodos de mayor actividad de pulgas, en situaciones dom\u00e9sticas con otros animales o en gatos con piel sensible que no toleran bien los productos qu\u00edmicos. Debido a los fuertes perfiles olfativos de cedro, geranio y quasia, el <span class=\"s1\"><b>comportamiento de orientaci\u00f3n de pulgas e insectos picantes se ve alterado<\/b><\/span>, haciendo que los gatos sean menos atractivos para los par\u00e1sitos. <\/p>\n<p class=\"p1\"><a href=\"https:\/\/www.ngdcare.nl\/sv\/product\/aromaterapi\/intensiv-lopp-och-fastingskydd\/\"><span class=\"s1\"><b>Intense Flea and Tick Guard <\/b><\/span><\/a>contiene extractos bot\u00e1nicos m\u00e1s potentes (incluyendo clavo, PMD, palmarosa, cedro), que han sido desarrollados espec\u00edficamente para su uso en <strong>perros<\/strong> y en <span class=\"s1\"><b>el medio ambiente<\/b><\/span>, pero <span class=\"s1\"><b>no directamente en gatos<\/b><\/span>. As\u00ed que usa el spray Intense solo <span class=\"s1\"><b>en el ambiente<\/b><\/span> y sigue aplicando spray Gentle al gato.<\/p>\n","protected":false},"excerpt":{"rendered":"<p class=\"p1\"><strong>Gentle Flea and Tick Guard<\/strong> es un repelente de insectos suave, seguro y natural para gatos y animales j\u00f3venes y sensibles. Esta f\u00f3rmula contiene hidrosol de lavanda, cedro, geranio en microdosis, neem y quassia para apoyar suavemente a los gatos contra pulgas e insectos ambientales. Dise\u00f1ado para gatos sensibles y para uso diario.  <\/p>\n","protected":false},"featured_media":12658,"comment_status":"open","ping_status":"closed","template":"","meta":{"wds_primary_product_brand":0,"wds_primary_product_cat":0,"wds_primary_merken":0},"product_brand":[],"product_cat":[3214],"product_tag":[6801,6810,6798,6807,6804,6783,6794,2908,6812,6779,6788],"merken":[],"class_list":{"0":"post-12650","1":"product","2":"type-product","3":"status-publish","4":"has-post-thumbnail","6":"product_cat-aromaterapia-es","7":"product_tag-cuidado-natural-del-gato","8":"product_tag-defensas-naturales","9":"product_tag-gato-pulgas","10":"product_tag-gato-quassia","11":"product_tag-gato-spray-de-cedro","12":"product_tag-guardia-de-insectos","13":"product_tag-insecticida-para-gatos","14":"product_tag-parasitos","15":"product_tag-pulgas-y-spray-para-garrapatas-gatos","16":"product_tag-repelente-de-insectos","17":"product_tag-spray-para-gatos","18":"infinite-scroll-item","19":"sales-flash-overlay","20":"woocommerce-text-align-center","21":"woocommerce-image-align-center","22":"do-quantity-buttons","24":"first","25":"instock","26":"taxable","27":"shipping-taxable","28":"purchasable","29":"product-type-simple"},"_links":{"self":[{"href":"https:\/\/www.ngdcare.nl\/es\/wp-json\/wp\/v2\/product\/12650","targetHints":{"allow":["GET"]}}],"collection":[{"href":"https:\/\/www.ngdcare.nl\/es\/wp-json\/wp\/v2\/product"}],"about":[{"href":"https:\/\/www.ngdcare.nl\/es\/wp-json\/wp\/v2\/types\/product"}],"replies":[{"embeddable":true,"href":"https:\/\/www.ngdcare.nl\/es\/wp-json\/wp\/v2\/comments?post=12650"}],"wp:featuredmedia":[{"embeddable":true,"href":"https:\/\/www.ngdcare.nl\/es\/wp-json\/wp\/v2\/media\/12658"}],"wp:attachment":[{"href":"https:\/\/www.ngdcare.nl\/es\/wp-json\/wp\/v2\/media?parent=12650"}],"wp:term":[{"taxonomy":"product_brand","embeddable":true,"href":"https:\/\/www.ngdcare.nl\/es\/wp-json\/wp\/v2\/product_brand?post=12650"},{"taxonomy":"product_cat","embeddable":true,"href":"https:\/\/www.ngdcare.nl\/es\/wp-json\/wp\/v2\/product_cat?post=12650"},{"taxonomy":"product_tag","embeddable":true,"href":"https:\/\/www.ngdcare.nl\/es\/wp-json\/wp\/v2\/product_tag?post=12650"},{"taxonomy":"merken","embeddable":true,"href":"https:\/\/www.ngdcare.nl\/es\/wp-json\/wp\/v2\/merken?post=12650"}],"curies":[{"name":"wp","href":"https:\/\/api.w.org\/{rel}","templated":true}]}}