{"id":12670,"date":"2026-01-23T09:13:52","date_gmt":"2026-01-23T08:13:52","guid":{"rendered":"https:\/\/www.ngdcare.nl\/product\/sin%20categor\u00eda\/soporte-para-la-picazon\/"},"modified":"2026-04-09T14:01:41","modified_gmt":"2026-04-09T12:01:41","slug":"soporte-para-la-picazon","status":"publish","type":"product","link":"https:\/\/www.ngdcare.nl\/es\/product\/veterinary-health\/aromaterapia-es\/soporte-para-la-picazon\/","title":{"rendered":"Soporte para la Picaz\u00f3n"},"content":{"rendered":"<p data-start=\"966\" data-end=\"1279\">NGD Care <strong>Itch Support<\/strong> es un spray cuidadosamente formulado a base de agua que apoya de forma natural la piel de perros y gatos con picor e irritaci\u00f3n. La f\u00f3rmula combina <strong data-start=\"1153\" data-end=\"1201\">cuatro aceites esenciales potentes pero suaves<\/strong> con <strong data-start=\"1206\" data-end=\"1245\">harina de avena coloidal (Avena sativa)<\/strong> y <strong data-start=\"1249\" data-end=\"1278\">aloe vera concentrada<\/strong>. Todos ingredientes con un efecto de apoyo probado, sin aditivos innecesarios.  <\/p>\n<ul>\n<li data-start=\"2307\" data-end=\"2415\"><strong data-start=\"2307\" data-end=\"2344\">Lavanda <\/strong> \u2013 favorece la relajaci\u00f3n de la piel y ayuda a la transmisi\u00f3n de est\u00edmulos<\/li>\n<li data-start=\"2418\" data-end=\"2519\"><strong data-start=\"2418\" data-end=\"2453\">Copaiba <\/strong> \u2013 apoya la regulaci\u00f3n natural de los procesos inflamatorios<\/li>\n<li data-start=\"2522\" data-end=\"2620\"><strong data-start=\"2522\" data-end=\"2555\">Tansy azul <\/strong> \u2013 contiene chamazuleno, conocido por sus propiedades calmantes<\/li>\n<li data-start=\"2623\" data-end=\"2685\"><strong data-start=\"2623\" data-end=\"2647\">Helichrysum <\/strong> \u2013 apoya la reparaci\u00f3n y el equilibrio de la piel<\/li>\n<li data-start=\"2716\" data-end=\"2828\"><strong data-start=\"2716\" data-end=\"2755\">Harina de avena <\/strong> : rica en avenanthramides, conocida por sus propiedades calmantes para la piel<\/li>\n<li data-start=\"2831\" data-end=\"2923\"><strong data-start=\"2831\" data-end=\"2858\">Aloe vera<\/strong> \u2013 soporte concentrado para hidrataci\u00f3n y confort de la piel<\/li>\n<\/ul>\n<p data-start=\"1498\" data-end=\"1550\">Este spray puede usarse para apoyar lo siguiente:<\/p>\n<ul>\n<li data-start=\"1553\" data-end=\"1595\">Picor debido a alergias o hipersensibilidad<\/li>\n<li data-start=\"1598\" data-end=\"1629\">Rojecimiento y piel irritada<\/li>\n<li data-start=\"1632\" data-end=\"1666\">Piqueduras de insectos o reacciones de contacto<\/li>\n<li data-start=\"1669\" data-end=\"1700\">Quejas cut\u00e1neas estacionales<\/li>\n<li data-start=\"1703\" data-end=\"1740\">Piel seca, tirante o sensible<\/li>\n<\/ul>\n<p data-start=\"1742\" data-end=\"1777\">Adecuado para <strong>personas, perros y gatos<\/strong>. El soporte para el picor encaja perfectamente en nuestro <a href=\"https:\/\/www.ngdcare.nl\/es\/product\/protocolos\/protocolo-de-la-piel\/\">protocolo cut\u00e1neo<\/a> como alivio sintom\u00e1tico. <\/p>\n","protected":false},"excerpt":{"rendered":"<p>Un spray suave pero eficaz para perros y gatos, desarrollado a partir de aceites esenciales y extractos vegetales. El spray Intense Itch Support apoya la recuperaci\u00f3n natural de la piel y ayuda a calmar el picor, el enrojecimiento y la irritaci\u00f3n cut\u00e1nea causados por alergias, picaduras de insectos o piel sensible. <\/p>\n","protected":false},"featured_media":12677,"comment_status":"open","ping_status":"closed","template":"","meta":{"wds_primary_product_brand":0,"wds_primary_product_cat":0,"wds_primary_merken":0},"product_brand":[],"product_cat":[3214,6419],"product_tag":[6877,6875,6873,2584,6872,6868,6871,6870,6867,7851,6869],"merken":[],"class_list":{"0":"post-12670","1":"product","2":"type-product","3":"status-publish","4":"has-post-thumbnail","6":"product_cat-aromaterapia-es","7":"product_cat-aceites-esenciales","8":"product_tag-aceites-esenciales-animales","9":"product_tag-aloe-vera","10":"product_tag-avena-sativa","11":"product_tag-cuidado-ngd","12":"product_tag-gato-con-irritacion-de-piel","13":"product_tag-gato-que-pica","14":"product_tag-perro-alergico","15":"product_tag-perro-de-piel-sensible","16":"product_tag-perro-que-pica","17":"product_tag-piel-y-alergias","18":"product_tag-spray-natural-para-el-picor","19":"infinite-scroll-item","20":"sales-flash-overlay","21":"woocommerce-text-align-center","22":"woocommerce-image-align-center","23":"do-quantity-buttons","25":"first","26":"instock","27":"taxable","28":"shipping-taxable","29":"purchasable","30":"product-type-simple"},"_links":{"self":[{"href":"https:\/\/www.ngdcare.nl\/es\/wp-json\/wp\/v2\/product\/12670","targetHints":{"allow":["GET"]}}],"collection":[{"href":"https:\/\/www.ngdcare.nl\/es\/wp-json\/wp\/v2\/product"}],"about":[{"href":"https:\/\/www.ngdcare.nl\/es\/wp-json\/wp\/v2\/types\/product"}],"replies":[{"embeddable":true,"href":"https:\/\/www.ngdcare.nl\/es\/wp-json\/wp\/v2\/comments?post=12670"}],"wp:featuredmedia":[{"embeddable":true,"href":"https:\/\/www.ngdcare.nl\/es\/wp-json\/wp\/v2\/media\/12677"}],"wp:attachment":[{"href":"https:\/\/www.ngdcare.nl\/es\/wp-json\/wp\/v2\/media?parent=12670"}],"wp:term":[{"taxonomy":"product_brand","embeddable":true,"href":"https:\/\/www.ngdcare.nl\/es\/wp-json\/wp\/v2\/product_brand?post=12670"},{"taxonomy":"product_cat","embeddable":true,"href":"https:\/\/www.ngdcare.nl\/es\/wp-json\/wp\/v2\/product_cat?post=12670"},{"taxonomy":"product_tag","embeddable":true,"href":"https:\/\/www.ngdcare.nl\/es\/wp-json\/wp\/v2\/product_tag?post=12670"},{"taxonomy":"merken","embeddable":true,"href":"https:\/\/www.ngdcare.nl\/es\/wp-json\/wp\/v2\/merken?post=12670"}],"curies":[{"name":"wp","href":"https:\/\/api.w.org\/{rel}","templated":true}]}}