{"id":15037,"date":"2026-02-10T14:18:57","date_gmt":"2026-02-10T13:18:57","guid":{"rendered":"https:\/\/www.ngdcare.nl\/product\/sin%20categor\u00eda\/protocolo-de-microbios-intracelulares\/"},"modified":"2026-05-02T15:48:50","modified_gmt":"2026-05-02T13:48:50","slug":"protocolo-de-microbios-intracelulares","status":"publish","type":"product","link":"https:\/\/www.ngdcare.nl\/es\/product\/veterinary-health\/protocolos\/protocolo-de-microbios-intracelulares\/","title":{"rendered":"Protocolo de Microbios Intracelulares"},"content":{"rendered":"<p data-start=\"379\" data-end=\"631\"><strong data-start=\"637\" data-end=\"672\">El Protocolo de Microbios Intracelulares<\/strong> se ha desarrollado para perros y gatos que no se recuperan lo suficiente tras infecciones o que contin\u00faan sufriendo quejas cr\u00f3nicas, variables o inexplicables. Algunos microorganismos pueden esconderse dentro de las c\u00e9lulas del cuerpo, dificultando que el sistema inmunitario los alcance. Esto puede provocar s\u00edntomas a largo plazo o recurrentes, incluso despu\u00e9s de que aparentemente se haya tratado una infecci\u00f3n. El protocolo se centra no solo en el microbio, sino especialmente en el cuerpo que ha estado bajo presi\u00f3n durante mucho tiempo.   <\/p>\n<p data-start=\"985\" data-end=\"1264\">Los microbios intracelulares son microorganismos que se alojan (temporal o a largo plazo) en las c\u00e9lulas del cuerpo. Ejemplos incluyen Borrelia, Ehrlichia, Anaplasma, Bartonella, Leishmania, Babesia, Toxoplasma y la carga residual postinfecciosa tras infecciones virales. <\/p>\n<p data-start=\"1266\" data-end=\"1391\">Esta carga puede provocar activaci\u00f3n cr\u00f3nica del sistema inmunitario, inflamaci\u00f3n de bajo grado y alteraci\u00f3n en la gesti\u00f3n de la energ\u00eda.<\/p>\n<h4 data-start=\"1398\" data-end=\"1431\">\u00bfPor qu\u00e9 un enfoque por fases?<\/h4>\n<p data-start=\"1432\" data-end=\"1617\">Con una carga intracelular prolongada, el cuerpo suele estar continuamente \u201cencendido\u00bb. Sin crear primero paz y estabilidad, un apoyo adicional puede provocar desregulaci\u00f3n o reca\u00edda. <\/p>\n<p data-start=\"1619\" data-end=\"1789\">Por eso el Protocolo de Microbios Intracelulares NGD Care funciona con un <strong data-start=\"1689\" data-end=\"1733\">enfoque cuidadosamente construido y por fases <\/strong>que apoya al cuerpo paso a paso en la recuperaci\u00f3n. En total, este protocolo dura 20 semanas. <\/p>\n<h4 data-start=\"1796\" data-end=\"1845\">Estructura del Protocolo de Microbios Intracelulares<\/h4>\n<p><strong>Fase 1 \u2013 Estabilizaci\u00f3n del sistema inmunitario e inflamado<\/strong> (4 semanas)<\/p>\n<ul>\n<li>En esta fase, el cuerpo se calma y se prepara para los siguientes pasos.<\/li>\n<li>Apoyo con:\n<ul>\n<li><strong data-start=\"2017\" data-end=\"2033\">Lactoferrina<\/strong> \u2013 Apoya el equilibrio inmunitario y la funci\u00f3n de los macr\u00f3fagos, y ayuda a regular respuestas inflamatorias excesivas.<\/li>\n<li><strong data-start=\"2085\" data-end=\"2129\">Myco Immune Complex (Mushroom Mix 1)<\/strong> \u2013 Act\u00faa de forma inmunomoduladora y ayuda a equilibrar el sistema inmunitario sin sobreestimular.<\/li>\n<li><strong data-start=\"2153\" data-end=\"2172\">Complejo PEA (PEA y Boswellia):<\/strong> Apoya el sistema nervioso y tiene un efecto antiinflamatorio sobre la carga inmunitaria cr\u00f3nica y la carga de estr\u00e9s.<\/li>\n<\/ul>\n<\/li>\n<\/ul>\n<p><span style=\"font-size: inherit;\"><strong>Fase 2 \u2013 Soporte controlado de carga microbiana<\/strong> (8 semanas)<\/span><\/p>\n<ul>\n<li data-start=\"2323\" data-end=\"2441\">Cuando el cuerpo est\u00e1 estable, se apoya de manera controlada en la reducci\u00f3n del estr\u00e9s intracelular.<\/li>\n<li>Apoyo con:\n<ul>\n<li data-start=\"2468\" data-end=\"2545\"><strong data-start=\"2468\" data-end=\"2487\">Para Reset (NAC y Berberina)<\/strong> \u2013 Apoya la producci\u00f3n de glutati\u00f3n y ayuda a alterar las estructuras protectoras alrededor de los microbios.<\/li>\n<li data-start=\"2468\" data-end=\"2545\"><strong style=\"font-size: inherit;\" data-start=\"2548\" data-end=\"2584\">Aceites esenciales Microbe Guard<\/strong>\n<ul>\n<li data-start=\"2468\" data-end=\"2545\">Apoyar el equilibrio microbiano del cuerpo mediante dos mecanismos de acci\u00f3n diferentes:\n<ul>\n<li data-start=\"2591\" data-end=\"2627\">Oral: <span class=\"s1\">soporte sist\u00e9mico para el desequilibrio microbiano.<\/span><\/li>\n<li data-start=\"2591\" data-end=\"2627\">Difusor: para soporte cut\u00e1neo y respiratorio, sin forzar el h\u00edgado ni el sistema digestivo.<\/li>\n<\/ul>\n<\/li>\n<\/ul>\n<\/li>\n<li><strong data-start=\"2768\" data-end=\"2821\">Lactoferrina <\/strong>\u2013 Sigue apoyando la regulaci\u00f3n inmunitaria y ayuda a controlar las respuestas inflamatorias.<\/li>\n<li><strong data-start=\"2768\" data-end=\"2821\">Soporte inmunol\u00f3gico de micolog\u00eda \u2013 <\/strong>Sigue contribuyendo a una respuesta inmunitaria equilibrada durante esta fase.<\/li>\n<li><strong data-start=\"2768\" data-end=\"2821\">Complejo PEA <\/strong>\u2013 Sigue apoyando la inhibici\u00f3n de la inflamaci\u00f3n y la regulaci\u00f3n del estr\u00e9s para prevenir reca\u00eddas.<\/li>\n<li>Opcional: <a href=\"https:\/\/www.natuurlijkgezondedieren.nl\/ozontherapie\/\"><strong>terapia con ozono<\/strong><\/a> o (en consulta con el veterinario) medicaci\u00f3n convencional, siempre incorporada en el protocolo.<\/li>\n<\/ul>\n<\/li>\n<\/ul>\n<p><strong>Fase 3 \u2013 Recuperaci\u00f3n y resiliencia<\/strong> (8 semanas)<\/p>\n<ul>\n<li data-start=\"3012\" data-end=\"3092\">La fase final se centra en restaurar la energ\u00eda, la resiliencia y la vitalidad.<\/li>\n<li data-start=\"3012\" data-end=\"3092\">Apoyo con:\n<ul>\n<li data-start=\"3119\" data-end=\"3159\"><strong data-start=\"3119\" data-end=\"3157\">Soporte de longevidad <\/strong>(NAD\u207a \/ Resveratrol \/ Ergotioneina) \u2013 Apoya la funci\u00f3n mitocondrial y la producci\u00f3n de energ\u00eda celular bajo carga prolongada.<\/li>\n<li data-start=\"3162\" data-end=\"3178\"><strong data-start=\"3162\" data-end=\"3176\">Glutati\u00f3n <\/strong>\u2013 Un antioxidante importante para el cuerpo que ayuda a reducir el estr\u00e9s oxidativo y limpiar residuos.<\/li>\n<li data-start=\"3181\" data-end=\"3197\"><strong data-start=\"3181\" data-end=\"3197\">Coenzima Q10 <\/strong>\u2013 Apoya la producci\u00f3n de energ\u00eda en m\u00fasculos y \u00f3rganos y contribuye a la recuperaci\u00f3n de vitalidad y resiliencia.<\/li>\n<\/ul>\n<\/li>\n<\/ul>\n<h4>\u00bfPara qui\u00e9n es adecuado este protocolo?<\/h4>\n<ul>\n<li>Animales con quejas cr\u00f3nicas o variables<\/li>\n<li>Animales que no se recuperan lo suficiente tras infecciones<\/li>\n<li>Perros importados con s\u00edntomas inexplicables<\/li>\n<li>Animales con diagn\u00f3stico de bacterias intracelulares o protozoos<\/li>\n<li>Animales con diagn\u00f3stico de infecci\u00f3n viral cr\u00f3nica<\/li>\n<\/ul>\n<p><strong>El paquete contiene suplementos suficientes para 20 semanas para perros de 10-30 kg. En total obtienes 3 veces lactoferrina, 3 veces soporte inmunol\u00f3gico mico, 3 veces complejo PEA, 2 veces reinicio para, 1 copa protector microbiano interno, 1 difusor protector microbiano, 2 veces soporte de longevidad, 2 veces glutati\u00f3n, 2 enzimas Q10.   <\/strong><\/p>\n","protected":false},"excerpt":{"rendered":"<p data-start=\"540\" data-end=\"879\">El <strong data-start=\"544\" data-end=\"588\">Protocolo de Microbios Intracelulares de Cuidado NGD<\/strong> es un protocolo de recuperaci\u00f3n integrativa para perros y gatos con infecciones microbianas intracelulares cr\u00f3nicas. El protocolo apoya el sistema inmunitario, reduce la inflamaci\u00f3n de bajo grado y ayuda al cuerpo a recuperarse a nivel celular y mitocondrial. <\/p>\n","protected":false},"featured_media":19121,"comment_status":"open","ping_status":"closed","template":"","meta":{"wds_primary_product_brand":0,"wds_primary_product_cat":0,"wds_primary_merken":0},"product_brand":[],"product_cat":[2525],"product_tag":[7413,7416,7414,7411,7412,7410,7415,2908,7421,7418,7417,7419,7420],"merken":[],"class_list":{"0":"post-15037","1":"product","2":"type-product","3":"status-publish","4":"has-post-thumbnail","6":"product_cat-protocolos","7":"product_tag-anaplasma","8":"product_tag-babesia","9":"product_tag-bartonella","10":"product_tag-borrelia","11":"product_tag-ehrlichia","12":"product_tag-infecciones-intracelulares","13":"product_tag-leishmania","14":"product_tag-parasitos","15":"product_tag-perro-de-quejas-cronicas","16":"product_tag-protocolo-de-recuperacion","17":"product_tag-protocolo-inmunitario","18":"product_tag-recuperacion-mitocondrial","19":"product_tag-terapia-de-ozono","20":"infinite-scroll-item","21":"sales-flash-overlay","22":"woocommerce-text-align-center","23":"woocommerce-image-align-center","24":"do-quantity-buttons","26":"first","27":"instock","28":"sale","29":"taxable","30":"shipping-taxable","31":"purchasable","32":"product-type-simple"},"_links":{"self":[{"href":"https:\/\/www.ngdcare.nl\/es\/wp-json\/wp\/v2\/product\/15037","targetHints":{"allow":["GET"]}}],"collection":[{"href":"https:\/\/www.ngdcare.nl\/es\/wp-json\/wp\/v2\/product"}],"about":[{"href":"https:\/\/www.ngdcare.nl\/es\/wp-json\/wp\/v2\/types\/product"}],"replies":[{"embeddable":true,"href":"https:\/\/www.ngdcare.nl\/es\/wp-json\/wp\/v2\/comments?post=15037"}],"wp:featuredmedia":[{"embeddable":true,"href":"https:\/\/www.ngdcare.nl\/es\/wp-json\/wp\/v2\/media\/19121"}],"wp:attachment":[{"href":"https:\/\/www.ngdcare.nl\/es\/wp-json\/wp\/v2\/media?parent=15037"}],"wp:term":[{"taxonomy":"product_brand","embeddable":true,"href":"https:\/\/www.ngdcare.nl\/es\/wp-json\/wp\/v2\/product_brand?post=15037"},{"taxonomy":"product_cat","embeddable":true,"href":"https:\/\/www.ngdcare.nl\/es\/wp-json\/wp\/v2\/product_cat?post=15037"},{"taxonomy":"product_tag","embeddable":true,"href":"https:\/\/www.ngdcare.nl\/es\/wp-json\/wp\/v2\/product_tag?post=15037"},{"taxonomy":"merken","embeddable":true,"href":"https:\/\/www.ngdcare.nl\/es\/wp-json\/wp\/v2\/merken?post=15037"}],"curies":[{"name":"wp","href":"https:\/\/api.w.org\/{rel}","templated":true}]}}