{"id":17383,"date":"2026-03-29T14:07:28","date_gmt":"2026-03-29T12:07:28","guid":{"rendered":"https:\/\/www.ngdcare.nl\/product\/sin categor\u00eda\/alineacion-interna-de-aceites-esenciales-chakra-1-4-y-7\/"},"modified":"2026-03-29T14:07:28","modified_gmt":"2026-03-29T12:07:28","slug":"alineacion-interna-de-aceites-esenciales-chakra-1-4-y-7","status":"publish","type":"product","link":"https:\/\/www.ngdcare.nl\/es\/product\/veterinary-health\/aromaterapia-es\/alineacion-interna-de-aceites-esenciales-chakra-1-4-y-7\/","title":{"rendered":"Alineaci\u00f3n interna de aceites esenciales \u2013 Chakra 1, 4 y 7"},"content":{"rendered":"<p style=\"font-weight: 400;\"><strong>El Alineamiento Interior<\/strong> es una combinaci\u00f3n de aceites esenciales para los chakras 1, 4 y 7\u2014los tres centros energ\u00e9ticos que se combinan para proporcionar encarnaci\u00f3n, conexi\u00f3n amorosa y alineaci\u00f3n espiritual. Este aceite te ayuda a volver a casa a ti mismo, abre tu coraz\u00f3n y te aporta tranquilidad. <\/p>\n<p style=\"font-weight: 400;\" data-start=\"1030\" data-end=\"1079\">Especialmente formulado con aceites esenciales que:<\/p>\n<ul>\n<li data-start=\"1082\" data-end=\"1113\">Protege en caso de sobreestimulaci\u00f3n<\/li>\n<li data-start=\"1116\" data-end=\"1147\">Ayudarte a soltarte y relajarte<\/li>\n<li data-start=\"1150\" data-end=\"1199\">Restaurando la conexi\u00f3n entre cuerpo y alma<\/li>\n<\/ul>\n<p style=\"font-weight: 400;\" data-start=\"1201\" data-end=\"1295\">Este aceite es especialmente adecuado para <strong data-start=\"1240\" data-end=\"1274\">personas y animales altamente sensibles<\/strong>, por ejemplo:<\/p>\n<ul>\n<li data-start=\"1298\" data-end=\"1327\">Inquietud, estr\u00e9s, disociaci\u00f3n<\/li>\n<li data-start=\"1330\" data-end=\"1347\">Dolor o p\u00e9rdida<\/li>\n<li data-start=\"1350\" data-end=\"1373\">Confusi\u00f3n espiritual<\/li>\n<li data-start=\"1376\" data-end=\"1402\">Sobrecarga emocional<\/li>\n<li data-start=\"1405\" data-end=\"1440\">Necesidad de anclaje o inspiraci\u00f3n<\/li>\n<\/ul>\n<p data-start=\"1442\" data-end=\"1587\"><strong>Composici\u00f3n. Inner Alignment contiene aceites esenciales 100% puros y naturales de: <\/strong><\/p>\n<ul>\n<li><strong>Vetiver<\/strong>: arraigamiento profundo, estabilidad, contra la inquietud y el estr\u00e9s<\/li>\n<li><strong data-start=\"1720\" data-end=\"1733\">Madera de cedro<\/strong> \u2013 refuerza la seguridad y la protecci\u00f3n<\/li>\n<li><strong data-start=\"1777\" data-end=\"1792\">Ylang Ylang<\/strong> \u2013 abre el coraz\u00f3n y relaja las emociones<\/li>\n<li><strong data-start=\"1834\" data-end=\"1846\">Lavanda<\/strong> \u2013 calmante, calma el sistema nervioso y la frecuencia card\u00edaca, sirve de puente entre el coraz\u00f3n y la cabeza<\/li>\n<li><strong data-start=\"1905\" data-end=\"1919\">S\u00e1ndalo<\/strong> \u2013 promueve el silencio interior, un arraigo profundo y la conexi\u00f3n espiritual<\/li>\n<li><strong data-start=\"1978\" data-end=\"2004\">Incienso<\/strong> \u2013 abre el chakra de la corona y fortalece la conciencia del alma<\/li>\n<li data-start=\"1222\" data-end=\"1287\"><strong data-start=\"1222\" data-end=\"1257\">Bergamota<\/strong> : ligereza, alegr\u00eda<\/li>\n<li class=\"p1\"><strong>Mirra<\/strong> \u2013 Ayuda a liberar el dolor antiguo, un poder femenino profundo<\/li>\n<\/ul>\n<p><span class=\"s2\">Esta combinaci\u00f3n apoya <\/span><b>la relajaci\u00f3n orientada al cuerpo<\/b><span class=\"s2\"> (chakra 1), <\/span><b>la regulaci\u00f3n emocional<\/b><span class=\"s2\"> (chakra 4), as\u00ed como la <\/span><b>liberaci\u00f3n mental y la confianza<\/b><span class=\"s2\"> (chakra 7).<\/span><\/p>\n<p>El aceite puede ponerse en un difusor para recuperar el equilibrio entre humanos y animales tras un d\u00eda emocional intenso. El aceite combina muy bien con la esencia floral Inner Alignment. <\/p>\n","protected":false},"excerpt":{"rendered":"<div>\n<p>Una mezcla de aceites calmantes que conecta cuerpo, coraz\u00f3n y alma. Con cedro, vetiver, lavanda, ylang ylang, s\u00e1ndalo e incienso. Apoya los chakras 1, 4 y 7 para una encarnaci\u00f3n profunda, apertura del coraz\u00f3n y conexi\u00f3n espiritual.  <\/p>\n<\/div>\n","protected":false},"featured_media":0,"comment_status":"open","ping_status":"closed","template":"","meta":{"wds_primary_product_brand":0,"wds_primary_product_cat":0,"wds_primary_merken":0},"product_brand":[],"product_cat":[3214,6419],"product_tag":[7652,3537,3544,7654,3541,2584,7651,3542],"merken":[],"class_list":{"0":"post-17383","1":"product","2":"type-product","3":"status-publish","5":"product_cat-aromaterapia-es","6":"product_cat-aceites-esenciales","7":"product_tag-aceite-de-chakra","8":"product_tag-alineacion-interna","9":"product_tag-chakra-de-la-corona","10":"product_tag-chakra-del-corazon","11":"product_tag-conexion-espiritual","12":"product_tag-cuidado-ngd","13":"product_tag-rodillo-de-aceites-esenciales","14":"product_tag-tierra","15":"infinite-scroll-item","16":"sales-flash-overlay","17":"woocommerce-text-align-center","18":"woocommerce-image-align-center","19":"do-quantity-buttons","21":"first","22":"instock","23":"featured","24":"taxable","25":"shipping-taxable","26":"purchasable","27":"product-type-simple"},"_links":{"self":[{"href":"https:\/\/www.ngdcare.nl\/es\/wp-json\/wp\/v2\/product\/17383","targetHints":{"allow":["GET"]}}],"collection":[{"href":"https:\/\/www.ngdcare.nl\/es\/wp-json\/wp\/v2\/product"}],"about":[{"href":"https:\/\/www.ngdcare.nl\/es\/wp-json\/wp\/v2\/types\/product"}],"replies":[{"embeddable":true,"href":"https:\/\/www.ngdcare.nl\/es\/wp-json\/wp\/v2\/comments?post=17383"}],"wp:attachment":[{"href":"https:\/\/www.ngdcare.nl\/es\/wp-json\/wp\/v2\/media?parent=17383"}],"wp:term":[{"taxonomy":"product_brand","embeddable":true,"href":"https:\/\/www.ngdcare.nl\/es\/wp-json\/wp\/v2\/product_brand?post=17383"},{"taxonomy":"product_cat","embeddable":true,"href":"https:\/\/www.ngdcare.nl\/es\/wp-json\/wp\/v2\/product_cat?post=17383"},{"taxonomy":"product_tag","embeddable":true,"href":"https:\/\/www.ngdcare.nl\/es\/wp-json\/wp\/v2\/product_tag?post=17383"},{"taxonomy":"merken","embeddable":true,"href":"https:\/\/www.ngdcare.nl\/es\/wp-json\/wp\/v2\/merken?post=17383"}],"curies":[{"name":"wp","href":"https:\/\/api.w.org\/{rel}","templated":true}]}}