{"id":19386,"date":"2026-05-07T22:23:44","date_gmt":"2026-05-07T20:23:44","guid":{"rendered":"https:\/\/www.ngdcare.nl\/product\/sin categor\u00eda\/l-glutamina\/"},"modified":"2026-05-07T22:23:44","modified_gmt":"2026-05-07T20:23:44","slug":"l-glutamina","status":"publish","type":"product","link":"https:\/\/www.ngdcare.nl\/es\/product\/veterinary-health\/suplementos-ortomoleculares-es\/l-glutamina\/","title":{"rendered":"L-Glutamina"},"content":{"rendered":"<div>\n<div class=\"standard-markdown grid-cols-1 grid [&amp;_&gt;_*]:min-w-0 gap-3\">\n<p class=\"font-claude-response-body break-words whitespace-normal leading-[1.7]\">La L-glutamina es el amino\u00e1cido libre m\u00e1s abundante en el cuerpo. Se produce en tejido muscular y normalmente est\u00e1 disponible en cantidades suficientes. Sin embargo, en caso de enfermedad, molestias intestinales cr\u00f3nicas, cirug\u00eda, quimioterapia o estr\u00e9s prolongado, la concentraci\u00f3n plasm\u00e1tica de glutamina disminuye mientras que la demanda del intestino, el h\u00edgado y el sistema inmunitario aumenta bruscamente. En ese momento, la glutamina es condicionalmente esencial y la nutrici\u00f3n por s\u00ed sola no es suficiente.   <\/p>\n<\/div>\n<\/div>\n<div>\n<div class=\"standard-markdown grid-cols-1 grid [&amp;_&gt;_*]:min-w-0 gap-3\">\n<p class=\"font-claude-response-body break-words whitespace-normal leading-[1.7]\">La pared intestinal es la mayor consumidora de glutamina en el cuerpo. Los enterocitos, las c\u00e9lulas que recubren la pared intestinal, se renuevan completamente cada tres a cinco d\u00edas. La glutamina es su principal combustible y material de construcci\u00f3n. En la deficiencia de glutamina, la expresi\u00f3n de prote\u00ednas de uni\u00f3n estrecha (claudina, ocludina, SO-1) se debilita, aumentando la permeabilidad intestinal y filtrando toxinas bacterianas al torrente sangu\u00edneo. Los estudios cl\u00ednicos demuestran que la suplementaci\u00f3n con glutamina en las dolencias intestinales postinfecciosas ha demostrado mejorar la funci\u00f3n de la barrera.    <\/p>\n<\/div>\n<\/div>\n<div>\n<div class=\"standard-markdown grid-cols-1 grid [&amp;_&gt;_*]:min-w-0 gap-3\">\n<p class=\"font-claude-response-body break-words whitespace-normal leading-[1.7]\">Para el sistema inmunitario, la glutamina es igualmente crucial: los linfocitos y los macr\u00f3fagos cuadruplican su consumo de glutamina al activarse. La glutamina tambi\u00e9n es precursora del glutati\u00f3n, el antioxidante end\u00f3geno m\u00e1s potente, y por tanto apoya indirectamente la desintoxicaci\u00f3n hep\u00e1tica. En la caquexia debida al c\u00e1ncer o enfermedades cr\u00f3nicas, la glutamina limita la degradaci\u00f3n muscular y protege la pared intestinal bajo la doble carga de la enfermedad y el tratamiento.  <\/p>\n<\/div>\n<\/div>\n<div>\n<div class=\"standard-markdown grid-cols-1 grid [&amp;_&gt;_*]:min-w-0 gap-3\">\n<p class=\"font-claude-response-body break-words whitespace-normal leading-[1.7]\">La L-glutamina es el eje central de la fase 2 del Protocolo de Cuidado Intestinal NGD (semanas 8 a 16), combinada con shilajit o soporte de barrera intestinal y complejo vitam\u00ednico B lipos\u00f3mal. Solo cuando el intestino se remedia a trav\u00e9s de la fase 1 la glutamina puede alcanzar su m\u00e1ximo potencial. Tambi\u00e9n relevante en el <a href=\"https:\/\/www.ngdcare.nl\/es\/product\/ngd-care-salud-veterinaria\/protocolos\/protocolo-giardia\/\">Protocolo de Giardia<\/a>, <a href=\"https:\/\/www.ngdcare.nl\/es\/product\/ngd-care-salud-veterinaria\/protocolos\/operatie-herstelpakket-kit-de-recuperacion-quirurgica\/\">el Paquete de Recuperaci\u00f3n Operativa<\/a>, <a href=\"https:\/\/www.ngdcare.nl\/es\/product\/ngd-care-salud-veterinaria\/protocolos\/protocolo-de-la-piel\/\">el Protocolo Cutano<\/a> y en el apoyo oncol\u00f3gico  <\/p>\n<\/div>\n<\/div>\n<div>\n<div class=\"standard-markdown grid-cols-1 grid [&amp;_&gt;_*]:min-w-0 gap-3\">\n<p class=\"font-claude-response-body break-words whitespace-normal leading-[1.7]\">\u00bfQuieres saber m\u00e1s sobre la ciencia detr\u00e1s de la L-Glutamina? Lee el <a href=\"https:\/\/www.ngdcare.nl\/es\/blog-es\/l-glutamina\/\">extenso texto de fondo<\/a> en la p\u00e1gina del blog. <\/p>\n<\/div>\n<\/div>\n","protected":false},"excerpt":{"rendered":"<p>La L-glutamina es el amino\u00e1cido m\u00e1s abundante en el cuerpo humano y el principal combustible para las c\u00e9lulas de la pared intestinal y las c\u00e9lulas inmunitarias. Nuestras c\u00e1psulas de 450 mg contienen L-Glutamina pura en forma libre para una absorci\u00f3n \u00f3ptima. Apoya la reparaci\u00f3n intestinal, la resistencia y el mantenimiento muscular \u2014 tanto en humanos como en animales.  <\/p>\n","protected":false},"featured_media":0,"comment_status":"closed","ping_status":"closed","template":"","meta":{"wds_primary_product_brand":0,"wds_primary_product_cat":0,"wds_primary_merken":0},"product_brand":[],"product_cat":[1855,8550],"product_tag":[2094,8553,2906,8554,2098,8552,3029,8551],"merken":[],"class_list":{"0":"post-19386","1":"product","2":"type-product","3":"status-publish","5":"product_cat-suplementos-ortomoleculares-es","6":"product_cat-veterinary-health","7":"product_tag-entranas","8":"product_tag-funcionamiento","9":"product_tag-giardia-es","10":"product_tag-intestino-hiperpermeable","11":"product_tag-intestino-permeable","12":"product_tag-oncologia","13":"product_tag-piel","14":"product_tag-vejez","15":"infinite-scroll-item","16":"sales-flash-overlay","17":"woocommerce-text-align-center","18":"woocommerce-image-align-center","19":"do-quantity-buttons","21":"first","22":"instock","23":"taxable","24":"shipping-taxable","25":"purchasable","26":"product-type-simple"},"_links":{"self":[{"href":"https:\/\/www.ngdcare.nl\/es\/wp-json\/wp\/v2\/product\/19386","targetHints":{"allow":["GET"]}}],"collection":[{"href":"https:\/\/www.ngdcare.nl\/es\/wp-json\/wp\/v2\/product"}],"about":[{"href":"https:\/\/www.ngdcare.nl\/es\/wp-json\/wp\/v2\/types\/product"}],"replies":[{"embeddable":true,"href":"https:\/\/www.ngdcare.nl\/es\/wp-json\/wp\/v2\/comments?post=19386"}],"wp:attachment":[{"href":"https:\/\/www.ngdcare.nl\/es\/wp-json\/wp\/v2\/media?parent=19386"}],"wp:term":[{"taxonomy":"product_brand","embeddable":true,"href":"https:\/\/www.ngdcare.nl\/es\/wp-json\/wp\/v2\/product_brand?post=19386"},{"taxonomy":"product_cat","embeddable":true,"href":"https:\/\/www.ngdcare.nl\/es\/wp-json\/wp\/v2\/product_cat?post=19386"},{"taxonomy":"product_tag","embeddable":true,"href":"https:\/\/www.ngdcare.nl\/es\/wp-json\/wp\/v2\/product_tag?post=19386"},{"taxonomy":"merken","embeddable":true,"href":"https:\/\/www.ngdcare.nl\/es\/wp-json\/wp\/v2\/merken?post=19386"}],"curies":[{"name":"wp","href":"https:\/\/api.w.org\/{rel}","templated":true}]}}