{"id":19401,"date":"2026-05-07T22:44:34","date_gmt":"2026-05-07T20:44:34","guid":{"rendered":"https:\/\/www.ngdcare.nl\/product\/sin categor\u00eda\/shilait\/"},"modified":"2026-05-07T22:44:34","modified_gmt":"2026-05-07T20:44:34","slug":"shilait","status":"publish","type":"product","link":"https:\/\/www.ngdcare.nl\/es\/product\/veterinary-health\/suplementos-ortomoleculares-es\/shilait\/","title":{"rendered":"Shilait"},"content":{"rendered":"<p class=\"font-claude-response-body break-words whitespace-normal leading-[1.7]\">Shilajit no es un suplemento ordinario, sino un fitocomplejo: una matriz biol\u00f3gicamente rica de cientos de compuestos, formada por la conversi\u00f3n milenaria de material vegetal por microorganismos en grietas rocosas de alta monta\u00f1a. Las dos fracciones m\u00e1s relevantes cl\u00ednicamente son el \u00e1cido f\u00falvico (del 60 al 80% del extracto) y las dibenzo-alfa-pironas (DBPs). <\/p>\n<p class=\"font-claude-response-body break-words whitespace-normal leading-[1.7]\">El \u00e1cido f\u00falvico tiene un bajo peso molecular que le permite atravesar las paredes celulares sin esfuerzo. Act\u00faa como antioxidante mediante donaci\u00f3n de electrones, como transportador de minerales para hierro, zinc y magnesio, como inhibidor de NF-kB para la inflamaci\u00f3n cr\u00f3nica y como estimulador de Akkermansia muciniphila para la barrera intestinal. Las DBP son compuestos \u00fanicos que no se encuentran en ning\u00fan otro lugar de la naturaleza y soportan directamente la cadena de transporte mitocondrial de electrones, sin\u00e9rgicamente con CoQ10.  <\/p>\n<p class=\"font-claude-response-body break-words whitespace-normal leading-[1.7]\">Relevante cl\u00ednicamente: Un ensayo controlado aleatorizado mostr\u00f3 que ocho semanas de shilajit aumentaron significativamente el marcador s\u00e9rico para la s\u00edntesis de col\u00e1geno tipo I. En perros con artritis, un estudio observacional de 120 d\u00edas mostr\u00f3 reducciones en el dolor y la inflamaci\u00f3n. Una revisi\u00f3n de 2025 confirm\u00f3 su seguridad y efecto antiinflamatorio en humanos.  <\/p>\n<p class=\"font-claude-response-body break-words whitespace-normal leading-[1.7]\">Shilajit es la primera opci\u00f3n para humanos en la fase 2 del Protocolo NGD Care Bowel. Para los animales, la variante preferida es el soporte de barrera intestinal (\u00e1cidos f\u00falvicos y h\u00famicos). Ambos act\u00faan mediante los mismos mecanismos del \u00e1cido f\u00falvico. Tambi\u00e9n puede usarse en el Protocolo de Vejez, Protocolo Articular y como suplemento independiente para la inflamaci\u00f3n cr\u00f3nica y la fatiga.   <\/p>\n<p>Lee nuestro extenso blog sobre <a href=\"https:\/\/www.ngdcare.nl\/es\/blog-es\/shilait\/\">Shilait<\/a> aqu\u00ed.<\/p>\n","protected":false},"excerpt":{"rendered":"<p>Shilajit es un fitocomplejo de alta monta\u00f1a con una combinaci\u00f3n \u00fanica de \u00e1cido f\u00falvico, dibenzo-alfa-pirones y minerales en forma i\u00f3nica. Apoya la producci\u00f3n de energ\u00eda mitocondrial, inhibe la inflamaci\u00f3n cr\u00f3nica, mejora la absorci\u00f3n de minerales y ayuda a restaurar la barrera intestinal mediante la estimulaci\u00f3n de Akkermansia muciniphila. Primera opci\u00f3n para personas en la fase 2 del Protocolo de Cuidado Intestinal NGD.  <\/p>\n","protected":false},"featured_media":0,"comment_status":"closed","ping_status":"closed","template":"","meta":{"wds_primary_product_brand":0,"wds_primary_product_cat":0,"wds_primary_merken":0},"product_brand":[],"product_cat":[1855,8550],"product_tag":[],"merken":[],"class_list":{"0":"post-19401","1":"product","2":"type-product","3":"status-publish","5":"product_cat-suplementos-ortomoleculares-es","6":"product_cat-veterinary-health","7":"infinite-scroll-item","8":"sales-flash-overlay","9":"woocommerce-text-align-center","10":"woocommerce-image-align-center","11":"do-quantity-buttons","13":"first","14":"instock","15":"taxable","16":"shipping-taxable","17":"purchasable","18":"product-type-simple"},"_links":{"self":[{"href":"https:\/\/www.ngdcare.nl\/es\/wp-json\/wp\/v2\/product\/19401","targetHints":{"allow":["GET"]}}],"collection":[{"href":"https:\/\/www.ngdcare.nl\/es\/wp-json\/wp\/v2\/product"}],"about":[{"href":"https:\/\/www.ngdcare.nl\/es\/wp-json\/wp\/v2\/types\/product"}],"replies":[{"embeddable":true,"href":"https:\/\/www.ngdcare.nl\/es\/wp-json\/wp\/v2\/comments?post=19401"}],"wp:attachment":[{"href":"https:\/\/www.ngdcare.nl\/es\/wp-json\/wp\/v2\/media?parent=19401"}],"wp:term":[{"taxonomy":"product_brand","embeddable":true,"href":"https:\/\/www.ngdcare.nl\/es\/wp-json\/wp\/v2\/product_brand?post=19401"},{"taxonomy":"product_cat","embeddable":true,"href":"https:\/\/www.ngdcare.nl\/es\/wp-json\/wp\/v2\/product_cat?post=19401"},{"taxonomy":"product_tag","embeddable":true,"href":"https:\/\/www.ngdcare.nl\/es\/wp-json\/wp\/v2\/product_tag?post=19401"},{"taxonomy":"merken","embeddable":true,"href":"https:\/\/www.ngdcare.nl\/es\/wp-json\/wp\/v2\/merken?post=19401"}],"curies":[{"name":"wp","href":"https:\/\/api.w.org\/{rel}","templated":true}]}}