{"id":6375,"date":"2024-01-22T22:13:28","date_gmt":"2024-01-22T22:13:28","guid":{"rendered":"https:\/\/www.ngdcare.nl\/product\/sin%20categor\u00eda\/chlorella-espirulina-y-alfalfa-green-detox\/"},"modified":"2026-04-07T16:07:08","modified_gmt":"2026-04-07T14:07:08","slug":"chlorella-espirulina-y-alfalfa-green-detox","status":"publish","type":"product","link":"https:\/\/www.ngdcare.nl\/es\/product\/veterinary-health\/suplementos-ortomoleculares-es\/chlorella-espirulina-y-alfalfa-green-detox\/","title":{"rendered":"Chlorella, espirulina y alfalfa \u2013 Green detox"},"content":{"rendered":"<p style=\"font-weight: 400;\"><strong>NGD Care \u2013 Green Detox<\/strong> es una potente f\u00f3rmula de superalimento que incluye clorela, espirulina y alfalfa. Esta combinaci\u00f3n est\u00e1 formulada espec\u00edficamente para ayudar al cuerpo a desintoxicarse, aumentar la energ\u00eda y apoyar la funci\u00f3n inmunitaria en perros y gatos. Debido a los altos niveles de vitaminas, minerales, antioxidantes y amino\u00e1cidos esenciales, este suplemento es muy adecuado tras enfermedades, fatiga o un aumento de la carga t\u00f3xica.  <\/p>\n<ul>\n<li><strong>La chlorella<\/strong> es rica en clorofila y tiene un fuerte v\u00ednculo con metales pesados como el mercurio, el plomo y el cadmio. Adem\u00e1s, contiene diversas vitaminas del grupo B, vitaminas C, E y K, minerales como calcio, zinc y magnesio, enzimas y betacaroteno. <\/li>\n<li><strong>La espirulina<\/strong> es un alga de agua salada con un contenido muy alto de prote\u00ednas (incluidos todos los amino\u00e1cidos esenciales) y poderosos antioxidantes como la <strong>ficocianina<\/strong>. Apoya el sistema inmunol\u00f3gico, el h\u00edgado y el sistema cardiovascular, entre otras cosas. <\/li>\n<li><strong>La alfalfa<\/strong>, o alfalfa, es rica en oligoelementos, vitaminas y fitonutrientes, y contribuye a una mejor digesti\u00f3n, metabolismo y resistencia.<\/li>\n<\/ul>\n","protected":false},"excerpt":{"rendered":"<div>\n<p class=\"p3\">F\u00f3rmula detox sin\u00e9rgica a base de chlorella, espirulina y alfalfa. Apoya la desintoxicaci\u00f3n, la energ\u00eda y la resistencia en animales. <\/p>\n<\/div>\n","protected":false},"featured_media":17809,"comment_status":"open","ping_status":"closed","template":"","meta":{"wds_primary_product_brand":0,"wds_primary_product_cat":187,"wds_primary_merken":0},"product_brand":[],"product_cat":[1855,1852,1854],"product_tag":[1876,1856,1864,1872,1866,1868,1874,1860,1880,1858,1870,1878,1862,1882],"merken":[],"class_list":{"0":"post-6375","1":"product","2":"type-product","3":"status-publish","4":"has-post-thumbnail","6":"product_cat-suplementos-ortomoleculares-es","7":"product_cat-digestion-es","8":"product_cat-vitaminas-y-minerales","9":"product_tag-alfalfa-es","10":"product_tag-animales","11":"product_tag-antioxidante","12":"product_tag-chlorella-es","13":"product_tag-desintoxicacion","14":"product_tag-desintoxicacion-es","15":"product_tag-espirulina","16":"product_tag-gatos-es","17":"product_tag-metal-pesado","18":"product_tag-perros","19":"product_tag-salud-intestinal","20":"product_tag-superalimento","21":"product_tag-suplemento","22":"product_tag-suplementos-ngd-care","23":"infinite-scroll-item","24":"sales-flash-overlay","25":"woocommerce-text-align-center","26":"woocommerce-image-align-center","27":"do-quantity-buttons","29":"first","30":"instock","31":"taxable","32":"shipping-taxable","33":"purchasable","34":"product-type-simple"},"_links":{"self":[{"href":"https:\/\/www.ngdcare.nl\/es\/wp-json\/wp\/v2\/product\/6375","targetHints":{"allow":["GET"]}}],"collection":[{"href":"https:\/\/www.ngdcare.nl\/es\/wp-json\/wp\/v2\/product"}],"about":[{"href":"https:\/\/www.ngdcare.nl\/es\/wp-json\/wp\/v2\/types\/product"}],"replies":[{"embeddable":true,"href":"https:\/\/www.ngdcare.nl\/es\/wp-json\/wp\/v2\/comments?post=6375"}],"wp:featuredmedia":[{"embeddable":true,"href":"https:\/\/www.ngdcare.nl\/es\/wp-json\/wp\/v2\/media\/17809"}],"wp:attachment":[{"href":"https:\/\/www.ngdcare.nl\/es\/wp-json\/wp\/v2\/media?parent=6375"}],"wp:term":[{"taxonomy":"product_brand","embeddable":true,"href":"https:\/\/www.ngdcare.nl\/es\/wp-json\/wp\/v2\/product_brand?post=6375"},{"taxonomy":"product_cat","embeddable":true,"href":"https:\/\/www.ngdcare.nl\/es\/wp-json\/wp\/v2\/product_cat?post=6375"},{"taxonomy":"product_tag","embeddable":true,"href":"https:\/\/www.ngdcare.nl\/es\/wp-json\/wp\/v2\/product_tag?post=6375"},{"taxonomy":"merken","embeddable":true,"href":"https:\/\/www.ngdcare.nl\/es\/wp-json\/wp\/v2\/merken?post=6375"}],"curies":[{"name":"wp","href":"https:\/\/api.w.org\/{rel}","templated":true}]}}