{"id":6393,"date":"2024-01-22T21:13:11","date_gmt":"2024-01-22T21:13:11","guid":{"rendered":"https:\/\/www.ngdcare.nl\/product\/sin%20categor\u00eda\/acido-fulvico-y-humico-liposomal-soporte-de-barrera-intestinal-liposomal\/"},"modified":"2026-04-09T22:44:58","modified_gmt":"2026-04-09T20:44:58","slug":"acido-fulvico-y-humico-liposomal-soporte-de-barrera-intestinal-liposomal","status":"publish","type":"product","link":"https:\/\/www.ngdcare.nl\/es\/product\/veterinary-health\/suplementos-ortomoleculares-es\/acido-fulvico-y-humico-liposomal-soporte-de-barrera-intestinal-liposomal\/","title":{"rendered":"\u00c1cido f\u00falvico y h\u00famico liposomal \u2013 Soporte de barrera intestinal liposomal"},"content":{"rendered":"<p style=\"font-weight: 400;\">El <strong> soporte de barrera intestinal liposomal<\/strong> <strong>de NGD Care<\/strong> contiene una combinaci\u00f3n de <strong>\u00e1cido f\u00falvico y \u00e1cido h\u00famico<\/strong>, ambos en forma liposomal para una absorci\u00f3n \u00f3ptima. Este suplemento \u00fanico apoya la restauraci\u00f3n de la barrera intestinal, promueve la desintoxicaci\u00f3n y contribuye a una mejor absorci\u00f3n de nutrientes y oligoelementos. <\/p>\n<p style=\"font-weight: 400;\">El \u00e1cido f\u00falvico es una sustancia de bajo peso molecular que es capaz de unirse a minerales, vitaminas, oligoelementos e incluso toxinas y transportarlos a las c\u00e9lulas del cuerpo. Es conocida por su capacidad para unirse y eliminar metales pesados, micotoxinas y pat\u00f3genos del cuerpo. El \u00e1cido f\u00falvico tambi\u00e9n tiene un efecto antioxidante y puede contribuir a una flora intestinal saludable.  <\/p>\n<p style=\"font-weight: 400;\">El \u00e1cido h\u00famico ya est\u00e1 naturalmente unido a los metales y act\u00faa como fuente de oligoelementos esenciales. Apoya la reconstrucci\u00f3n de la pared intestinal (uniones tensas), estimula la capa mucosa y contribuye a la recuperaci\u00f3n del intestino permeable. <\/p>\n<p style=\"font-weight: 400;\">Esta combinaci\u00f3n puede mejorar tanto la absorci\u00f3n como la protecci\u00f3n de los nutrientes en el intestino, al tiempo que elimina las sustancias nocivas.<\/p>\n","protected":false},"excerpt":{"rendered":"<div>\n<p class=\"p3\">F\u00f3rmula de \u00e1cido f\u00falvico y h\u00famico liposomal para apoyar la pared intestinal, la desintoxicaci\u00f3n y la absorci\u00f3n de nutrientes. Apto para perros y gatos. <\/p>\n<\/div>\n","protected":false},"featured_media":17912,"comment_status":"open","ping_status":"closed","template":"","meta":{"wds_primary_product_brand":0,"wds_primary_product_cat":187,"wds_primary_merken":0},"product_brand":[],"product_cat":[1855,1852,1970],"product_tag":[2097,2095,1856,2099,2094,1860,2096,2098,1972,1941,1858,1870,2103,2106,1882],"merken":[],"class_list":{"0":"post-6393","1":"product","2":"type-product","3":"status-publish","4":"has-post-thumbnail","6":"product_cat-suplementos-ortomoleculares-es","7":"product_cat-digestion-es","8":"product_cat-liposomal-es","9":"product_tag-acido-fulvico-es","10":"product_tag-acido-humico-es","11":"product_tag-animales","12":"product_tag-desintoxicar-es","13":"product_tag-entranas","14":"product_tag-gatos-es","15":"product_tag-humine-es","16":"product_tag-intestino-permeable","17":"product_tag-liposomal-es","18":"product_tag-microbioma-es","19":"product_tag-perros","20":"product_tag-salud-intestinal","21":"product_tag-suplemento-para-animales","22":"product_tag-suplementos-es","23":"product_tag-suplementos-ngd-care","24":"infinite-scroll-item","25":"sales-flash-overlay","26":"woocommerce-text-align-center","27":"woocommerce-image-align-center","28":"do-quantity-buttons","30":"first","31":"instock","32":"taxable","33":"shipping-taxable","34":"purchasable","35":"product-type-simple"},"_links":{"self":[{"href":"https:\/\/www.ngdcare.nl\/es\/wp-json\/wp\/v2\/product\/6393","targetHints":{"allow":["GET"]}}],"collection":[{"href":"https:\/\/www.ngdcare.nl\/es\/wp-json\/wp\/v2\/product"}],"about":[{"href":"https:\/\/www.ngdcare.nl\/es\/wp-json\/wp\/v2\/types\/product"}],"replies":[{"embeddable":true,"href":"https:\/\/www.ngdcare.nl\/es\/wp-json\/wp\/v2\/comments?post=6393"}],"wp:featuredmedia":[{"embeddable":true,"href":"https:\/\/www.ngdcare.nl\/es\/wp-json\/wp\/v2\/media\/17912"}],"wp:attachment":[{"href":"https:\/\/www.ngdcare.nl\/es\/wp-json\/wp\/v2\/media?parent=6393"}],"wp:term":[{"taxonomy":"product_brand","embeddable":true,"href":"https:\/\/www.ngdcare.nl\/es\/wp-json\/wp\/v2\/product_brand?post=6393"},{"taxonomy":"product_cat","embeddable":true,"href":"https:\/\/www.ngdcare.nl\/es\/wp-json\/wp\/v2\/product_cat?post=6393"},{"taxonomy":"product_tag","embeddable":true,"href":"https:\/\/www.ngdcare.nl\/es\/wp-json\/wp\/v2\/product_tag?post=6393"},{"taxonomy":"merken","embeddable":true,"href":"https:\/\/www.ngdcare.nl\/es\/wp-json\/wp\/v2\/merken?post=6393"}],"curies":[{"name":"wp","href":"https:\/\/api.w.org\/{rel}","templated":true}]}}