{"id":6574,"date":"2025-04-05T11:34:11","date_gmt":"2025-04-05T09:34:11","guid":{"rendered":"https:\/\/www.ngdcare.nl\/product\/sin categor\u00eda\/folletos\/"},"modified":"2025-04-05T11:34:11","modified_gmt":"2025-04-05T09:34:11","slug":"folletos","status":"publish","type":"product","link":"https:\/\/www.ngdcare.nl\/es\/product\/suplementos-ortomoleculares-es\/folletos\/","title":{"rendered":"Folletos"},"content":{"rendered":"<p>Si desea solicitar folletos como revendedor o afiliado, puede indicarlo aqu\u00ed. Luego puede darlos durante una consulta para obtener informaci\u00f3n. <\/p>\n<p>Todos los folletos y volantes tambi\u00e9n se pueden descargar digitalmente cuando inicia sesi\u00f3n.<\/p>\n<p>Por favor, introduzca en los comentarios al realizar el pedido cu\u00e1ntos y qu\u00e9 folletos le gustar\u00eda recibir.<\/p>\n<p>Hemos realizado folletos generales de NGD Care y un flyer de todos los protocolos que podemos enviarle.<\/p>\n","protected":false},"excerpt":{"rendered":"<p>Aqu\u00ed puede solicitar todos los folletos y volantes de los protocolos de NGD Care.<\/p>\n","protected":false},"featured_media":18057,"comment_status":"open","ping_status":"closed","template":"","meta":{"wds_primary_product_brand":0,"wds_primary_product_cat":0,"wds_primary_merken":0},"product_brand":[],"product_cat":[1855,2525],"product_tag":[],"merken":[],"class_list":{"0":"post-6574","1":"product","2":"type-product","3":"status-publish","4":"has-post-thumbnail","6":"product_cat-suplementos-ortomoleculares-es","7":"product_cat-protocolos","8":"infinite-scroll-item","9":"sales-flash-overlay","10":"woocommerce-text-align-center","11":"woocommerce-image-align-center","12":"do-quantity-buttons","14":"first","15":"instock","16":"taxable","17":"shipping-taxable","18":"purchasable","19":"product-type-simple"},"_links":{"self":[{"href":"https:\/\/www.ngdcare.nl\/es\/wp-json\/wp\/v2\/product\/6574","targetHints":{"allow":["GET"]}}],"collection":[{"href":"https:\/\/www.ngdcare.nl\/es\/wp-json\/wp\/v2\/product"}],"about":[{"href":"https:\/\/www.ngdcare.nl\/es\/wp-json\/wp\/v2\/types\/product"}],"replies":[{"embeddable":true,"href":"https:\/\/www.ngdcare.nl\/es\/wp-json\/wp\/v2\/comments?post=6574"}],"wp:featuredmedia":[{"embeddable":true,"href":"https:\/\/www.ngdcare.nl\/es\/wp-json\/wp\/v2\/media\/18057"}],"wp:attachment":[{"href":"https:\/\/www.ngdcare.nl\/es\/wp-json\/wp\/v2\/media?parent=6574"}],"wp:term":[{"taxonomy":"product_brand","embeddable":true,"href":"https:\/\/www.ngdcare.nl\/es\/wp-json\/wp\/v2\/product_brand?post=6574"},{"taxonomy":"product_cat","embeddable":true,"href":"https:\/\/www.ngdcare.nl\/es\/wp-json\/wp\/v2\/product_cat?post=6574"},{"taxonomy":"product_tag","embeddable":true,"href":"https:\/\/www.ngdcare.nl\/es\/wp-json\/wp\/v2\/product_tag?post=6574"},{"taxonomy":"merken","embeddable":true,"href":"https:\/\/www.ngdcare.nl\/es\/wp-json\/wp\/v2\/merken?post=6574"}],"curies":[{"name":"wp","href":"https:\/\/api.w.org\/{rel}","templated":true}]}}