{"id":6629,"date":"2025-10-01T13:11:35","date_gmt":"2025-10-01T11:11:35","guid":{"rendered":"https:\/\/www.ngdcare.nl\/product\/sin%20categor\u00eda\/te-de-otono-inmune-y-calmado\/"},"modified":"2025-10-03T21:18:31","modified_gmt":"2025-10-03T19:18:31","slug":"te-de-otono-inmune-y-calmado","status":"publish","type":"product","link":"https:\/\/www.ngdcare.nl\/es\/product\/enriquecimiento\/te-es\/te-de-otono-inmune-y-calmado\/","title":{"rendered":"T\u00e9 de oto\u00f1o \u2013 Inmune y calmado"},"content":{"rendered":"<p class=\"p1\">El T\u00e9 de Oto\u00f1o NGD Care <span class=\"s1\"><br \/>\n  <b>\u2013 Inmune &amp; Calmado<\/b><br \/>\n<\/span> es una mezcla armoniosa de hierbas c\u00e1lidas y calmantes que combina perfectamente con la energ\u00eda del oto\u00f1o. Esta mezcla combina la frescura de la rosa mosqueta con la suavidad de la flor de tilo y la manzanilla, complementada con flor de sa\u00faco para resistencia y un toque de jengibre para una calidez sutil. Los trozos de manzana seca hacen que el t\u00e9 sea redondo y suavemente dulce, lo que lo hace no solo funcional, sino tambi\u00e9n delicioso para beber a diario.  <\/p>\n<ul>\n<li class=\"p1\"><span class=\"s1\"><br \/>\n  <b>Composici\u00f3n sin\u00e9rgica<\/b><br \/>\n<\/span>: equilibrio entre resistencia, v\u00edas respiratorias, digesti\u00f3n y relajaci\u00f3n<\/li>\n<li class=\"p1\"><span class=\"s1\"><br \/>\n  <b>Sabor suave<\/b><br \/>\n<\/span>: afrutado, floral y ligeramente c\u00e1lido<\/li>\n<li class=\"p1\"><span class=\"s1\"><br \/>\n  <b>Amigable con los ni\u00f1os y los animales<\/b><br \/>\n<\/span>: hierbas ligeramente elegidas, tambi\u00e9n adecuadas para est\u00f3magos sensibles<\/li>\n<li class=\"p1\"><span class=\"s1\"><br \/>\n  <b>Estacionalidad natural<\/b><br \/>\n<\/span>: apoya la transici\u00f3n a d\u00edas m\u00e1s fr\u00edos<\/li>\n<li class=\"p1\"><span class=\"s1\"><br \/>\n  <b>Momento diario de disfrute para ti y tu mascota<\/b><br \/>\n<\/span>: puro, 100% natural y sin cafe\u00edna<\/li>\n<\/ul>\n<p>El t\u00e9 de oto\u00f1o viene en una bolsa resellable de <span class=\"s1\"><br \/>\n  <b>50 gramos<\/b><br \/>\n<\/span> de hierbas sueltas, buena para aprox. 25-30 tazas de t\u00e9<\/p>\n","protected":false},"excerpt":{"rendered":"<p class=\"p1\">Un t\u00e9 de hierbas suave y c\u00e1lido con manzana, rosa mosqueta, sa\u00faco y flor de tilo, manzanilla y un toque de jengibre. Especialmente formulado para apoyar el cuerpo y la mente en oto\u00f1o, prestando atenci\u00f3n a la resistencia, las v\u00edas respiratorias y el equilibrio interior. <\/p>\n","protected":false},"featured_media":17683,"comment_status":"open","ping_status":"closed","template":"","meta":[],"product_brand":[],"product_cat":[2554,2555],"product_tag":[2556],"merken":[],"class_list":{"0":"post-6629","1":"product","2":"type-product","3":"status-publish","4":"has-post-thumbnail","6":"product_cat-enriquecimiento","7":"product_cat-te-es","8":"product_tag-te-de-otono-te-de-resistencia-te-de-hierbas-de-otono-te-respiratorio-te-apto-para-ninos-te-respetuoso-con-los-animales-te-ngd-care","9":"infinite-scroll-item","10":"sales-flash-overlay","11":"woocommerce-text-align-center","12":"woocommerce-image-align-center","13":"do-quantity-buttons","15":"first","16":"instock","17":"taxable","18":"shipping-taxable","19":"purchasable","20":"product-type-simple"},"_links":{"self":[{"href":"https:\/\/www.ngdcare.nl\/es\/wp-json\/wp\/v2\/product\/6629","targetHints":{"allow":["GET"]}}],"collection":[{"href":"https:\/\/www.ngdcare.nl\/es\/wp-json\/wp\/v2\/product"}],"about":[{"href":"https:\/\/www.ngdcare.nl\/es\/wp-json\/wp\/v2\/types\/product"}],"replies":[{"embeddable":true,"href":"https:\/\/www.ngdcare.nl\/es\/wp-json\/wp\/v2\/comments?post=6629"}],"wp:featuredmedia":[{"embeddable":true,"href":"https:\/\/www.ngdcare.nl\/es\/wp-json\/wp\/v2\/media\/17683"}],"wp:attachment":[{"href":"https:\/\/www.ngdcare.nl\/es\/wp-json\/wp\/v2\/media?parent=6629"}],"wp:term":[{"taxonomy":"product_brand","embeddable":true,"href":"https:\/\/www.ngdcare.nl\/es\/wp-json\/wp\/v2\/product_brand?post=6629"},{"taxonomy":"product_cat","embeddable":true,"href":"https:\/\/www.ngdcare.nl\/es\/wp-json\/wp\/v2\/product_cat?post=6629"},{"taxonomy":"product_tag","embeddable":true,"href":"https:\/\/www.ngdcare.nl\/es\/wp-json\/wp\/v2\/product_tag?post=6629"},{"taxonomy":"merken","embeddable":true,"href":"https:\/\/www.ngdcare.nl\/es\/wp-json\/wp\/v2\/merken?post=6629"}],"curies":[{"name":"wp","href":"https:\/\/api.w.org\/{rel}","templated":true}]}}