{"id":6893,"date":"2025-09-27T21:51:08","date_gmt":"2025-09-27T19:51:08","guid":{"rendered":"https:\/\/www.ngdcare.nl\/product\/sin categor\u00eda\/soporte-quirurgico\/"},"modified":"2025-09-27T21:51:08","modified_gmt":"2025-09-27T19:51:08","slug":"soporte-quirurgico","status":"publish","type":"product","link":"https:\/\/www.ngdcare.nl\/es\/product\/remedios-florales\/soporte-quirurgico\/","title":{"rendered":"Soporte quir\u00fargico"},"content":{"rendered":"<p>Nuestra gu\u00eda <strong><br \/>\n  <span style=\"font-size: inherit;\">de asistencia<\/span><br \/>\n<\/strong> <span style=\"font-size: inherit;\">para la atenci\u00f3n de NGD<\/span><strong style=\"font-weight: 400; font-size: inherit;\">: apoyo quir\u00fargico<\/strong><span style=\"font-weight: 400; font-size: inherit;\">  es un remedio floral cuidadosamente compuesto para humanos y animales, destinado a apoyar durante y despu\u00e9s de las operaciones, la anestesia u otros procedimientos f\u00edsicos. Esta esencia act\u00faa a un nivel energ\u00e9tico profundo: ayuda a rehabitar el cuerpo, protege contra las intrusiones energ\u00e9ticas y promueve el descanso, la confianza y la recuperaci\u00f3n. <\/span><\/p>\n<p style=\"font-weight: 400;\">La combinaci\u00f3n de flores australianas y Star Remedies tiene como objetivo <strong>la conexi\u00f3n a tierra, el procesamiento del trauma, la recuperaci\u00f3n energ\u00e9tica<\/strong> y <strong>la protecci\u00f3n emocional<\/strong>. Este remedio es ideal para: <\/p>\n<ul style=\"font-weight: 400;\">\n<li>Recuperaci\u00f3n despu\u00e9s de la anestesia<\/li>\n<li>tejido cicatricial o \u00abfugas\u00bb energ\u00e9ticas<\/li>\n<li>conmoci\u00f3n, miedo o sensaci\u00f3n de abandono<\/li>\n<li>Inquietud profunda durante el proceso de curaci\u00f3n<\/li>\n<\/ul>\n<p style=\"font-weight: 400;\">Se puede utilizar para apoyar la cicatrizaci\u00f3n de heridas, la recuperaci\u00f3n despu\u00e9s de una enfermedad y el estr\u00e9s f\u00edsico o emocional en animales y humanos. Preferiblemente combinar con un cuidado suave, descanso y un ambiente seguro. <\/p>\n<p style=\"font-weight: 400;\"><strong>Composici\u00f3n y efecto<\/strong><\/p>\n<ul style=\"font-weight: 400;\">\n<li><strong>Terra<\/strong> \u2013 Recuperaci\u00f3n, conexi\u00f3n a tierra y despertar despu\u00e9s de la anestesia.<\/li>\n<li><strong>Angelsword<\/strong> \u2013 Protecci\u00f3n contra la invasi\u00f3n espiritual\/energ\u00e9tica (como cortes o sedaci\u00f3n).<\/li>\n<li><strong>Violeta con flecos: restaura<\/strong> el aura y el cuerpo et\u00e9rico.<\/li>\n<li><strong>Granate rodolita<\/strong> \u2013 Ayuda a rehabitar el cuerpo; Recuperaci\u00f3n de la red energ\u00e9tica.<\/li>\n<li><strong>Cuidado de animales<\/strong> \u2013 Primeros auxilios para shock, trauma o abandono.<\/li>\n<li><strong>Amor y esperanza<\/strong> : consuelo, amor, gentileza y confianza.<\/li>\n<li><strong>Estrella de Bel\u00e9n<\/strong> \u2013 Limpiador de traumas a nivel celular y del alma.<\/li>\n<li><strong>Amapola<\/strong> \u2013 Apoya la rendici\u00f3n, el procesamiento y el descanso durante el sue\u00f1o o la sedaci\u00f3n.<\/li>\n<li><strong>Flor de m\u00e1scara<\/strong> : deja ir el miedo, aumenta la sensaci\u00f3n de seguridad.<\/li>\n<li><strong>Hierba de gracia (Scutellaria):<\/strong> calma el sistema nervioso y promueve la recuperaci\u00f3n f\u00edsica.<\/li>\n<\/ul>\n<p>Para obtener una orientaci\u00f3n completa, le recomendamos que compre el paquete postoperatorio. Adem\u00e1s de las flores, tambi\u00e9n contiene nuestra curcumina liposomal y chlorella, espirulina y alfalfa. <\/p>\n","protected":false},"excerpt":{"rendered":"<p>Esta poderosa f\u00f3rmula floral ayuda a los animales y a las personas antes, durante y despu\u00e9s de las operaciones. Ayuda con la conexi\u00f3n a tierra, la recuperaci\u00f3n del trauma, la protecci\u00f3n y la recuperaci\u00f3n del cuerpo energ\u00e9tico. Ideal para anestesia, cicatrizaci\u00f3n de heridas, shock y tensi\u00f3n emocional.  <\/p>\n","protected":false},"featured_media":5488,"comment_status":"open","ping_status":"closed","template":"","meta":{"wds_primary_product_brand":0,"wds_primary_product_cat":0,"wds_primary_merken":0},"product_brand":[],"product_cat":[3299],"product_tag":[3313,3318,3316,3314,3315,3317,3311,3312],"merken":[],"class_list":{"0":"post-6893","1":"product","2":"type-product","3":"status-publish","4":"has-post-thumbnail","6":"product_cat-remedios-florales","7":"product_tag-cirugia-de-remedio-floral","8":"product_tag-cuidado-de-blossoms-ngd","9":"product_tag-florecer-durante-la-anestesia","10":"product_tag-flores-curativas-de-trauma","11":"product_tag-flores-para-animales","12":"product_tag-recuperacion-del-aura","13":"product_tag-recuperacion-energetica","14":"product_tag-recuperacion-postoperatoria","15":"infinite-scroll-item","16":"sales-flash-overlay","17":"woocommerce-text-align-center","18":"woocommerce-image-align-center","19":"do-quantity-buttons","21":"first","22":"instock","23":"taxable","24":"shipping-taxable","25":"purchasable","26":"product-type-simple"},"_links":{"self":[{"href":"https:\/\/www.ngdcare.nl\/es\/wp-json\/wp\/v2\/product\/6893","targetHints":{"allow":["GET"]}}],"collection":[{"href":"https:\/\/www.ngdcare.nl\/es\/wp-json\/wp\/v2\/product"}],"about":[{"href":"https:\/\/www.ngdcare.nl\/es\/wp-json\/wp\/v2\/types\/product"}],"replies":[{"embeddable":true,"href":"https:\/\/www.ngdcare.nl\/es\/wp-json\/wp\/v2\/comments?post=6893"}],"wp:featuredmedia":[{"embeddable":true,"href":"https:\/\/www.ngdcare.nl\/es\/wp-json\/wp\/v2\/media\/5488"}],"wp:attachment":[{"href":"https:\/\/www.ngdcare.nl\/es\/wp-json\/wp\/v2\/media?parent=6893"}],"wp:term":[{"taxonomy":"product_brand","embeddable":true,"href":"https:\/\/www.ngdcare.nl\/es\/wp-json\/wp\/v2\/product_brand?post=6893"},{"taxonomy":"product_cat","embeddable":true,"href":"https:\/\/www.ngdcare.nl\/es\/wp-json\/wp\/v2\/product_cat?post=6893"},{"taxonomy":"product_tag","embeddable":true,"href":"https:\/\/www.ngdcare.nl\/es\/wp-json\/wp\/v2\/product_tag?post=6893"},{"taxonomy":"merken","embeddable":true,"href":"https:\/\/www.ngdcare.nl\/es\/wp-json\/wp\/v2\/merken?post=6893"}],"curies":[{"name":"wp","href":"https:\/\/api.w.org\/{rel}","templated":true}]}}