{"id":6904,"date":"2025-06-19T22:51:27","date_gmt":"2025-06-19T20:51:27","guid":{"rendered":"https:\/\/www.ngdcare.nl\/product\/sin%20categor\u00eda\/cobre-coloidal\/"},"modified":"2025-10-07T13:23:41","modified_gmt":"2025-10-07T11:23:41","slug":"cobre-coloidal","status":"publish","type":"product","link":"https:\/\/www.ngdcare.nl\/es\/product\/veterinary-health\/coloidal-es\/cobre-coloidal\/","title":{"rendered":"Cobre coloidal"},"content":{"rendered":"<p style=\"font-weight: 400;\"><strong>NGD Care \u2013 Colloidal Copper<\/strong> es una soluci\u00f3n l\u00edquida de cobre puro en una concentraci\u00f3n de 5 PPM (partes por mill\u00f3n), disuelta en agua destilada. Contiene <g id=\"gid_1\">nanopart\u00edculas de cobre<\/g>, lo que garantiza una alta biodisponibilidad y una absorci\u00f3n espec\u00edfica en el cuerpo. El l\u00edquido es transparente y tiene un caracter\u00edstico color verde amarillento claro.  <\/p>\n<p style=\"font-weight: 400;\">El cobre es un oligoelemento esencial que participa en numerosos procesos corporales, como <strong>la construcci\u00f3n del tejido conectivo, la pigmentaci\u00f3n, la cicatrizaci\u00f3n de heridas y el sistema inmunol\u00f3gico<\/strong>. El cobre coloidal es adecuado para <strong>uso interno y externo<\/strong> en animales y humanos. <\/p>\n<p style=\"font-weight: 400;\">Debido a su poderosa acci\u00f3n, este producto no es adecuado para uso preventivo o a largo plazo, y no debe combinarse con otras fuentes de cobre. Es especialmente \u00fatil en carencias temporales o situaciones agudas en las que el hogar de cobre requiere un apoyo adicional. <\/p>\n<p style=\"font-weight: 400;\">Al igual que con cualquier preparaci\u00f3n de cobre, <strong>se debe tener precauci\u00f3n<\/strong> en animales con problemas hep\u00e1ticos, en animales peque\u00f1os o en el caso de administraci\u00f3n a largo plazo. La dosis correcta es esencial para evitar la sobrecarga. <\/p>\n","protected":false},"excerpt":{"rendered":"<p style=\"font-weight: 400;\">Cobre coloidal (5 PPM) con nanopart\u00edculas puras en agua purificada. Apoya la piel, el tejido conectivo y el sistema inmunol\u00f3gico en humanos y animales. No apto para uso a largo plazo.  <\/p>\n","protected":false},"featured_media":4746,"comment_status":"open","ping_status":"closed","template":"","meta":{"wds_primary_product_brand":0,"wds_primary_product_cat":0,"wds_primary_merken":0},"product_brand":[],"product_cat":[1971,3393,2162],"product_tag":[3396,3394,3399,1929,3400,3397,3395,1927,3029,3398],"merken":[],"class_list":{"0":"post-6904","1":"product","2":"type-product","3":"status-publish","4":"has-post-thumbnail","6":"product_cat-antiinflamatorio","7":"product_cat-coloidal-es","8":"product_cat-vitalidad-general","9":"product_tag-cobre-es","10":"product_tag-coloidal-es","11":"product_tag-cuidado","12":"product_tag-gato","13":"product_tag-minerales","14":"product_tag-nano-cobre-es","15":"product_tag-ngd-care-coloidal-es","16":"product_tag-perro","17":"product_tag-piel","18":"product_tag-piel-es","19":"infinite-scroll-item","20":"sales-flash-overlay","21":"woocommerce-text-align-center","22":"woocommerce-image-align-center","23":"do-quantity-buttons","25":"first","26":"instock","27":"taxable","28":"shipping-taxable","29":"purchasable","30":"product-type-simple"},"_links":{"self":[{"href":"https:\/\/www.ngdcare.nl\/es\/wp-json\/wp\/v2\/product\/6904","targetHints":{"allow":["GET"]}}],"collection":[{"href":"https:\/\/www.ngdcare.nl\/es\/wp-json\/wp\/v2\/product"}],"about":[{"href":"https:\/\/www.ngdcare.nl\/es\/wp-json\/wp\/v2\/types\/product"}],"replies":[{"embeddable":true,"href":"https:\/\/www.ngdcare.nl\/es\/wp-json\/wp\/v2\/comments?post=6904"}],"wp:featuredmedia":[{"embeddable":true,"href":"https:\/\/www.ngdcare.nl\/es\/wp-json\/wp\/v2\/media\/4746"}],"wp:attachment":[{"href":"https:\/\/www.ngdcare.nl\/es\/wp-json\/wp\/v2\/media?parent=6904"}],"wp:term":[{"taxonomy":"product_brand","embeddable":true,"href":"https:\/\/www.ngdcare.nl\/es\/wp-json\/wp\/v2\/product_brand?post=6904"},{"taxonomy":"product_cat","embeddable":true,"href":"https:\/\/www.ngdcare.nl\/es\/wp-json\/wp\/v2\/product_cat?post=6904"},{"taxonomy":"product_tag","embeddable":true,"href":"https:\/\/www.ngdcare.nl\/es\/wp-json\/wp\/v2\/product_tag?post=6904"},{"taxonomy":"merken","embeddable":true,"href":"https:\/\/www.ngdcare.nl\/es\/wp-json\/wp\/v2\/merken?post=6904"}],"curies":[{"name":"wp","href":"https:\/\/api.w.org\/{rel}","templated":true}]}}