{"id":6906,"date":"2025-06-19T23:24:39","date_gmt":"2025-06-19T21:24:39","guid":{"rendered":"https:\/\/www.ngdcare.nl\/product\/sin%20categor\u00eda\/gotas-coloidales-de-plata-para-ojos-y-oidos-gotas-de-plata-coloidal\/"},"modified":"2026-03-29T14:23:07","modified_gmt":"2026-03-29T12:23:07","slug":"gotas-coloidales-de-plata-para-ojos-y-oidos-gotas-de-plata-coloidal","status":"publish","type":"product","link":"https:\/\/www.ngdcare.nl\/es\/product\/farmacia-natural-para-mascotas\/vitalidad-general\/gotas-coloidales-de-plata-para-ojos-y-oidos-gotas-de-plata-coloidal\/","title":{"rendered":"Gotas coloidales de plata para ojos y o\u00eddos \u2013 gotas de plata coloidal"},"content":{"rendered":"<p style=\"font-weight: 400;\"><strong>Las gotas para ojos y o\u00eddos de plata coloidal<\/strong> de NGD Care contienen plata coloidal pura en una concentraci\u00f3n de 10 PPM (partes por mill\u00f3n), disuelta en agua destilada purificada. Gracias al uso de <strong>part\u00edculas de nanoplata<\/strong>, este l\u00edquido es especialmente adecuado para zonas sensibles como los ojos y los o\u00eddos. <\/p>\n<p style=\"font-weight: 400;\">Estas gotas est\u00e1n desarrolladas para <strong>uso externo<\/strong> y brindan un apoyo natural para los problemas oculares y de o\u00eddo tanto en animales como en humanos. Las part\u00edculas de plata coloidal tienen un efecto purificador y ayudan a mantener el microclima de la piel y las membranas mucosas sin irritantes. <\/p>\n<p style=\"font-weight: 400;\">El producto est\u00e1 100% libre de aditivos como alcohol, conservantes o fragancias. Esto hace que sea seguro usarlo con animales j\u00f3venes, pieles sensibles o cuando se usa alrededor de las membranas mucosas. <\/p>\n<p style=\"font-weight: 400;\">La pr\u00e1ctica pipeta facilita la dosificaci\u00f3n exacta, por ejemplo, unas gotas en el ojo o en el o\u00eddo, o en una mancha de la piel. La plata act\u00faa local y suavemente, sin efectos secundarios o interacciones conocidas. <\/p>\n","protected":false},"excerpt":{"rendered":"<p style=\"font-weight: 400;\">Gotas coloidales con nanoplata (10 PPM) en agua purificada. Ideal para el apoyo local en el cuidado de los ojos y los o\u00eddos en animales y humanos. Uso externo.  <\/p>\n","protected":false},"featured_media":17414,"comment_status":"open","ping_status":"closed","template":"","meta":[],"product_brand":[],"product_cat":[1971,3393,2162],"product_tag":[3394,3413,3414,1929,3409,3407,3395,1927,3411,3412],"merken":[],"class_list":{"0":"post-6906","1":"product","2":"type-product","3":"status-publish","4":"has-post-thumbnail","6":"product_cat-antiinflamatorio","7":"product_cat-coloidal-es","8":"product_cat-vitalidad-general","9":"product_tag-coloidal-es","10":"product_tag-cuidado-de-los-ojos","11":"product_tag-cuidado-del-oido","12":"product_tag-gato","13":"product_tag-infeccion","14":"product_tag-nano-plata","15":"product_tag-ngd-care-coloidal-es","16":"product_tag-perro","17":"product_tag-plata-coloidal","18":"product_tag-uso-externo","19":"infinite-scroll-item","20":"sales-flash-overlay","21":"woocommerce-text-align-center","22":"woocommerce-image-align-center","23":"do-quantity-buttons","25":"first","26":"instock","27":"taxable","28":"shipping-taxable","29":"purchasable","30":"product-type-simple"},"_links":{"self":[{"href":"https:\/\/www.ngdcare.nl\/es\/wp-json\/wp\/v2\/product\/6906","targetHints":{"allow":["GET"]}}],"collection":[{"href":"https:\/\/www.ngdcare.nl\/es\/wp-json\/wp\/v2\/product"}],"about":[{"href":"https:\/\/www.ngdcare.nl\/es\/wp-json\/wp\/v2\/types\/product"}],"replies":[{"embeddable":true,"href":"https:\/\/www.ngdcare.nl\/es\/wp-json\/wp\/v2\/comments?post=6906"}],"wp:featuredmedia":[{"embeddable":true,"href":"https:\/\/www.ngdcare.nl\/es\/wp-json\/wp\/v2\/media\/17414"}],"wp:attachment":[{"href":"https:\/\/www.ngdcare.nl\/es\/wp-json\/wp\/v2\/media?parent=6906"}],"wp:term":[{"taxonomy":"product_brand","embeddable":true,"href":"https:\/\/www.ngdcare.nl\/es\/wp-json\/wp\/v2\/product_brand?post=6906"},{"taxonomy":"product_cat","embeddable":true,"href":"https:\/\/www.ngdcare.nl\/es\/wp-json\/wp\/v2\/product_cat?post=6906"},{"taxonomy":"product_tag","embeddable":true,"href":"https:\/\/www.ngdcare.nl\/es\/wp-json\/wp\/v2\/product_tag?post=6906"},{"taxonomy":"merken","embeddable":true,"href":"https:\/\/www.ngdcare.nl\/es\/wp-json\/wp\/v2\/merken?post=6906"}],"curies":[{"name":"wp","href":"https:\/\/api.w.org\/{rel}","templated":true}]}}