{"id":6911,"date":"2025-06-19T23:13:19","date_gmt":"2025-06-19T21:13:19","guid":{"rendered":"https:\/\/www.ngdcare.nl\/product\/sin%20categor\u00eda\/spray-de-plata-zinc-coloidal-spray-de-zinc-de-plata-coloidal\/"},"modified":"2026-03-29T14:27:57","modified_gmt":"2026-03-29T12:27:57","slug":"spray-de-plata-zinc-coloidal-spray-de-zinc-de-plata-coloidal","status":"publish","type":"product","link":"https:\/\/www.ngdcare.nl\/es\/product\/veterinary-health\/coloidal-es\/spray-de-plata-zinc-coloidal-spray-de-zinc-de-plata-coloidal\/","title":{"rendered":"Spray de plata-zinc coloidal \u2013 spray de zinc de plata coloidal"},"content":{"rendered":"<p style=\"font-weight: 400;\">El <strong>spray de plata coloidal y zinc<\/strong> de NGD Care combina dos poderosos elementos en su forma m\u00e1s pura: plata coloidal (10 PPM) y zinc coloidal (15 PPM), disueltos en agua destilada purificada. Mediante el uso <strong>de nanopart\u00edculas<\/strong> , la plata y el zinc se distribuyen mejor y se absorben de manera \u00f3ptima en la superficie de la piel, donde pueden ejercer su efecto natural de limpieza y reparaci\u00f3n de la piel. <\/p>\n<p style=\"font-weight: 400;\">Tanto la plata coloidal como el zinc coloidal son conocidos por su amplia gama de aplicaciones para <strong>problemas de la piel<\/strong>, como enrojecimiento, irritaci\u00f3n, picaz\u00f3n o heridas menores. Este spray est\u00e1 dise\u00f1ado para <strong>uso externo<\/strong> tanto en animales como en humanos y no contiene alcohol, fragancias, conservantes ni aditivos sint\u00e9ticos. <\/p>\n<p style=\"font-weight: 400;\">Gracias a la pr\u00e1ctica botella de spray, el producto es f\u00e1cil de aplicar en superficies de piel m\u00e1s grandes o lugares de dif\u00edcil acceso. Una adici\u00f3n segura, suave y efectiva a cualquier rutina natural de cuidado de la piel. <\/p>\n","protected":false},"excerpt":{"rendered":"<p class=\"p1\">Pulverizaci\u00f3n coloidal con nanoplata (10 PPM) y nanozinc (15 PPM) en agua purificada. Apoya la recuperaci\u00f3n natural de la piel en animales y humanos.  Apto para uso externo<\/p>\n","protected":false},"featured_media":17424,"comment_status":"open","ping_status":"closed","template":"","meta":{"wds_primary_product_brand":0,"wds_primary_product_cat":0,"wds_primary_merken":0},"product_brand":[],"product_cat":[1971,3393,2162],"product_tag":[3394,3455,3449,1929,3409,3450,3407,3453,3395,1927,3451,3448,3044,3454,3452],"merken":[],"class_list":{"0":"post-6911","1":"product","2":"type-product","3":"status-publish","4":"has-post-thumbnail","6":"product_cat-antiinflamatorio","7":"product_cat-coloidal-es","8":"product_cat-vitalidad-general","9":"product_tag-coloidal-es","10":"product_tag-cuidado-de-heridas","11":"product_tag-eccema","12":"product_tag-gato","13":"product_tag-infeccion","14":"product_tag-irritacion-de-la-piel","15":"product_tag-nano-plata","16":"product_tag-nano-zinc-es","17":"product_tag-ngd-care-coloidal-es","18":"product_tag-perro","19":"product_tag-plata","20":"product_tag-punto-caliente","21":"product_tag-reparacion-de-la-piel","22":"product_tag-rociar","23":"product_tag-zinc-es","24":"infinite-scroll-item","25":"sales-flash-overlay","26":"woocommerce-text-align-center","27":"woocommerce-image-align-center","28":"do-quantity-buttons","30":"first","31":"instock","32":"taxable","33":"shipping-taxable","34":"purchasable","35":"product-type-simple"},"_links":{"self":[{"href":"https:\/\/www.ngdcare.nl\/es\/wp-json\/wp\/v2\/product\/6911","targetHints":{"allow":["GET"]}}],"collection":[{"href":"https:\/\/www.ngdcare.nl\/es\/wp-json\/wp\/v2\/product"}],"about":[{"href":"https:\/\/www.ngdcare.nl\/es\/wp-json\/wp\/v2\/types\/product"}],"replies":[{"embeddable":true,"href":"https:\/\/www.ngdcare.nl\/es\/wp-json\/wp\/v2\/comments?post=6911"}],"wp:featuredmedia":[{"embeddable":true,"href":"https:\/\/www.ngdcare.nl\/es\/wp-json\/wp\/v2\/media\/17424"}],"wp:attachment":[{"href":"https:\/\/www.ngdcare.nl\/es\/wp-json\/wp\/v2\/media?parent=6911"}],"wp:term":[{"taxonomy":"product_brand","embeddable":true,"href":"https:\/\/www.ngdcare.nl\/es\/wp-json\/wp\/v2\/product_brand?post=6911"},{"taxonomy":"product_cat","embeddable":true,"href":"https:\/\/www.ngdcare.nl\/es\/wp-json\/wp\/v2\/product_cat?post=6911"},{"taxonomy":"product_tag","embeddable":true,"href":"https:\/\/www.ngdcare.nl\/es\/wp-json\/wp\/v2\/product_tag?post=6911"},{"taxonomy":"merken","embeddable":true,"href":"https:\/\/www.ngdcare.nl\/es\/wp-json\/wp\/v2\/merken?post=6911"}],"curies":[{"name":"wp","href":"https:\/\/api.w.org\/{rel}","templated":true}]}}