{"id":6961,"date":"2025-09-27T23:03:29","date_gmt":"2025-09-27T21:03:29","guid":{"rendered":"https:\/\/www.ngdcare.nl\/product\/sin%20categor\u00eda\/esencia-de-alineacion-interior-chakra-1-4-y-7\/"},"modified":"2026-01-01T15:15:45","modified_gmt":"2026-01-01T14:15:45","slug":"esencia-de-alineacion-interior-chakra-1-4-y-7","status":"publish","type":"product","link":"https:\/\/www.ngdcare.nl\/es\/product\/remedios-florales\/esencia-de-alineacion-interior-chakra-1-4-y-7\/","title":{"rendered":"Esencia de Alineaci\u00f3n Interior \u2013 Chakra 1, 4 y 7"},"content":{"rendered":"<p><strong>La Alineaci\u00f3n Interior<\/strong> es una esencia floral cuidadosamente seleccionada basada en los chakras 1, 4 y 7, el eje de la encarnaci\u00f3n, el amor y la conciencia. Esta f\u00f3rmula ayuda a: <\/p>\n<ul>\n<li>Aterriza m\u00e1s profundamente en tu cuerpo (chakra 1),<\/li>\n<li>Abrir el coraz\u00f3n a la conexi\u00f3n amorosa (chakra 4),<\/li>\n<li>Y para conectar con tu yo superior y la intuici\u00f3n (chakra 7).<\/li>\n<\/ul>\n<p>Esta combinaci\u00f3n est\u00e1 especialmente indicada para <strong>personas o animales muy sensibles<\/strong> que sufren sentimientos de inseguridad, luto, soledad, sobreestimulaci\u00f3n o desequilibrio espiritual.<\/p>\n<p>La mezcla contiene 12 flores cuidadosamente seleccionadas de la gama Star Remedies. Trabajan juntos a nivel f\u00edsico, emocional, mental y espiritual para restaurar la trinidad interior. <\/p>\n<p><strong>Indicaciones:<\/strong><\/p>\n<ul>\n<li>Sobrevivir en lugar de vivir<\/li>\n<li>No poder \u00abaterrizar\u00bb correctamente en su cuerpo<\/li>\n<li>Sentimientos de soledad, duelo o alienaci\u00f3n<\/li>\n<li>Dificultad con el amor propio o alineaci\u00f3n con la intuici\u00f3n superior<\/li>\n<li>Sobreestimulaci\u00f3n o vulnerabilidad energ\u00e9tica<\/li>\n<\/ul>\n<p><strong>Ingredientes<\/strong>:<\/p>\n<ul>\n<li><strong>Flor de mascarilla<\/strong>: para liberar mecanismos de protecci\u00f3n y conexi\u00f3n a tierra profunda<\/li>\n<li><strong>Borraja<\/strong>: da coraje, consuelo y dulzura<\/li>\n<li><strong>Nen\u00fafar<\/strong>: conecta el cuerpo et\u00e9rico con el f\u00edsico<\/li>\n<li><strong>Siempreviva<\/strong>: trabaja k\u00e1rmicamente y fortalece la conexi\u00f3n a tierra del alma<\/li>\n<li><strong>Equilibrio<\/strong>: armoniza el sentimiento, el pensamiento y la acci\u00f3n.<\/li>\n<li><strong>Day Cuckoo Flower<\/strong>: coraje para mostrarse con el coraz\u00f3n abierto<\/li>\n<li><strong>Reina de las costas<\/strong> \u2013 abre el coraz\u00f3n y la corona del amor<\/li>\n<li><strong>Estrella de Bel\u00e9n<\/strong>: cura traumas profundos y restaura la l\u00ednea del alma<\/li>\n<li><strong>Knotweed<\/strong> \u2013 fortalece el cosmos energ\u00e9tico de la tierra \u2194<\/li>\n<li><strong>Flor de mayo amarilla<\/strong>: abre la corona de forma suave y limpia<\/li>\n<li><strong>3-Unidad<\/strong>: conecta cuerpo, alma y esp\u00edritu en alineaci\u00f3n<\/li>\n<li><strong>Herb Don&#8217;t Stir Me<\/strong> \u2013 ofrece protecci\u00f3n energ\u00e9tica en caso de sobreestimulaci\u00f3n<\/li>\n<\/ul>\n","protected":false},"excerpt":{"rendered":"<p><span style=\"color: black;\">Esta poderosa esencia floral conecta los chakras de la ra\u00edz, el coraz\u00f3n y la corona. Apoya la encarnaci\u00f3n, la paz interior y la sinton\u00eda espiritual. Para personas y animales sensibles que buscan seguridad, conexi\u00f3n y significado.  <\/span><\/p>\n","protected":false},"featured_media":12068,"comment_status":"open","ping_status":"closed","template":"","meta":[],"product_brand":[],"product_cat":[3299],"product_tag":[3537,3545,3543,3535,3544,3541,3301,3303,3540,3542],"merken":[],"class_list":{"0":"post-6961","1":"product","2":"type-product","3":"status-publish","4":"has-post-thumbnail","6":"product_cat-remedios-florales","7":"product_tag-alineacion-interna","8":"product_tag-alta-sensibilidad","9":"product_tag-apertura-del-corazon","10":"product_tag-chakra-1-4-7-es","11":"product_tag-chakra-de-la-corona","12":"product_tag-conexion-espiritual","13":"product_tag-esencia-floral","14":"product_tag-ngd-care-blossoms-es","15":"product_tag-remedios-estrella","16":"product_tag-tierra","17":"infinite-scroll-item","18":"sales-flash-overlay","19":"woocommerce-text-align-center","20":"woocommerce-image-align-center","21":"do-quantity-buttons","23":"first","24":"instock","25":"taxable","26":"shipping-taxable","27":"purchasable","28":"product-type-simple"},"_links":{"self":[{"href":"https:\/\/www.ngdcare.nl\/es\/wp-json\/wp\/v2\/product\/6961","targetHints":{"allow":["GET"]}}],"collection":[{"href":"https:\/\/www.ngdcare.nl\/es\/wp-json\/wp\/v2\/product"}],"about":[{"href":"https:\/\/www.ngdcare.nl\/es\/wp-json\/wp\/v2\/types\/product"}],"replies":[{"embeddable":true,"href":"https:\/\/www.ngdcare.nl\/es\/wp-json\/wp\/v2\/comments?post=6961"}],"wp:featuredmedia":[{"embeddable":true,"href":"https:\/\/www.ngdcare.nl\/es\/wp-json\/wp\/v2\/media\/12068"}],"wp:attachment":[{"href":"https:\/\/www.ngdcare.nl\/es\/wp-json\/wp\/v2\/media?parent=6961"}],"wp:term":[{"taxonomy":"product_brand","embeddable":true,"href":"https:\/\/www.ngdcare.nl\/es\/wp-json\/wp\/v2\/product_brand?post=6961"},{"taxonomy":"product_cat","embeddable":true,"href":"https:\/\/www.ngdcare.nl\/es\/wp-json\/wp\/v2\/product_cat?post=6961"},{"taxonomy":"product_tag","embeddable":true,"href":"https:\/\/www.ngdcare.nl\/es\/wp-json\/wp\/v2\/product_tag?post=6961"},{"taxonomy":"merken","embeddable":true,"href":"https:\/\/www.ngdcare.nl\/es\/wp-json\/wp\/v2\/merken?post=6961"}],"curies":[{"name":"wp","href":"https:\/\/api.w.org\/{rel}","templated":true}]}}