{"id":6965,"date":"2025-09-15T21:16:52","date_gmt":"2025-09-15T19:16:52","guid":{"rendered":"https:\/\/www.ngdcare.nl\/product\/sin%20categor\u00eda\/gotas-para-los-oidos-de-ozono-y-jojoba-gotas-para-los-oidos\/"},"modified":"2026-03-29T14:17:34","modified_gmt":"2026-03-29T12:17:34","slug":"gotas-para-los-oidos-de-ozono-y-jojoba-gotas-para-los-oidos","status":"publish","type":"product","link":"https:\/\/www.ngdcare.nl\/es\/product\/veterinary-health\/ozono-es\/gotas-para-los-oidos-de-ozono-y-jojoba-gotas-para-los-oidos\/","title":{"rendered":"Gotas para los o\u00eddos de ozono y jojoba \u2013 Gotas para los o\u00eddos"},"content":{"rendered":"<p data-start=\"5243\" data-end=\"5799\">Gotas para los o\u00eddos de <strong data-start=\"5317\" data-end=\"5330\">jojoba \u2013 Las gotas para los o\u00eddos<\/strong> son <strong data-start=\"5336\" data-end=\"5379\">gotas suaves y ligeramente ozonizadas<\/strong> a base de <strong data-start=\"5393\" data-end=\"5408\">aceite de jojoba<\/strong>. La <strong data-start=\"5413\" data-end=\"5433\">baja viscosidad <\/strong>asegura que las gotas se sientan <strong data-start=\"5456\" data-end=\"5471\">c\u00f3modas<\/strong> y <strong data-start=\"5485\" data-end=\"5512\">permanezcan en su lugar un poco m\u00e1s<\/strong> tiempo que las soluciones acuosas. La composici\u00f3n <strong data-start=\"5550\" data-end=\"5565\">sin fragancia<\/strong> est\u00e1 pensada para <strong data-start=\"5596\" data-end=\"5624\">el cuidado externo del o\u00eddo<\/strong> (pavill\u00f3n y conducto auditivo externo). Este aceite de jojoba se ozoniza durante un periodo de tiempo m\u00e1s corto en comparaci\u00f3n con el b\u00e1lsamo de jojoba. Esto mantiene el aceite l\u00edquido y f\u00e1cil de insertar en el o\u00eddo y masajear.   <\/p>\n<p data-start=\"5801\" data-end=\"5851\"><strong data-start=\"5801\" data-end=\"5849\">Las \u00e1reas de aplicaci\u00f3n <\/strong>son el cuidado diario del o\u00eddo externo y el canal auditivo externo. El aceite de jojoba ozonizado penetra bien a trav\u00e9s de la biopel\u00edcula pat\u00f3gena del o\u00eddo en caso de demasiada producci\u00f3n de cerumen, pero tambi\u00e9n en apoyo de infecciones de o\u00eddo (otitis externa) debido al crecimiento excesivo de bacterias o levaduras. <\/p>\n<p data-start=\"6316\" data-end=\"6433\">\n","protected":false},"excerpt":{"rendered":"<p>Gotas para los o\u00eddos de ozono y jojoba <strong data-start=\"5317\" data-end=\"5330\">: las gotas para los o\u00eddos<\/strong> son <strong data-start=\"5336\" data-end=\"5379\">gotas para los o\u00eddos suaves y ligeramente ozonizadas<\/strong> a base de <strong data-start=\"5393\" data-end=\"5408\">aceite de jojoba.<\/strong><\/p>\n","protected":false},"featured_media":17395,"comment_status":"open","ping_status":"closed","template":"","meta":{"wds_primary_product_brand":0,"wds_primary_product_cat":0,"wds_primary_merken":0},"product_brand":[],"product_cat":[3555,3557],"product_tag":[3563,3561,3565,3560,3558],"merken":[],"class_list":{"0":"post-6965","1":"product","2":"type-product","3":"status-publish","4":"has-post-thumbnail","6":"product_cat-orejas","7":"product_cat-ozono-es","8":"product_tag-cuidado-de-las-orejas-de-gato","9":"product_tag-cuidado-de-los-oidos-de-los-perros","10":"product_tag-gotas-para-los-oidos","11":"product_tag-jojoba-ozonizada","12":"product_tag-sin-fragancia","13":"infinite-scroll-item","14":"sales-flash-overlay","15":"woocommerce-text-align-center","16":"woocommerce-image-align-center","17":"do-quantity-buttons","19":"first","20":"instock","21":"taxable","22":"shipping-taxable","23":"purchasable","24":"product-type-simple"},"_links":{"self":[{"href":"https:\/\/www.ngdcare.nl\/es\/wp-json\/wp\/v2\/product\/6965","targetHints":{"allow":["GET"]}}],"collection":[{"href":"https:\/\/www.ngdcare.nl\/es\/wp-json\/wp\/v2\/product"}],"about":[{"href":"https:\/\/www.ngdcare.nl\/es\/wp-json\/wp\/v2\/types\/product"}],"replies":[{"embeddable":true,"href":"https:\/\/www.ngdcare.nl\/es\/wp-json\/wp\/v2\/comments?post=6965"}],"wp:featuredmedia":[{"embeddable":true,"href":"https:\/\/www.ngdcare.nl\/es\/wp-json\/wp\/v2\/media\/17395"}],"wp:attachment":[{"href":"https:\/\/www.ngdcare.nl\/es\/wp-json\/wp\/v2\/media?parent=6965"}],"wp:term":[{"taxonomy":"product_brand","embeddable":true,"href":"https:\/\/www.ngdcare.nl\/es\/wp-json\/wp\/v2\/product_brand?post=6965"},{"taxonomy":"product_cat","embeddable":true,"href":"https:\/\/www.ngdcare.nl\/es\/wp-json\/wp\/v2\/product_cat?post=6965"},{"taxonomy":"product_tag","embeddable":true,"href":"https:\/\/www.ngdcare.nl\/es\/wp-json\/wp\/v2\/product_tag?post=6965"},{"taxonomy":"merken","embeddable":true,"href":"https:\/\/www.ngdcare.nl\/es\/wp-json\/wp\/v2\/merken?post=6965"}],"curies":[{"name":"wp","href":"https:\/\/api.w.org\/{rel}","templated":true}]}}