{"id":6977,"date":"2025-09-27T23:00:00","date_gmt":"2025-09-27T21:00:00","guid":{"rendered":"https:\/\/www.ngdcare.nl\/product\/sin%20categor\u00eda\/esencia-de-expresion-chakra-2-y-5\/"},"modified":"2026-03-29T14:34:19","modified_gmt":"2026-03-29T12:34:19","slug":"esencia-de-expresion-chakra-2-y-5","status":"publish","type":"product","link":"https:\/\/www.ngdcare.nl\/es\/product\/remedios-florales\/esencia-de-expresion-chakra-2-y-5\/","title":{"rendered":"Esencia de expresi\u00f3n \u2013 Chakra 2 y 5"},"content":{"rendered":"<p style=\"font-weight: 400;\">Esta esencia floral cuidadosamente compuesta <strong>Expresi\u00f3n \u2013 Chakra 2 &amp; 5<\/strong> apoya la conexi\u00f3n entre el segundo chakra (sagrado) y el quinto chakra (garganta). Te ayuda a conectarte con tu flujo interior, tu energ\u00eda vital creativa y tu capacidad para expresarte desde la suavidad y la verdad. <\/p>\n<p style=\"font-weight: 400;\" data-start=\"1135\" data-end=\"1379\">Muchas personas -y animales- experimentan bloqueos en este eje: dificultad para expresar sentimientos, estancamiento creativo, miedo a mostrarse o sensibilidad emocional excesiva. Esta esencia floral aporta calma, protecci\u00f3n y espacio. <\/p>\n<p style=\"font-weight: 400;\" data-start=\"1381\" data-end=\"1399\"><strong data-start=\"1381\" data-end=\"1397\">Aplicaciones<\/strong><\/p>\n<ul>\n<li data-start=\"1402\" data-end=\"1460\">En caso de bloqueos emocionales (por ejemplo, tristeza, verg\u00fcenza, culpa)<\/li>\n<li data-start=\"1463\" data-end=\"1503\">Dificultad para expresarse o comunicarse<\/li>\n<li data-start=\"1506\" data-end=\"1563\">Problemas en torno a la creatividad, la sensualidad o la intimidad<\/li>\n<li data-start=\"1566\" data-end=\"1619\">Alta sensibilidad o sobreestimulaci\u00f3n del \u00e1rea de la garganta<\/li>\n<li data-start=\"1622\" data-end=\"1679\">Apoyar el desequilibrio hormonal o los trastornos de garganta<\/li>\n<\/ul>\n<p style=\"font-weight: 400;\" data-start=\"1681\" data-end=\"1725\"><strong data-start=\"1681\" data-end=\"1723\">Composici\u00f3n<\/strong><\/p>\n<ul>\n<li data-start=\"1728\" data-end=\"1787\"><strong data-start=\"1728\" data-end=\"1741\">Perd\u00f3n<\/strong>: flor central para dejar ir, abre el coraz\u00f3n<\/li>\n<li data-start=\"1790\" data-end=\"1853\"><strong data-start=\"1790\" data-end=\"1806\">Perejil de vaca<\/strong>: para el juego, la creatividad y la ligereza<\/li>\n<li data-start=\"1856\" data-end=\"1916\"><strong data-start=\"1856\" data-end=\"1872\">Cactus coral<\/strong>: flujo femenino suave, sensualidad<\/li>\n<li data-start=\"1919\" data-end=\"1971\"><strong data-start=\"1919\" data-end=\"1939\">Flor de cuco de d\u00eda<\/strong>: atr\u00e9vete a ser t\u00fa mismo y expresarte<\/li>\n<li data-start=\"1974\" data-end=\"2036\"><strong data-start=\"1974\" data-end=\"1995\">Estrella de Bel\u00e9n<\/strong>: curaci\u00f3n de traumas emocionales profundos<\/li>\n<li data-start=\"2039\" data-end=\"2092\"><strong data-start=\"2039\" data-end=\"2059\">Almendra india<\/strong> \u2013 protecci\u00f3n en caso de sensibilidad<\/li>\n<li data-start=\"2095\" data-end=\"2161\"><strong data-start=\"2095\" data-end=\"2112\">Amor y esperanza<\/strong>: suavizaci\u00f3n emocional y ropa de cama interior<\/li>\n<li data-start=\"2164\" data-end=\"2211\"><strong data-start=\"2164\" data-end=\"2172\">Rosa:<\/strong> energ\u00eda de coraz\u00f3n suave en la comunicaci\u00f3n<\/li>\n<li data-start=\"2214\" data-end=\"2269\"><strong data-start=\"2214\" data-end=\"2227\">3-Unidad<\/strong> \u2013 alineaci\u00f3n de cuerpo, alma y esp\u00edritu<\/li>\n<li data-start=\"2272\" data-end=\"2338\"><strong data-start=\"2272\" data-end=\"2289\">Arbusto de mariposas<\/strong> \u2013 Transformaci\u00f3n y confianza en la expresi\u00f3n<\/li>\n<li data-start=\"2341\" data-end=\"2403\"><strong data-start=\"2341\" data-end=\"2353\">Turquesa<\/strong>: fortalece la conexi\u00f3n entre el sentimiento y la expresi\u00f3n<\/li>\n<\/ul>\n<p style=\"font-weight: 400;\" data-start=\"2405\" data-end=\"2585\">Usa esta esencia en las fases de transici\u00f3n, como apoyo en los procesos creativos o relacionales, o cuando hablar y sentir puedan (re)alinearse con lo que realmente eres.<\/p>\n","protected":false},"excerpt":{"rendered":"<div>\n<p>Esencia floral para el flujo emocional y la autoexpresi\u00f3n. La expresi\u00f3n ayuda a abrir el segundo y quinto chakras, apoya los bloqueos en el campo de la creatividad, la sensualidad, la verdad y la comunicaci\u00f3n. <\/p>\n<\/div>\n","protected":false},"featured_media":17444,"comment_status":"open","ping_status":"closed","template":"","meta":{"wds_primary_product_brand":0,"wds_primary_product_cat":0,"wds_primary_merken":0},"product_brand":[],"product_cat":[3299],"product_tag":[3545,3645,3643,3640,3641,3642,3301,3303,3304,3644],"merken":[],"class_list":{"0":"post-6977","1":"product","2":"type-product","3":"status-publish","4":"has-post-thumbnail","6":"product_cat-remedios-florales","7":"product_tag-alta-sensibilidad","8":"product_tag-animales-sensibles","9":"product_tag-autoexpresion","10":"product_tag-chakra-2-es","11":"product_tag-chakra-5-es","12":"product_tag-creatividad","13":"product_tag-esencia-floral","14":"product_tag-ngd-care-blossoms-es","15":"product_tag-proteccion-energetica","16":"product_tag-sanacion-emocional","17":"infinite-scroll-item","18":"sales-flash-overlay","19":"woocommerce-text-align-center","20":"woocommerce-image-align-center","21":"do-quantity-buttons","23":"first","24":"instock","25":"taxable","26":"shipping-taxable","27":"purchasable","28":"product-type-simple"},"_links":{"self":[{"href":"https:\/\/www.ngdcare.nl\/es\/wp-json\/wp\/v2\/product\/6977","targetHints":{"allow":["GET"]}}],"collection":[{"href":"https:\/\/www.ngdcare.nl\/es\/wp-json\/wp\/v2\/product"}],"about":[{"href":"https:\/\/www.ngdcare.nl\/es\/wp-json\/wp\/v2\/types\/product"}],"replies":[{"embeddable":true,"href":"https:\/\/www.ngdcare.nl\/es\/wp-json\/wp\/v2\/comments?post=6977"}],"wp:featuredmedia":[{"embeddable":true,"href":"https:\/\/www.ngdcare.nl\/es\/wp-json\/wp\/v2\/media\/17444"}],"wp:attachment":[{"href":"https:\/\/www.ngdcare.nl\/es\/wp-json\/wp\/v2\/media?parent=6977"}],"wp:term":[{"taxonomy":"product_brand","embeddable":true,"href":"https:\/\/www.ngdcare.nl\/es\/wp-json\/wp\/v2\/product_brand?post=6977"},{"taxonomy":"product_cat","embeddable":true,"href":"https:\/\/www.ngdcare.nl\/es\/wp-json\/wp\/v2\/product_cat?post=6977"},{"taxonomy":"product_tag","embeddable":true,"href":"https:\/\/www.ngdcare.nl\/es\/wp-json\/wp\/v2\/product_tag?post=6977"},{"taxonomy":"merken","embeddable":true,"href":"https:\/\/www.ngdcare.nl\/es\/wp-json\/wp\/v2\/merken?post=6977"}],"curies":[{"name":"wp","href":"https:\/\/api.w.org\/{rel}","templated":true}]}}