{"id":6983,"date":"2025-09-27T23:05:20","date_gmt":"2025-09-27T21:05:20","guid":{"rendered":"https:\/\/www.ngdcare.nl\/product\/sin%20categor\u00eda\/esencia-de-la-intuicion-chakra-3-y-6\/"},"modified":"2026-03-29T14:29:59","modified_gmt":"2026-03-29T12:29:59","slug":"esencia-de-la-intuicion-chakra-3-y-6","status":"publish","type":"product","link":"https:\/\/www.ngdcare.nl\/es\/product\/veterinary-health\/remedios-florales\/esencia-de-la-intuicion-chakra-3-y-6\/","title":{"rendered":"Esencia de la Intuici\u00f3n \u2013 Chakra 3 y 6"},"content":{"rendered":"<p style=\"font-weight: 400;\" data-start=\"379\" data-end=\"758\">La esencia floral <strong>Gut Feeling<\/strong> es una combinaci\u00f3n cuidadosamente compuesta de flores que conecta el 3er chakra (poder personal) y el 6\u00ba chakra (intuici\u00f3n y perspicacia). Esta combinaci\u00f3n est\u00e1 destinada a personas y animales que tienen dificultades para tomar decisiones, carecen de confianza en s\u00ed mismos o est\u00e1n demasiado \u00aben la cabeza\u00bb. <\/p>\n<p style=\"font-weight: 400;\" data-start=\"760\" data-end=\"1108\">Mientras que el tercer chakra tiene que ver con la decisi\u00f3n, la voluntad y la direcci\u00f3n, el sexto chakra representa la percepci\u00f3n intuitiva y el conocimiento interno. Si estos centros no est\u00e1n en equilibrio, a menudo surge confusi\u00f3n, indecisi\u00f3n o control excesivo. Esta flor ayuda a armonizar el pensamiento, el sentimiento y el hacer, desde una br\u00fajula interior pura.  <\/p>\n<p style=\"font-weight: 400;\" data-start=\"1110\" data-end=\"1251\"><strong>Aplicaci\u00f3n<\/strong>:<\/p>\n<p style=\"font-weight: 400;\" data-start=\"1110\" data-end=\"1251\">con estr\u00e9s, preocupaci\u00f3n, miedo al fracaso, bloqueos en la toma de decisiones, falta de confianza en la intuici\u00f3n, sobreestimulaci\u00f3n o agotamiento.<\/p>\n<p style=\"font-weight: 400;\" data-start=\"1110\" data-end=\"1251\"><strong data-start=\"1311\" data-end=\"1359\">Contiene las siguientes flores:<\/strong><\/p>\n<ul>\n<li data-start=\"1364\" data-end=\"1410\"><strong data-start=\"1364\" data-end=\"1377\">Plomada<\/strong>: acci\u00f3n y direcci\u00f3n intuitivas<\/li>\n<li data-start=\"1413\" data-end=\"1458\"><strong data-start=\"1413\" data-end=\"1429\">Perejil de vaca<\/strong>: autoexpresi\u00f3n relajada<\/li>\n<li data-start=\"1461\" data-end=\"1533\"><strong data-start=\"1461\" data-end=\"1478\">Arbusto de mariposas<\/strong>: fuerza interior, liber\u00e1ndose de viejas creencias<\/li>\n<li data-start=\"1536\" data-end=\"1589\"><strong data-start=\"1536\" data-end=\"1551\">Manzana silvestre<\/strong>: limpieza de la autoimagen limitante<\/li>\n<li data-start=\"1592\" data-end=\"1654\"><strong data-start=\"1592\" data-end=\"1613\">Estrella de Bel\u00e9n<\/strong>: recuperaci\u00f3n despu\u00e9s de un shock, trauma o agotamiento<\/li>\n<li><strong>Cal\u00e9ndula de pantano<\/strong> \u2013 activaci\u00f3n del tercer ojo<\/li>\n<li data-start=\"1707\" data-end=\"1757\"><strong data-start=\"1707\" data-end=\"1719\">El ni\u00f1o<\/strong>: confianza en los impulsos intuitivos<\/li>\n<li data-start=\"1760\" data-end=\"1808\"><strong data-start=\"1760\" data-end=\"1770\">Ismene<\/strong>: sensibilidad, conocimiento interior<\/li>\n<li data-start=\"1811\" data-end=\"1858\"><strong data-start=\"1811\" data-end=\"1824\">Hortensia<\/strong>: equilibrio entre la cabeza y la sensaci\u00f3n<\/li>\n<li data-start=\"1861\" data-end=\"1919\"><strong data-start=\"1861\" data-end=\"1875\">Siempreviva<\/strong> \u2013 memoria del alma, profundizaci\u00f3n espiritual<\/li>\n<li data-start=\"1922\" data-end=\"1971\"><strong data-start=\"1922\" data-end=\"1932\">Equilibrio<\/strong>: armoniza la voluntad, el pensamiento y el sentimiento<\/li>\n<li data-start=\"1974\" data-end=\"2033\"><strong data-start=\"1974\" data-end=\"1998\">Spice Don&#8217;t stir me<\/strong> \u2013 protecci\u00f3n contra la sobreestimulaci\u00f3n<\/li>\n<\/ul>\n","protected":false},"excerpt":{"rendered":"<p>Combinaci\u00f3n de flores para fuerza interior e intuici\u00f3n clara. Ayuda con el estr\u00e9s de elecci\u00f3n, la duda, la p\u00e9rdida de control o el agobio. Apoya a los chakras 3 y 6 (plexo solar y tercer ojo) en su cooperaci\u00f3n.  <\/p>\n","protected":false},"featured_media":17434,"comment_status":"open","ping_status":"closed","template":"","meta":{"wds_primary_product_brand":0,"wds_primary_product_cat":0,"wds_primary_merken":0},"product_brand":[],"product_cat":[3299],"product_tag":[3691,3682,3683,2584,3687,3693,3689,3684,3540,3695,3686],"merken":[],"class_list":{"0":"post-6983","1":"product","2":"type-product","3":"status-publish","4":"has-post-thumbnail","6":"product_cat-remedios-florales","7":"product_tag-apoyo-espiritual","8":"product_tag-chakra-3-es","9":"product_tag-chakra-6-es","10":"product_tag-cuidado-ngd","11":"product_tag-esencia-floral-autoconfianza","12":"product_tag-fuerza-interior","13":"product_tag-intuicion-de-la-flor","14":"product_tag-luz-solar","15":"product_tag-remedios-estrella","16":"product_tag-sobreestimulacion","17":"product_tag-tercer-ojo","18":"infinite-scroll-item","19":"sales-flash-overlay","20":"woocommerce-text-align-center","21":"woocommerce-image-align-center","22":"do-quantity-buttons","24":"first","25":"instock","26":"taxable","27":"shipping-taxable","28":"purchasable","29":"product-type-simple"},"_links":{"self":[{"href":"https:\/\/www.ngdcare.nl\/es\/wp-json\/wp\/v2\/product\/6983","targetHints":{"allow":["GET"]}}],"collection":[{"href":"https:\/\/www.ngdcare.nl\/es\/wp-json\/wp\/v2\/product"}],"about":[{"href":"https:\/\/www.ngdcare.nl\/es\/wp-json\/wp\/v2\/types\/product"}],"replies":[{"embeddable":true,"href":"https:\/\/www.ngdcare.nl\/es\/wp-json\/wp\/v2\/comments?post=6983"}],"wp:featuredmedia":[{"embeddable":true,"href":"https:\/\/www.ngdcare.nl\/es\/wp-json\/wp\/v2\/media\/17434"}],"wp:attachment":[{"href":"https:\/\/www.ngdcare.nl\/es\/wp-json\/wp\/v2\/media?parent=6983"}],"wp:term":[{"taxonomy":"product_brand","embeddable":true,"href":"https:\/\/www.ngdcare.nl\/es\/wp-json\/wp\/v2\/product_brand?post=6983"},{"taxonomy":"product_cat","embeddable":true,"href":"https:\/\/www.ngdcare.nl\/es\/wp-json\/wp\/v2\/product_cat?post=6983"},{"taxonomy":"product_tag","embeddable":true,"href":"https:\/\/www.ngdcare.nl\/es\/wp-json\/wp\/v2\/product_tag?post=6983"},{"taxonomy":"merken","embeddable":true,"href":"https:\/\/www.ngdcare.nl\/es\/wp-json\/wp\/v2\/merken?post=6983"}],"curies":[{"name":"wp","href":"https:\/\/api.w.org\/{rel}","templated":true}]}}